{"id":3541,"date":"2022-09-25T19:03:45","date_gmt":"2022-09-25T17:03:45","guid":{"rendered":"https:\/\/shop.lamifix.ch\/?page_id=3541"},"modified":"2024-07-24T14:58:47","modified_gmt":"2024-07-24T12:58:47","slug":"katalog","status":"publish","type":"page","link":"https:\/\/shop.lamifix.ch\/fr\/katalog\/","title":{"rendered":"Katalog"},"content":{"rendered":"<p>[et_pb_section fb_built=\u00a0\u00bb1&Prime; custom_padding_last_edited=\u00a0\u00bbon|phone\u00a0\u00bb admin_label=\u00a0\u00bbHero\u00a0\u00bb _builder_version=\u00a0\u00bb4.17.6&Prime; _module_preset=\u00a0\u00bbdefault\u00a0\u00bb use_background_color_gradient=\u00a0\u00bbon\u00a0\u00bb background_color_gradient_stops=\u00a0\u00bbrgba(34,34,34,0.75) 0%|#222222 100%\u00a0\u00bb background_color_gradient_overlays_image=\u00a0\u00bbon\u00a0\u00bb background_image=\u00a0\u00bbhttps:\/\/shop.lamifix.ch\/wp-content\/uploads\/2022\/09\/jana-sabeth-oQQEXoG8Oqc-unsplash.jpg\u00a0\u00bb custom_padding=\u00a0\u00bb50px||50px||true|false\u00a0\u00bb custom_padding_tablet=\u00a0\u00bb30px||30px||true|false\u00a0\u00bb custom_padding_phone=\u00a0\u00bb20px||20px||true|false\u00a0\u00bb locked=\u00a0\u00bboff\u00a0\u00bb global_colors_info=\u00a0\u00bb{}\u00a0\u00bb][et_pb_row _builder_version=\u00a0\u00bb4.17.6&Prime; _module_preset=\u00a0\u00bbdefault\u00a0\u00bb custom_padding=\u00a0\u00bb0px||0px||true|false\u00a0\u00bb global_colors_info=\u00a0\u00bb{}\u00a0\u00bb][et_pb_column type=\u00a0\u00bb4_4&Prime; _builder_version=\u00a0\u00bb4.17.6&Prime; _module_preset=\u00a0\u00bbdefault\u00a0\u00bb global_colors_info=\u00a0\u00bb{}\u00a0\u00bb][et_pb_text _builder_version=\u00a0\u00bb4.27.0&Prime; text_font=\u00a0\u00bb||||||||\u00a0\u00bb text_font_size=\u00a0\u00bb20px\u00a0\u00bb text_line_height=\u00a0\u00bb2em\u00a0\u00bb header_font=\u00a0\u00bb||||||||\u00a0\u00bb header_font_size=\u00a0\u00bb68px\u00a0\u00bb header_line_height=\u00a0\u00bb1.4em\u00a0\u00bb header_2_font=\u00a0\u00bb||||||||\u00a0\u00bb header_3_font=\u00a0\u00bb||||||||\u00a0\u00bb header_4_font=\u00a0\u00bb||||||||\u00a0\u00bb text_orientation=\u00a0\u00bbcenter\u00a0\u00bb background_layout=\u00a0\u00bbdark\u00a0\u00bb custom_margin=\u00a0\u00bb||20px||false|false\u00a0\u00bb custom_margin_tablet=\u00a0\u00bb||15px||false|false\u00a0\u00bb custom_margin_phone=\u00a0\u00bb||10px||false|false\u00a0\u00bb custom_margin_last_edited=\u00a0\u00bbon|phone\u00a0\u00bb text_font_size_tablet=\u00a0\u00bb\u00a0\u00bb text_font_size_phone=\u00a0\u00bb16px\u00a0\u00bb text_font_size_last_edited=\u00a0\u00bbon|phone\u00a0\u00bb header_font_size_tablet=\u00a0\u00bb44px\u00a0\u00bb header_font_size_phone=\u00a0\u00bb32px\u00a0\u00bb header_font_size_last_edited=\u00a0\u00bbon|phone\u00a0\u00bb header_line_height_tablet=\u00a0\u00bb1.4em\u00a0\u00bb header_line_height_phone=\u00a0\u00bb1.4em\u00a0\u00bb header_line_height_last_edited=\u00a0\u00bbon|desktop\u00a0\u00bb locked=\u00a0\u00bboff\u00a0\u00bb global_colors_info=\u00a0\u00bb{}\u00a0\u00bb]<\/p>\n<h1>Catalogue<\/h1>\n<p>[\/et_pb_text][\/et_pb_column][\/et_pb_row][\/et_pb_section][et_pb_section fb_built=\u00a0\u00bb1&Prime; _builder_version=\u00a0\u00bb4.18.0&Prime; _module_preset=\u00a0\u00bbdefault\u00a0\u00bb global_colors_info=\u00a0\u00bb{}\u00a0\u00bb][et_pb_row column_structure=\u00a0\u00bb1_2,1_2&Prime; _builder_version=\u00a0\u00bb4.18.0&Prime; _module_preset=\u00a0\u00bbdefault\u00a0\u00bb global_colors_info=\u00a0\u00bb{}\u00a0\u00bb][et_pb_column type=\u00a0\u00bb1_2&Prime; _builder_version=\u00a0\u00bb4.18.0&Prime; _module_preset=\u00a0\u00bbdefault\u00a0\u00bb global_colors_info=\u00a0\u00bb{}\u00a0\u00bb][et_pb_text _builder_version=\u00a0\u00bb4.18.0&Prime; _module_preset=\u00a0\u00bbdefault\u00a0\u00bb global_colors_info=\u00a0\u00bb{}\u00a0\u00bb]<\/p>\n<p>Der aktuelle LamiFIX Gesamtkatalog ist bis 2025 g\u00fcltig (\u00c4nderungen vorbehalten). Der Katalog umfasst das gesamte M\u00f6bel- und Treppensortiment. Die Druckversion des Katalogs k\u00f6nnen Sie per Email an <a href=\"mailto:lamifix@lamif.ch\">lamifix@lamifix.ch<\/a> bestellen.<\/p>\n<p>F\u00fcr Speziall\u00f6sungen k\u00f6nnen wir dank unserer langj\u00e4hrigen Erfahrung eine kompetente Beratung und L\u00f6sungsvorschl\u00e4ge anbieten &#8211; nutzen Sie den kostenlosen, technischen Beratungsservice: 055 \/ 225 48 48<\/p>\n<p>[\/et_pb_text][\/et_pb_column][et_pb_column type=\u00a0\u00bb1_2&Prime; _builder_version=\u00a0\u00bb4.18.0&Prime; _module_preset=\u00a0\u00bbdefault\u00a0\u00bb global_colors_info=\u00a0\u00bb{}\u00a0\u00bb][et_pb_button button_url=\u00a0\u00bbhttps:\/\/shop.lamifix.ch\/wp-content\/uploads\/2022\/09\/Gesamtkatalog-2023.pdf\u00a0\u00bb url_new_window=\u00a0\u00bbon\u00a0\u00bb button_text=\u00a0\u00bbKatalog herunterladen\u00a0\u00bb _builder_version=\u00a0\u00bb4.18.0&Prime; _module_preset=\u00a0\u00bbdefault\u00a0\u00bb global_colors_info=\u00a0\u00bb{}\u00a0\u00bb][\/et_pb_button][\/et_pb_column][\/et_pb_row][\/et_pb_section]<\/p>\n","protected":false},"excerpt":{"rendered":"<p>CatalogueDer aktuelle LamiFIX Gesamtkatalog ist bis 2025 g\u00fcltig (\u00c4nderungen vorbehalten). Der Katalog umfasst das gesamte M\u00f6bel- und Treppensortiment. Die Druckversion des Katalogs k\u00f6nnen Sie per Email an lamifix@lamifix.ch bestellen. F\u00fcr Speziall\u00f6sungen k\u00f6nnen wir dank unserer langj\u00e4hrigen Erfahrung eine kompetente Beratung und L\u00f6sungsvorschl\u00e4ge anbieten &#8211; nutzen Sie den kostenlosen, technischen Beratungsservice: 055 \/ 225 48 48<\/p>\n","protected":false},"author":4,"featured_media":0,"parent":0,"menu_order":0,"comment_status":"closed","ping_status":"closed","template":"","meta":{"_et_pb_use_builder":"on","_et_pb_old_content":"","_et_gb_content_width":"","footnotes":""},"dipi_cpt_category":[],"class_list":["post-3541","page","type-page","status-publish","hentry"],"yoast_head":"<!-- This site is optimized with the Yoast SEO plugin v27.6 - https:\/\/yoast.com\/product\/yoast-seo-wordpress\/ -->\n<title>Katalog - Lamifix Shop<\/title>\n<meta name=\"robots\" content=\"index, follow, max-snippet:-1, max-image-preview:large, max-video-preview:-1\" \/>\n<link rel=\"canonical\" href=\"https:\/\/shop.lamifix.ch\/fr\/katalog\/\" \/>\n<meta property=\"og:locale\" content=\"fr_FR\" \/>\n<meta property=\"og:type\" content=\"article\" \/>\n<meta property=\"og:title\" content=\"Katalog - Lamifix Shop\" \/>\n<meta property=\"og:description\" content=\"CatalogueDer aktuelle LamiFIX Gesamtkatalog ist bis 2025 g\u00fcltig (\u00c4nderungen vorbehalten). Der Katalog umfasst das gesamte M\u00f6bel- und Treppensortiment. Die Druckversion des Katalogs k\u00f6nnen Sie per Email an lamifix@lamifix.ch bestellen. F\u00fcr Speziall\u00f6sungen k\u00f6nnen wir dank unserer langj\u00e4hrigen Erfahrung eine kompetente Beratung und L\u00f6sungsvorschl\u00e4ge anbieten - nutzen Sie den kostenlosen, technischen Beratungsservice: 055 \/ 225 48 48\" \/>\n<meta property=\"og:url\" content=\"https:\/\/shop.lamifix.ch\/fr\/katalog\/\" \/>\n<meta property=\"og:site_name\" content=\"Lamifix Shop\" \/>\n<meta property=\"article:modified_time\" content=\"2024-07-24T12:58:47+00:00\" \/>\n<meta name=\"twitter:card\" content=\"summary_large_image\" \/>\n<meta name=\"twitter:label1\" content=\"Dur\u00e9e de lecture estim\u00e9e\" \/>\n\t<meta name=\"twitter:data1\" content=\"1 minute\" \/>\n<script type=\"application\/ld+json\" class=\"yoast-schema-graph\">{\"@context\":\"https:\\\/\\\/schema.org\",\"@graph\":[{\"@type\":\"WebPage\",\"@id\":\"https:\\\/\\\/shop.lamifix.ch\\\/fr\\\/katalog\\\/\",\"url\":\"https:\\\/\\\/shop.lamifix.ch\\\/fr\\\/katalog\\\/\",\"name\":\"Katalog - Lamifix Shop\",\"isPartOf\":{\"@id\":\"https:\\\/\\\/shop.lamifix.ch\\\/fr\\\/#website\"},\"datePublished\":\"2022-09-25T17:03:45+00:00\",\"dateModified\":\"2024-07-24T12:58:47+00:00\",\"breadcrumb\":{\"@id\":\"https:\\\/\\\/shop.lamifix.ch\\\/fr\\\/katalog\\\/#breadcrumb\"},\"inLanguage\":\"fr-FR\",\"potentialAction\":[{\"@type\":\"ReadAction\",\"target\":[\"https:\\\/\\\/shop.lamifix.ch\\\/fr\\\/katalog\\\/\"]}]},{\"@type\":\"BreadcrumbList\",\"@id\":\"https:\\\/\\\/shop.lamifix.ch\\\/fr\\\/katalog\\\/#breadcrumb\",\"itemListElement\":[{\"@type\":\"ListItem\",\"position\":1,\"name\":\"Home\",\"item\":\"https:\\\/\\\/shop.lamifix.ch\\\/fr\\\/\"},{\"@type\":\"ListItem\",\"position\":2,\"name\":\"Katalog\"}]},{\"@type\":\"WebSite\",\"@id\":\"https:\\\/\\\/shop.lamifix.ch\\\/fr\\\/#website\",\"url\":\"https:\\\/\\\/shop.lamifix.ch\\\/fr\\\/\",\"name\":\"Lamifix Shop\",\"description\":\"Treppen und Stiegen-Elemente f\u00fcr den modernen Treppenbau\",\"publisher\":{\"@id\":\"https:\\\/\\\/shop.lamifix.ch\\\/fr\\\/#organization\"},\"potentialAction\":[{\"@type\":\"SearchAction\",\"target\":{\"@type\":\"EntryPoint\",\"urlTemplate\":\"https:\\\/\\\/shop.lamifix.ch\\\/fr\\\/?s={search_term_string}\"},\"query-input\":{\"@type\":\"PropertyValueSpecification\",\"valueRequired\":true,\"valueName\":\"search_term_string\"}}],\"inLanguage\":\"fr-FR\"},{\"@type\":\"Organization\",\"@id\":\"https:\\\/\\\/shop.lamifix.ch\\\/fr\\\/#organization\",\"name\":\"Lamifix Shop\",\"url\":\"https:\\\/\\\/shop.lamifix.ch\\\/fr\\\/\",\"logo\":{\"@type\":\"ImageObject\",\"inLanguage\":\"fr-FR\",\"@id\":\"https:\\\/\\\/shop.lamifix.ch\\\/fr\\\/#\\\/schema\\\/logo\\\/image\\\/\",\"url\":\"https:\\\/\\\/shop.lamifix.ch\\\/wp-content\\\/uploads\\\/2022\\\/09\\\/LF-Logo-ohne-Kreuz-scaled.jpg\",\"contentUrl\":\"https:\\\/\\\/shop.lamifix.ch\\\/wp-content\\\/uploads\\\/2022\\\/09\\\/LF-Logo-ohne-Kreuz-scaled.jpg\",\"width\":2560,\"height\":2084,\"caption\":\"Lamifix Shop\"},\"image\":{\"@id\":\"https:\\\/\\\/shop.lamifix.ch\\\/fr\\\/#\\\/schema\\\/logo\\\/image\\\/\"}}]}<\/script>\n<!-- \/ Yoast SEO plugin. -->","yoast_head_json":{"title":"Katalog - Lamifix Shop","robots":{"index":"index","follow":"follow","max-snippet":"max-snippet:-1","max-image-preview":"max-image-preview:large","max-video-preview":"max-video-preview:-1"},"canonical":"https:\/\/shop.lamifix.ch\/fr\/katalog\/","og_locale":"fr_FR","og_type":"article","og_title":"Katalog - Lamifix Shop","og_description":"CatalogueDer aktuelle LamiFIX Gesamtkatalog ist bis 2025 g\u00fcltig (\u00c4nderungen vorbehalten). Der Katalog umfasst das gesamte M\u00f6bel- und Treppensortiment. Die Druckversion des Katalogs k\u00f6nnen Sie per Email an lamifix@lamifix.ch bestellen. F\u00fcr Speziall\u00f6sungen k\u00f6nnen wir dank unserer langj\u00e4hrigen Erfahrung eine kompetente Beratung und L\u00f6sungsvorschl\u00e4ge anbieten - nutzen Sie den kostenlosen, technischen Beratungsservice: 055 \/ 225 48 48","og_url":"https:\/\/shop.lamifix.ch\/fr\/katalog\/","og_site_name":"Lamifix Shop","article_modified_time":"2024-07-24T12:58:47+00:00","twitter_card":"summary_large_image","twitter_misc":{"Dur\u00e9e de lecture estim\u00e9e":"1 minute"},"schema":{"@context":"https:\/\/schema.org","@graph":[{"@type":"WebPage","@id":"https:\/\/shop.lamifix.ch\/fr\/katalog\/","url":"https:\/\/shop.lamifix.ch\/fr\/katalog\/","name":"Katalog - Lamifix Shop","isPartOf":{"@id":"https:\/\/shop.lamifix.ch\/fr\/#website"},"datePublished":"2022-09-25T17:03:45+00:00","dateModified":"2024-07-24T12:58:47+00:00","breadcrumb":{"@id":"https:\/\/shop.lamifix.ch\/fr\/katalog\/#breadcrumb"},"inLanguage":"fr-FR","potentialAction":[{"@type":"ReadAction","target":["https:\/\/shop.lamifix.ch\/fr\/katalog\/"]}]},{"@type":"BreadcrumbList","@id":"https:\/\/shop.lamifix.ch\/fr\/katalog\/#breadcrumb","itemListElement":[{"@type":"ListItem","position":1,"name":"Home","item":"https:\/\/shop.lamifix.ch\/fr\/"},{"@type":"ListItem","position":2,"name":"Katalog"}]},{"@type":"WebSite","@id":"https:\/\/shop.lamifix.ch\/fr\/#website","url":"https:\/\/shop.lamifix.ch\/fr\/","name":"Lamifix Shop","description":"Treppen und Stiegen-Elemente f\u00fcr den modernen Treppenbau","publisher":{"@id":"https:\/\/shop.lamifix.ch\/fr\/#organization"},"potentialAction":[{"@type":"SearchAction","target":{"@type":"EntryPoint","urlTemplate":"https:\/\/shop.lamifix.ch\/fr\/?s={search_term_string}"},"query-input":{"@type":"PropertyValueSpecification","valueRequired":true,"valueName":"search_term_string"}}],"inLanguage":"fr-FR"},{"@type":"Organization","@id":"https:\/\/shop.lamifix.ch\/fr\/#organization","name":"Lamifix Shop","url":"https:\/\/shop.lamifix.ch\/fr\/","logo":{"@type":"ImageObject","inLanguage":"fr-FR","@id":"https:\/\/shop.lamifix.ch\/fr\/#\/schema\/logo\/image\/","url":"https:\/\/shop.lamifix.ch\/wp-content\/uploads\/2022\/09\/LF-Logo-ohne-Kreuz-scaled.jpg","contentUrl":"https:\/\/shop.lamifix.ch\/wp-content\/uploads\/2022\/09\/LF-Logo-ohne-Kreuz-scaled.jpg","width":2560,"height":2084,"caption":"Lamifix Shop"},"image":{"@id":"https:\/\/shop.lamifix.ch\/fr\/#\/schema\/logo\/image\/"}}]}},"_links":{"self":[{"href":"https:\/\/shop.lamifix.ch\/fr\/wp-json\/wp\/v2\/pages\/3541","targetHints":{"allow":["GET"]}}],"collection":[{"href":"https:\/\/shop.lamifix.ch\/fr\/wp-json\/wp\/v2\/pages"}],"about":[{"href":"https:\/\/shop.lamifix.ch\/fr\/wp-json\/wp\/v2\/types\/page"}],"author":[{"embeddable":true,"href":"https:\/\/shop.lamifix.ch\/fr\/wp-json\/wp\/v2\/users\/4"}],"replies":[{"embeddable":true,"href":"https:\/\/shop.lamifix.ch\/fr\/wp-json\/wp\/v2\/comments?post=3541"}],"version-history":[{"count":6,"href":"https:\/\/shop.lamifix.ch\/fr\/wp-json\/wp\/v2\/pages\/3541\/revisions"}],"predecessor-version":[{"id":4199,"href":"https:\/\/shop.lamifix.ch\/fr\/wp-json\/wp\/v2\/pages\/3541\/revisions\/4199"}],"wp:attachment":[{"href":"https:\/\/shop.lamifix.ch\/fr\/wp-json\/wp\/v2\/media?parent=3541"}],"wp:term":[{"taxonomy":"dipi_cpt_category","embeddable":true,"href":"https:\/\/shop.lamifix.ch\/fr\/wp-json\/wp\/v2\/dipi_cpt_category?post=3541"}],"curies":[{"name":"wp","href":"https:\/\/api.w.org\/{rel}","templated":true}]}}