{"id":2416,"date":"2022-09-21T10:21:40","date_gmt":"2022-09-21T08:21:40","guid":{"rendered":"https:\/\/shop.lamifix.ch\/?post_type=product&#038;p=2416"},"modified":"2025-12-07T12:53:09","modified_gmt":"2025-12-07T11:53:09","slug":"lamifix-verbinder-mit-gewinde-m4","status":"publish","type":"product","link":"https:\/\/shop.lamifix.ch\/fr\/produkt\/lamifix-verbinder-mit-gewinde-m4\/","title":{"rendered":"LamiFIX\u00ae Verbinder mit Gewinde M4"},"content":{"rendered":"<p><strong>LF 20.M4x7.5mm \u2013 Verbinder mit Schraube M4, verzinkt<\/strong><\/p>\n<p><strong>Lamelle 20 | 45 \u00d7 12 \u00d7 4 mm | Aussengewinde M4 \u00d7 7.5 mm<\/strong><br \/>\n<strong>Verarbeitung mit Lamello-Fr\u00e4se, Einstellung 20<\/strong><\/p>\n<p>Der <strong>LF 20.M4x7.5mm<\/strong> ist ein kompakter, vielseitig einsetzbarer Verbinder f\u00fcr unsichtbare Tablar- und M\u00f6belelemente.<br \/>\nEr verf\u00fcgt \u00fcber ein <strong>metrisches Aussengewinde M4<\/strong>, wodurch er besonders flexibel in Kombination mit <strong>Nylon- oder Stahl-Gewindemuffen<\/strong> sowie <strong>M4-Gewindeh\u00fclsen<\/strong> eingesetzt werden kann. Diese Gewindeh\u00fclsen passen in <strong>5-mm-Reihenlochbohrungen<\/strong>, was den Verbinder ideal f\u00fcr Systemm\u00f6bel und serielle Tablare macht.<\/p>\n<p>Dank des metrischen Aussengewindes sind zudem <strong>Anschl\u00fcsse an Blech, Stahl, Aluminium sowie Kunstharzplatten (HPL)<\/strong> problemlos m\u00f6glich, wodurch der LF 20.M4x7.5mm ein sehr breites Anwendungsspektrum abdeckt.<\/p>\n<p><strong>Vorteile<\/strong><\/p>\n<ul>\n<li>Metrisches <strong>Aussengewinde M4 \u00d7 7.5 mm<\/strong><\/li>\n<li>Kompatibel mit <strong>Nylon- und Stahl-Gewindemuffen<\/strong><\/li>\n<li>In Kombination mit M4-Gewindeh\u00fclsen passend f\u00fcr <strong>5-mm-Reihenlochbohrungen<\/strong><\/li>\n<li>Ideal f\u00fcr unsichtbare Tablare, Systemm\u00f6bel und konstruktive Elemente<\/li>\n<li>Auch f\u00fcr Anschl\u00fcsse an <strong>Blech, Stahl, Aluminium, Kunstharzplatten (HPL)<\/strong> \u00a0geeignet<\/li>\n<li>Sehr einfache Verarbeitung mit der <strong>Lamellofr\u00e4se, Einstellung 20<\/strong><\/li>\n<li>Unsichtbare, stabile Verbindung \u2013 fixierbar mit Schraube oder Montagekleber<\/li>\n<li>Verzinkt und damit langlebig und korrosionsbest\u00e4ndig<\/li>\n<\/ul>\n<p><strong>Typische Einsatzbereiche<\/strong><\/p>\n<ul>\n<li>Unsichtbare Tablar- und Regalb\u00f6den<\/li>\n<li>Systemm\u00f6bel und Serienm\u00f6bel<\/li>\n<li>Konstruktionen mit 5-mm-Reihenlochsystem<\/li>\n<li>M\u00f6bel- und Innenausbau mit Metallanschl\u00fcssen<\/li>\n<li>Befestigungen in Holz, HPL, Stahl, Aluminium, Kunststoff<\/li>\n<\/ul>\n","protected":false},"excerpt":{"rendered":"<p>Verbinder\u00a0 \/ Schraube M4, verzinkt<br \/>\nLamelle 20, 45x12x4mm<br \/>\nGewinde M4x7.5mm<\/p>\n","protected":false},"featured_media":2943,"template":"","meta":{"_et_pb_use_builder":"","_et_pb_old_content":"","_et_gb_content_width":""},"product_brand":[274],"product_cat":[192,57],"product_tag":[276,299,289,300,298],"class_list":{"0":"post-2416","1":"product","2":"type-product","3":"status-publish","4":"has-post-thumbnail","6":"product_brand-lamifix","7":"product_cat-moebeltechnik","8":"product_cat-verbinder","9":"product_tag-lamelle-20","10":"product_tag-moebelverbinder-m4","11":"product_tag-reihenlochbohrung-5mm","12":"product_tag-systemmoebel-verbinder","13":"product_tag-unsichtbarer-tablarverbinder","14":"product_shipping_class-standard","15":"pa_exz-oexz","16":"pa_gw-mg","17":"pa_ve-50stk","18":"pa_ve-500-stueck","20":"first","21":"instock","22":"taxable","23":"shipping-taxable","24":"purchasable","25":"product-type-variable"},"bundled_by":["3764"],"bundle_stock_status":"instock","bundle_stock_quantity":null,"bundle_virtual":false,"bundle_layout":"","bundle_add_to_cart_form_location":"","bundle_editable_in_cart":false,"bundle_sold_individually_context":"","bundle_item_grouping":"","bundle_min_size":"","bundle_max_size":"","bundled_items":[],"bundle_sell_ids":[],"yoast_head":"<!-- This site is optimized with the Yoast SEO plugin v27.4 - https:\/\/yoast.com\/product\/yoast-seo-wordpress\/ -->\n<title>LamiFIX\u00ae Verbinder mit Gewinde M4 - Lamifix Shop<\/title>\n<meta name=\"description\" content=\"LF 20.M4x7.5mm M4-Verbinder f\u00fcr unsichtbare Tablare und M\u00f6bel. Passend f\u00fcr 5-mm-Reihenlochbohrungen, Holz, HPL, Metall \u2013 verarbeitet mit Lamello-Fr\u00e4se.\" \/>\n<meta name=\"robots\" content=\"index, follow, max-snippet:-1, max-image-preview:large, max-video-preview:-1\" \/>\n<link rel=\"canonical\" href=\"https:\/\/shop.lamifix.ch\/fr\/produkt\/lamifix-verbinder-mit-gewinde-m4\/\" \/>\n<meta property=\"og:locale\" content=\"fr_FR\" \/>\n<meta property=\"og:type\" content=\"article\" \/>\n<meta property=\"og:title\" content=\"LamiFIX\u00ae Verbinder mit Gewinde M4 - Lamifix Shop\" \/>\n<meta property=\"og:description\" content=\"LF 20.M4x7.5mm M4-Verbinder f\u00fcr unsichtbare Tablare und M\u00f6bel. Passend f\u00fcr 5-mm-Reihenlochbohrungen, Holz, HPL, Metall \u2013 verarbeitet mit Lamello-Fr\u00e4se.\" \/>\n<meta property=\"og:url\" content=\"https:\/\/shop.lamifix.ch\/fr\/produkt\/lamifix-verbinder-mit-gewinde-m4\/\" \/>\n<meta property=\"og:site_name\" content=\"Lamifix Shop\" \/>\n<meta property=\"article:modified_time\" content=\"2025-12-07T11:53:09+00:00\" \/>\n<meta property=\"og:image\" content=\"https:\/\/shop.lamifix.ch\/wp-content\/uploads\/2022\/09\/LF-20.M-4x7.5.jpg\" \/>\n\t<meta property=\"og:image:width\" content=\"827\" \/>\n\t<meta property=\"og:image:height\" content=\"827\" \/>\n\t<meta property=\"og:image:type\" content=\"image\/jpeg\" \/>\n<meta name=\"twitter:card\" content=\"summary_large_image\" \/>\n<meta name=\"twitter:label1\" content=\"Dur\u00e9e de lecture estim\u00e9e\" \/>\n\t<meta name=\"twitter:data1\" content=\"2 minutes\" \/>\n<script type=\"application\/ld+json\" class=\"yoast-schema-graph\">{\"@context\":\"https:\\\/\\\/schema.org\",\"@graph\":[{\"@type\":\"WebPage\",\"@id\":\"https:\\\/\\\/shop.lamifix.ch\\\/fr\\\/produkt\\\/lamifix-verbinder-mit-gewinde-m4\\\/\",\"url\":\"https:\\\/\\\/shop.lamifix.ch\\\/fr\\\/produkt\\\/lamifix-verbinder-mit-gewinde-m4\\\/\",\"name\":\"LamiFIX\u00ae Verbinder mit Gewinde M4 - Lamifix Shop\",\"isPartOf\":{\"@id\":\"https:\\\/\\\/shop.lamifix.ch\\\/fr\\\/#website\"},\"primaryImageOfPage\":{\"@id\":\"https:\\\/\\\/shop.lamifix.ch\\\/fr\\\/produkt\\\/lamifix-verbinder-mit-gewinde-m4\\\/#primaryimage\"},\"image\":{\"@id\":\"https:\\\/\\\/shop.lamifix.ch\\\/fr\\\/produkt\\\/lamifix-verbinder-mit-gewinde-m4\\\/#primaryimage\"},\"thumbnailUrl\":\"https:\\\/\\\/shop.lamifix.ch\\\/wp-content\\\/uploads\\\/2022\\\/09\\\/LF-20.M-4x7.5.jpg\",\"datePublished\":\"2022-09-21T08:21:40+00:00\",\"dateModified\":\"2025-12-07T11:53:09+00:00\",\"description\":\"LF 20.M4x7.5mm M4-Verbinder f\u00fcr unsichtbare Tablare und M\u00f6bel. Passend f\u00fcr 5-mm-Reihenlochbohrungen, Holz, HPL, Metall \u2013 verarbeitet mit Lamello-Fr\u00e4se.\",\"breadcrumb\":{\"@id\":\"https:\\\/\\\/shop.lamifix.ch\\\/fr\\\/produkt\\\/lamifix-verbinder-mit-gewinde-m4\\\/#breadcrumb\"},\"inLanguage\":\"fr-FR\",\"potentialAction\":[{\"@type\":\"ReadAction\",\"target\":[\"https:\\\/\\\/shop.lamifix.ch\\\/fr\\\/produkt\\\/lamifix-verbinder-mit-gewinde-m4\\\/\"]}]},{\"@type\":\"ImageObject\",\"inLanguage\":\"fr-FR\",\"@id\":\"https:\\\/\\\/shop.lamifix.ch\\\/fr\\\/produkt\\\/lamifix-verbinder-mit-gewinde-m4\\\/#primaryimage\",\"url\":\"https:\\\/\\\/shop.lamifix.ch\\\/wp-content\\\/uploads\\\/2022\\\/09\\\/LF-20.M-4x7.5.jpg\",\"contentUrl\":\"https:\\\/\\\/shop.lamifix.ch\\\/wp-content\\\/uploads\\\/2022\\\/09\\\/LF-20.M-4x7.5.jpg\",\"width\":827,\"height\":827},{\"@type\":\"BreadcrumbList\",\"@id\":\"https:\\\/\\\/shop.lamifix.ch\\\/fr\\\/produkt\\\/lamifix-verbinder-mit-gewinde-m4\\\/#breadcrumb\",\"itemListElement\":[{\"@type\":\"ListItem\",\"position\":1,\"name\":\"Home\",\"item\":\"https:\\\/\\\/shop.lamifix.ch\\\/fr\\\/\"},{\"@type\":\"ListItem\",\"position\":2,\"name\":\"Boutique\",\"item\":\"https:\\\/\\\/shop.lamifix.ch\\\/fr\\\/boutique\\\/\"},{\"@type\":\"ListItem\",\"position\":3,\"name\":\"LamiFIX\u00ae Verbinder mit Gewinde M4\"}]},{\"@type\":\"WebSite\",\"@id\":\"https:\\\/\\\/shop.lamifix.ch\\\/fr\\\/#website\",\"url\":\"https:\\\/\\\/shop.lamifix.ch\\\/fr\\\/\",\"name\":\"Lamifix Shop\",\"description\":\"Treppen und Stiegen-Elemente f\u00fcr den modernen Treppenbau\",\"publisher\":{\"@id\":\"https:\\\/\\\/shop.lamifix.ch\\\/fr\\\/#organization\"},\"potentialAction\":[{\"@type\":\"SearchAction\",\"target\":{\"@type\":\"EntryPoint\",\"urlTemplate\":\"https:\\\/\\\/shop.lamifix.ch\\\/fr\\\/?s={search_term_string}\"},\"query-input\":{\"@type\":\"PropertyValueSpecification\",\"valueRequired\":true,\"valueName\":\"search_term_string\"}}],\"inLanguage\":\"fr-FR\"},{\"@type\":\"Organization\",\"@id\":\"https:\\\/\\\/shop.lamifix.ch\\\/fr\\\/#organization\",\"name\":\"Lamifix Shop\",\"url\":\"https:\\\/\\\/shop.lamifix.ch\\\/fr\\\/\",\"logo\":{\"@type\":\"ImageObject\",\"inLanguage\":\"fr-FR\",\"@id\":\"https:\\\/\\\/shop.lamifix.ch\\\/fr\\\/#\\\/schema\\\/logo\\\/image\\\/\",\"url\":\"https:\\\/\\\/shop.lamifix.ch\\\/wp-content\\\/uploads\\\/2022\\\/09\\\/LF-Logo-ohne-Kreuz-scaled.jpg\",\"contentUrl\":\"https:\\\/\\\/shop.lamifix.ch\\\/wp-content\\\/uploads\\\/2022\\\/09\\\/LF-Logo-ohne-Kreuz-scaled.jpg\",\"width\":2560,\"height\":2084,\"caption\":\"Lamifix Shop\"},\"image\":{\"@id\":\"https:\\\/\\\/shop.lamifix.ch\\\/fr\\\/#\\\/schema\\\/logo\\\/image\\\/\"}}]}<\/script>\n<!-- \/ Yoast SEO plugin. -->","yoast_head_json":{"title":"LamiFIX\u00ae Verbinder mit Gewinde M4 - Lamifix Shop","description":"LF 20.M4x7.5mm M4-Verbinder f\u00fcr unsichtbare Tablare und M\u00f6bel. Passend f\u00fcr 5-mm-Reihenlochbohrungen, Holz, HPL, Metall \u2013 verarbeitet mit Lamello-Fr\u00e4se.","robots":{"index":"index","follow":"follow","max-snippet":"max-snippet:-1","max-image-preview":"max-image-preview:large","max-video-preview":"max-video-preview:-1"},"canonical":"https:\/\/shop.lamifix.ch\/fr\/produkt\/lamifix-verbinder-mit-gewinde-m4\/","og_locale":"fr_FR","og_type":"article","og_title":"LamiFIX\u00ae Verbinder mit Gewinde M4 - Lamifix Shop","og_description":"LF 20.M4x7.5mm M4-Verbinder f\u00fcr unsichtbare Tablare und M\u00f6bel. Passend f\u00fcr 5-mm-Reihenlochbohrungen, Holz, HPL, Metall \u2013 verarbeitet mit Lamello-Fr\u00e4se.","og_url":"https:\/\/shop.lamifix.ch\/fr\/produkt\/lamifix-verbinder-mit-gewinde-m4\/","og_site_name":"Lamifix Shop","article_modified_time":"2025-12-07T11:53:09+00:00","og_image":[{"width":827,"height":827,"url":"https:\/\/shop.lamifix.ch\/wp-content\/uploads\/2022\/09\/LF-20.M-4x7.5.jpg","type":"image\/jpeg"}],"twitter_card":"summary_large_image","twitter_misc":{"Dur\u00e9e de lecture estim\u00e9e":"2 minutes"},"schema":{"@context":"https:\/\/schema.org","@graph":[{"@type":"WebPage","@id":"https:\/\/shop.lamifix.ch\/fr\/produkt\/lamifix-verbinder-mit-gewinde-m4\/","url":"https:\/\/shop.lamifix.ch\/fr\/produkt\/lamifix-verbinder-mit-gewinde-m4\/","name":"LamiFIX\u00ae Verbinder mit Gewinde M4 - Lamifix Shop","isPartOf":{"@id":"https:\/\/shop.lamifix.ch\/fr\/#website"},"primaryImageOfPage":{"@id":"https:\/\/shop.lamifix.ch\/fr\/produkt\/lamifix-verbinder-mit-gewinde-m4\/#primaryimage"},"image":{"@id":"https:\/\/shop.lamifix.ch\/fr\/produkt\/lamifix-verbinder-mit-gewinde-m4\/#primaryimage"},"thumbnailUrl":"https:\/\/shop.lamifix.ch\/wp-content\/uploads\/2022\/09\/LF-20.M-4x7.5.jpg","datePublished":"2022-09-21T08:21:40+00:00","dateModified":"2025-12-07T11:53:09+00:00","description":"LF 20.M4x7.5mm M4-Verbinder f\u00fcr unsichtbare Tablare und M\u00f6bel. Passend f\u00fcr 5-mm-Reihenlochbohrungen, Holz, HPL, Metall \u2013 verarbeitet mit Lamello-Fr\u00e4se.","breadcrumb":{"@id":"https:\/\/shop.lamifix.ch\/fr\/produkt\/lamifix-verbinder-mit-gewinde-m4\/#breadcrumb"},"inLanguage":"fr-FR","potentialAction":[{"@type":"ReadAction","target":["https:\/\/shop.lamifix.ch\/fr\/produkt\/lamifix-verbinder-mit-gewinde-m4\/"]}]},{"@type":"ImageObject","inLanguage":"fr-FR","@id":"https:\/\/shop.lamifix.ch\/fr\/produkt\/lamifix-verbinder-mit-gewinde-m4\/#primaryimage","url":"https:\/\/shop.lamifix.ch\/wp-content\/uploads\/2022\/09\/LF-20.M-4x7.5.jpg","contentUrl":"https:\/\/shop.lamifix.ch\/wp-content\/uploads\/2022\/09\/LF-20.M-4x7.5.jpg","width":827,"height":827},{"@type":"BreadcrumbList","@id":"https:\/\/shop.lamifix.ch\/fr\/produkt\/lamifix-verbinder-mit-gewinde-m4\/#breadcrumb","itemListElement":[{"@type":"ListItem","position":1,"name":"Home","item":"https:\/\/shop.lamifix.ch\/fr\/"},{"@type":"ListItem","position":2,"name":"Boutique","item":"https:\/\/shop.lamifix.ch\/fr\/boutique\/"},{"@type":"ListItem","position":3,"name":"LamiFIX\u00ae Verbinder mit Gewinde M4"}]},{"@type":"WebSite","@id":"https:\/\/shop.lamifix.ch\/fr\/#website","url":"https:\/\/shop.lamifix.ch\/fr\/","name":"Lamifix Shop","description":"Treppen und Stiegen-Elemente f\u00fcr den modernen Treppenbau","publisher":{"@id":"https:\/\/shop.lamifix.ch\/fr\/#organization"},"potentialAction":[{"@type":"SearchAction","target":{"@type":"EntryPoint","urlTemplate":"https:\/\/shop.lamifix.ch\/fr\/?s={search_term_string}"},"query-input":{"@type":"PropertyValueSpecification","valueRequired":true,"valueName":"search_term_string"}}],"inLanguage":"fr-FR"},{"@type":"Organization","@id":"https:\/\/shop.lamifix.ch\/fr\/#organization","name":"Lamifix Shop","url":"https:\/\/shop.lamifix.ch\/fr\/","logo":{"@type":"ImageObject","inLanguage":"fr-FR","@id":"https:\/\/shop.lamifix.ch\/fr\/#\/schema\/logo\/image\/","url":"https:\/\/shop.lamifix.ch\/wp-content\/uploads\/2022\/09\/LF-Logo-ohne-Kreuz-scaled.jpg","contentUrl":"https:\/\/shop.lamifix.ch\/wp-content\/uploads\/2022\/09\/LF-Logo-ohne-Kreuz-scaled.jpg","width":2560,"height":2084,"caption":"Lamifix Shop"},"image":{"@id":"https:\/\/shop.lamifix.ch\/fr\/#\/schema\/logo\/image\/"}}]}},"tiered_pricing_type":"fixed","tiered_pricing_fixed_rules":[],"tiered_pricing_product_settings":{"layout":"default","base_unit_name":{"singular":null,"plural":null},"default_variation":null},"tiered_pricing_minimum_quantity":null,"tiered_pricing_roles_data":[],"tiered_pricing_percentage_rules":[],"_links":{"self":[{"href":"https:\/\/shop.lamifix.ch\/fr\/wp-json\/wp\/v2\/product\/2416","targetHints":{"allow":["GET"]}}],"collection":[{"href":"https:\/\/shop.lamifix.ch\/fr\/wp-json\/wp\/v2\/product"}],"about":[{"href":"https:\/\/shop.lamifix.ch\/fr\/wp-json\/wp\/v2\/types\/product"}],"wp:featuredmedia":[{"embeddable":true,"href":"https:\/\/shop.lamifix.ch\/fr\/wp-json\/wp\/v2\/media\/2943"}],"wp:attachment":[{"href":"https:\/\/shop.lamifix.ch\/fr\/wp-json\/wp\/v2\/media?parent=2416"}],"wp:term":[{"taxonomy":"product_brand","embeddable":true,"href":"https:\/\/shop.lamifix.ch\/fr\/wp-json\/wp\/v2\/product_brand?post=2416"},{"taxonomy":"product_cat","embeddable":true,"href":"https:\/\/shop.lamifix.ch\/fr\/wp-json\/wp\/v2\/product_cat?post=2416"},{"taxonomy":"product_tag","embeddable":true,"href":"https:\/\/shop.lamifix.ch\/fr\/wp-json\/wp\/v2\/product_tag?post=2416"}],"curies":[{"name":"wp","href":"https:\/\/api.w.org\/{rel}","templated":true}]}}