{"id":2969,"date":"2022-09-25T11:18:39","date_gmt":"2022-09-25T09:18:39","guid":{"rendered":"https:\/\/shop.lamifix.ch\/?post_type=product&#038;p=2969"},"modified":"2025-12-07T12:55:42","modified_gmt":"2025-12-07T11:55:42","slug":"lamifix-verbinder-mit-euro-gewinde-verzinkt","status":"publish","type":"product","link":"https:\/\/shop.lamifix.ch\/fr\/produkt\/lamifix-verbinder-mit-euro-gewinde-verzinkt\/","title":{"rendered":"LamiFIX\u00ae Verbinder mit Euro-Gewinde, verzinkt"},"content":{"rendered":"<p><strong>LamiFIX\u00ae LF 20.E6.3&#215;8.5 \u2013 Verbinder f\u00fcr Tablare, Zwischenw\u00e4nde\u2026<\/strong><\/p>\n<p><strong>Stahl verzinkt | F\u00fcr Holz, Kunststoff uvm. | Unsichtbare Montage<br \/>\n<\/strong>Der <strong>LamiFIX\u00ae LF 20.E6.3&#215;8.5<\/strong> ist ein pr\u00e4ziser, kompakter Verbinder f\u00fcr <strong>Tablare, Zwischenw\u00e4nde, und Konstruktionselemente<\/strong> im M\u00f6bel- und Innenausbau.<br \/>\nEr eignet sich f\u00fcr <strong>alle g\u00e4ngigen Holzarten sowie f\u00fcr Kunststoff<\/strong> und l\u00e4sst sich besonders effizient in <strong>bestehende 5-mm-Reihenlochbohrungen<\/strong> integrieren.<\/p>\n<p><strong>Montage &amp; Funktionsweise<\/strong><\/p>\n<p>Die Verarbeitung erfolgt mit der <strong>Lamellofr\u00e4se, Einstellung 20<\/strong>.<br \/>\nDer Verbinder wird mittels <strong>Eindrehwerkzeug<\/strong> in die 5-mm-Bohrung eingedreht; das zu befestigende Tablar wird <strong>r\u00fcckseitig ausgenutet<\/strong> und anschliessend <strong>eingeschoben<\/strong>.<\/p>\n<p>So entsteht eine <strong>komplett unsichtbare Befestigung<\/strong>, die je nach Bedarf:<\/p>\n<ul>\n<li><strong>demontierbar<\/strong> (zus\u00e4tzliche Schraubensicherung \/ Kinderschutz) oder<\/li>\n<li><strong>dauerhaft unsichtbar und unl\u00f6sbar<\/strong> (Montagekleber)<\/li>\n<\/ul>\n<p>ausgef\u00fchrt werden kann.<\/p>\n<p><strong>Vorteile<\/strong><\/p>\n<ul>\n<li><strong>Unsichtbare Befestigung<\/strong> durch verdeckte Nut<\/li>\n<li><strong>Kompatibel mit 5-mm-Reihenlochbohrungen<\/strong> in M\u00f6belkorpussen<\/li>\n<li>F\u00fcr alle g\u00e4ngigen<strong> Holzarten und Kunststoff <\/strong>geeignet<\/li>\n<li><strong>Sicher fixierbar:<\/strong> wahlweise verschraubbar oder verklebbar<\/li>\n<li><strong>Einfache Montage<\/strong> mit Lamello-Einstellung 20<\/li>\n<li><strong>Stabil &amp; langlebig:<\/strong> verzinkter Stahl<\/li>\n<li><strong>Auch f\u00fcr Ecktablare und Spezialformen geeignet<\/strong><\/li>\n<\/ul>\n<p><strong>Typische Einsatzbereiche<\/strong><\/p>\n<ul>\n<li>Unsichtbare Befestigungen im Wohn-, K\u00fcchen- &amp; B\u00fcrobereich<\/li>\n<li>Tablare und Regalb\u00f6den<\/li>\n<li>Zwischenw\u00e4nde im Korpusbau<\/li>\n<li>Ecktablare<\/li>\n<li>konstruktive Elemente<\/li>\n<\/ul>\n","protected":false},"excerpt":{"rendered":"<p>Verbinder \/ Euro-Gewinde, verzinkt<br \/>\nLamelle 20, 45x12x4mm<br \/>\nEuro-Gewinde 6.3&#215;8.5mm<\/p>\n","protected":false},"featured_media":5215,"template":"","meta":{"_et_pb_use_builder":"","_et_pb_old_content":"","_et_gb_content_width":""},"product_brand":[274],"product_cat":[192,57],"product_tag":[286,276,275,284,285],"class_list":{"0":"post-2969","1":"product","2":"type-product","3":"status-publish","4":"has-post-thumbnail","6":"product_brand-lamifix","7":"product_cat-moebeltechnik","8":"product_cat-verbinder","9":"product_tag-5-mm-reihenlochbohrung","10":"product_tag-lamelle-20","11":"product_tag-lamifix-verbinder","12":"product_tag-tablarverbinder","13":"product_tag-unsichtbare-befestigung","14":"product_shipping_class-standard","15":"pa_exz-oexz","16":"pa_gw-eg","17":"pa_ve-50stk","18":"pa_ve-500-stueck","20":"first","21":"instock","22":"featured","23":"taxable","24":"shipping-taxable","25":"purchasable","26":"product-type-variable"},"bundled_by":[],"bundle_stock_status":"instock","bundle_stock_quantity":null,"bundle_virtual":false,"bundle_layout":"","bundle_add_to_cart_form_location":"","bundle_editable_in_cart":false,"bundle_sold_individually_context":"","bundle_item_grouping":"","bundle_min_size":"","bundle_max_size":"","bundled_items":[],"bundle_sell_ids":[],"yoast_head":"<!-- This site is optimized with the Yoast SEO plugin v27.4 - https:\/\/yoast.com\/product\/yoast-seo-wordpress\/ -->\n<title>LamiFIX\u00ae Verbinder mit Euro-Gewinde, verzinkt - Lamifix Shop<\/title>\n<meta name=\"description\" content=\"LamiFIX LF 20.E6.3x8.5 Verbinder f\u00fcr unsichtbare Befestigungen von Tablaren und Zwischenw\u00e4nden. F\u00fcr Holz und Kunststoff, passend f\u00fcr 5-mm-Reihenlochbohrungen.\" \/>\n<meta name=\"robots\" content=\"index, follow, max-snippet:-1, max-image-preview:large, max-video-preview:-1\" \/>\n<link rel=\"canonical\" href=\"https:\/\/shop.lamifix.ch\/fr\/produkt\/lamifix-verbinder-mit-euro-gewinde-verzinkt\/\" \/>\n<meta property=\"og:locale\" content=\"fr_FR\" \/>\n<meta property=\"og:type\" content=\"article\" \/>\n<meta property=\"og:title\" content=\"LamiFIX\u00ae Verbinder mit Euro-Gewinde, verzinkt - Lamifix Shop\" \/>\n<meta property=\"og:description\" content=\"LamiFIX LF 20.E6.3x8.5 Verbinder f\u00fcr unsichtbare Befestigungen von Tablaren und Zwischenw\u00e4nden. F\u00fcr Holz und Kunststoff, passend f\u00fcr 5-mm-Reihenlochbohrungen.\" \/>\n<meta property=\"og:url\" content=\"https:\/\/shop.lamifix.ch\/fr\/produkt\/lamifix-verbinder-mit-euro-gewinde-verzinkt\/\" \/>\n<meta property=\"og:site_name\" content=\"Lamifix Shop\" \/>\n<meta property=\"article:modified_time\" content=\"2025-12-07T11:55:42+00:00\" \/>\n<meta property=\"og:image\" content=\"https:\/\/shop.lamifix.ch\/wp-content\/uploads\/2025\/09\/20.E6.3x8.5.jpg\" \/>\n\t<meta property=\"og:image:width\" content=\"827\" \/>\n\t<meta property=\"og:image:height\" content=\"827\" \/>\n\t<meta property=\"og:image:type\" content=\"image\/jpeg\" \/>\n<meta name=\"twitter:card\" content=\"summary_large_image\" \/>\n<meta name=\"twitter:label1\" content=\"Dur\u00e9e de lecture estim\u00e9e\" \/>\n\t<meta name=\"twitter:data1\" content=\"2 minutes\" \/>\n<script type=\"application\/ld+json\" class=\"yoast-schema-graph\">{\"@context\":\"https:\\\/\\\/schema.org\",\"@graph\":[{\"@type\":\"WebPage\",\"@id\":\"https:\\\/\\\/shop.lamifix.ch\\\/fr\\\/produkt\\\/lamifix-verbinder-mit-euro-gewinde-verzinkt\\\/\",\"url\":\"https:\\\/\\\/shop.lamifix.ch\\\/fr\\\/produkt\\\/lamifix-verbinder-mit-euro-gewinde-verzinkt\\\/\",\"name\":\"LamiFIX\u00ae Verbinder mit Euro-Gewinde, verzinkt - Lamifix Shop\",\"isPartOf\":{\"@id\":\"https:\\\/\\\/shop.lamifix.ch\\\/fr\\\/#website\"},\"primaryImageOfPage\":{\"@id\":\"https:\\\/\\\/shop.lamifix.ch\\\/fr\\\/produkt\\\/lamifix-verbinder-mit-euro-gewinde-verzinkt\\\/#primaryimage\"},\"image\":{\"@id\":\"https:\\\/\\\/shop.lamifix.ch\\\/fr\\\/produkt\\\/lamifix-verbinder-mit-euro-gewinde-verzinkt\\\/#primaryimage\"},\"thumbnailUrl\":\"https:\\\/\\\/shop.lamifix.ch\\\/wp-content\\\/uploads\\\/2025\\\/09\\\/20.E6.3x8.5.jpg\",\"datePublished\":\"2022-09-25T09:18:39+00:00\",\"dateModified\":\"2025-12-07T11:55:42+00:00\",\"description\":\"LamiFIX LF 20.E6.3x8.5 Verbinder f\u00fcr unsichtbare Befestigungen von Tablaren und Zwischenw\u00e4nden. F\u00fcr Holz und Kunststoff, passend f\u00fcr 5-mm-Reihenlochbohrungen.\",\"breadcrumb\":{\"@id\":\"https:\\\/\\\/shop.lamifix.ch\\\/fr\\\/produkt\\\/lamifix-verbinder-mit-euro-gewinde-verzinkt\\\/#breadcrumb\"},\"inLanguage\":\"fr-FR\",\"potentialAction\":[{\"@type\":\"ReadAction\",\"target\":[\"https:\\\/\\\/shop.lamifix.ch\\\/fr\\\/produkt\\\/lamifix-verbinder-mit-euro-gewinde-verzinkt\\\/\"]}]},{\"@type\":\"ImageObject\",\"inLanguage\":\"fr-FR\",\"@id\":\"https:\\\/\\\/shop.lamifix.ch\\\/fr\\\/produkt\\\/lamifix-verbinder-mit-euro-gewinde-verzinkt\\\/#primaryimage\",\"url\":\"https:\\\/\\\/shop.lamifix.ch\\\/wp-content\\\/uploads\\\/2025\\\/09\\\/20.E6.3x8.5.jpg\",\"contentUrl\":\"https:\\\/\\\/shop.lamifix.ch\\\/wp-content\\\/uploads\\\/2025\\\/09\\\/20.E6.3x8.5.jpg\",\"width\":827,\"height\":827},{\"@type\":\"BreadcrumbList\",\"@id\":\"https:\\\/\\\/shop.lamifix.ch\\\/fr\\\/produkt\\\/lamifix-verbinder-mit-euro-gewinde-verzinkt\\\/#breadcrumb\",\"itemListElement\":[{\"@type\":\"ListItem\",\"position\":1,\"name\":\"Home\",\"item\":\"https:\\\/\\\/shop.lamifix.ch\\\/fr\\\/\"},{\"@type\":\"ListItem\",\"position\":2,\"name\":\"Boutique\",\"item\":\"https:\\\/\\\/shop.lamifix.ch\\\/fr\\\/boutique\\\/\"},{\"@type\":\"ListItem\",\"position\":3,\"name\":\"LamiFIX\u00ae Verbinder mit Euro-Gewinde, verzinkt\"}]},{\"@type\":\"WebSite\",\"@id\":\"https:\\\/\\\/shop.lamifix.ch\\\/fr\\\/#website\",\"url\":\"https:\\\/\\\/shop.lamifix.ch\\\/fr\\\/\",\"name\":\"Lamifix Shop\",\"description\":\"Treppen und Stiegen-Elemente f\u00fcr den modernen Treppenbau\",\"publisher\":{\"@id\":\"https:\\\/\\\/shop.lamifix.ch\\\/fr\\\/#organization\"},\"potentialAction\":[{\"@type\":\"SearchAction\",\"target\":{\"@type\":\"EntryPoint\",\"urlTemplate\":\"https:\\\/\\\/shop.lamifix.ch\\\/fr\\\/?s={search_term_string}\"},\"query-input\":{\"@type\":\"PropertyValueSpecification\",\"valueRequired\":true,\"valueName\":\"search_term_string\"}}],\"inLanguage\":\"fr-FR\"},{\"@type\":\"Organization\",\"@id\":\"https:\\\/\\\/shop.lamifix.ch\\\/fr\\\/#organization\",\"name\":\"Lamifix Shop\",\"url\":\"https:\\\/\\\/shop.lamifix.ch\\\/fr\\\/\",\"logo\":{\"@type\":\"ImageObject\",\"inLanguage\":\"fr-FR\",\"@id\":\"https:\\\/\\\/shop.lamifix.ch\\\/fr\\\/#\\\/schema\\\/logo\\\/image\\\/\",\"url\":\"https:\\\/\\\/shop.lamifix.ch\\\/wp-content\\\/uploads\\\/2022\\\/09\\\/LF-Logo-ohne-Kreuz-scaled.jpg\",\"contentUrl\":\"https:\\\/\\\/shop.lamifix.ch\\\/wp-content\\\/uploads\\\/2022\\\/09\\\/LF-Logo-ohne-Kreuz-scaled.jpg\",\"width\":2560,\"height\":2084,\"caption\":\"Lamifix Shop\"},\"image\":{\"@id\":\"https:\\\/\\\/shop.lamifix.ch\\\/fr\\\/#\\\/schema\\\/logo\\\/image\\\/\"}}]}<\/script>\n<!-- \/ Yoast SEO plugin. -->","yoast_head_json":{"title":"LamiFIX\u00ae Verbinder mit Euro-Gewinde, verzinkt - Lamifix Shop","description":"LamiFIX LF 20.E6.3x8.5 Verbinder f\u00fcr unsichtbare Befestigungen von Tablaren und Zwischenw\u00e4nden. F\u00fcr Holz und Kunststoff, passend f\u00fcr 5-mm-Reihenlochbohrungen.","robots":{"index":"index","follow":"follow","max-snippet":"max-snippet:-1","max-image-preview":"max-image-preview:large","max-video-preview":"max-video-preview:-1"},"canonical":"https:\/\/shop.lamifix.ch\/fr\/produkt\/lamifix-verbinder-mit-euro-gewinde-verzinkt\/","og_locale":"fr_FR","og_type":"article","og_title":"LamiFIX\u00ae Verbinder mit Euro-Gewinde, verzinkt - Lamifix Shop","og_description":"LamiFIX LF 20.E6.3x8.5 Verbinder f\u00fcr unsichtbare Befestigungen von Tablaren und Zwischenw\u00e4nden. F\u00fcr Holz und Kunststoff, passend f\u00fcr 5-mm-Reihenlochbohrungen.","og_url":"https:\/\/shop.lamifix.ch\/fr\/produkt\/lamifix-verbinder-mit-euro-gewinde-verzinkt\/","og_site_name":"Lamifix Shop","article_modified_time":"2025-12-07T11:55:42+00:00","og_image":[{"width":827,"height":827,"url":"https:\/\/shop.lamifix.ch\/wp-content\/uploads\/2025\/09\/20.E6.3x8.5.jpg","type":"image\/jpeg"}],"twitter_card":"summary_large_image","twitter_misc":{"Dur\u00e9e de lecture estim\u00e9e":"2 minutes"},"schema":{"@context":"https:\/\/schema.org","@graph":[{"@type":"WebPage","@id":"https:\/\/shop.lamifix.ch\/fr\/produkt\/lamifix-verbinder-mit-euro-gewinde-verzinkt\/","url":"https:\/\/shop.lamifix.ch\/fr\/produkt\/lamifix-verbinder-mit-euro-gewinde-verzinkt\/","name":"LamiFIX\u00ae Verbinder mit Euro-Gewinde, verzinkt - Lamifix Shop","isPartOf":{"@id":"https:\/\/shop.lamifix.ch\/fr\/#website"},"primaryImageOfPage":{"@id":"https:\/\/shop.lamifix.ch\/fr\/produkt\/lamifix-verbinder-mit-euro-gewinde-verzinkt\/#primaryimage"},"image":{"@id":"https:\/\/shop.lamifix.ch\/fr\/produkt\/lamifix-verbinder-mit-euro-gewinde-verzinkt\/#primaryimage"},"thumbnailUrl":"https:\/\/shop.lamifix.ch\/wp-content\/uploads\/2025\/09\/20.E6.3x8.5.jpg","datePublished":"2022-09-25T09:18:39+00:00","dateModified":"2025-12-07T11:55:42+00:00","description":"LamiFIX LF 20.E6.3x8.5 Verbinder f\u00fcr unsichtbare Befestigungen von Tablaren und Zwischenw\u00e4nden. F\u00fcr Holz und Kunststoff, passend f\u00fcr 5-mm-Reihenlochbohrungen.","breadcrumb":{"@id":"https:\/\/shop.lamifix.ch\/fr\/produkt\/lamifix-verbinder-mit-euro-gewinde-verzinkt\/#breadcrumb"},"inLanguage":"fr-FR","potentialAction":[{"@type":"ReadAction","target":["https:\/\/shop.lamifix.ch\/fr\/produkt\/lamifix-verbinder-mit-euro-gewinde-verzinkt\/"]}]},{"@type":"ImageObject","inLanguage":"fr-FR","@id":"https:\/\/shop.lamifix.ch\/fr\/produkt\/lamifix-verbinder-mit-euro-gewinde-verzinkt\/#primaryimage","url":"https:\/\/shop.lamifix.ch\/wp-content\/uploads\/2025\/09\/20.E6.3x8.5.jpg","contentUrl":"https:\/\/shop.lamifix.ch\/wp-content\/uploads\/2025\/09\/20.E6.3x8.5.jpg","width":827,"height":827},{"@type":"BreadcrumbList","@id":"https:\/\/shop.lamifix.ch\/fr\/produkt\/lamifix-verbinder-mit-euro-gewinde-verzinkt\/#breadcrumb","itemListElement":[{"@type":"ListItem","position":1,"name":"Home","item":"https:\/\/shop.lamifix.ch\/fr\/"},{"@type":"ListItem","position":2,"name":"Boutique","item":"https:\/\/shop.lamifix.ch\/fr\/boutique\/"},{"@type":"ListItem","position":3,"name":"LamiFIX\u00ae Verbinder mit Euro-Gewinde, verzinkt"}]},{"@type":"WebSite","@id":"https:\/\/shop.lamifix.ch\/fr\/#website","url":"https:\/\/shop.lamifix.ch\/fr\/","name":"Lamifix Shop","description":"Treppen und Stiegen-Elemente f\u00fcr den modernen Treppenbau","publisher":{"@id":"https:\/\/shop.lamifix.ch\/fr\/#organization"},"potentialAction":[{"@type":"SearchAction","target":{"@type":"EntryPoint","urlTemplate":"https:\/\/shop.lamifix.ch\/fr\/?s={search_term_string}"},"query-input":{"@type":"PropertyValueSpecification","valueRequired":true,"valueName":"search_term_string"}}],"inLanguage":"fr-FR"},{"@type":"Organization","@id":"https:\/\/shop.lamifix.ch\/fr\/#organization","name":"Lamifix Shop","url":"https:\/\/shop.lamifix.ch\/fr\/","logo":{"@type":"ImageObject","inLanguage":"fr-FR","@id":"https:\/\/shop.lamifix.ch\/fr\/#\/schema\/logo\/image\/","url":"https:\/\/shop.lamifix.ch\/wp-content\/uploads\/2022\/09\/LF-Logo-ohne-Kreuz-scaled.jpg","contentUrl":"https:\/\/shop.lamifix.ch\/wp-content\/uploads\/2022\/09\/LF-Logo-ohne-Kreuz-scaled.jpg","width":2560,"height":2084,"caption":"Lamifix Shop"},"image":{"@id":"https:\/\/shop.lamifix.ch\/fr\/#\/schema\/logo\/image\/"}}]}},"tiered_pricing_type":"fixed","tiered_pricing_fixed_rules":[],"tiered_pricing_product_settings":{"layout":"default","base_unit_name":{"singular":null,"plural":null},"default_variation":null},"tiered_pricing_minimum_quantity":null,"tiered_pricing_roles_data":[],"tiered_pricing_percentage_rules":[],"_links":{"self":[{"href":"https:\/\/shop.lamifix.ch\/fr\/wp-json\/wp\/v2\/product\/2969","targetHints":{"allow":["GET"]}}],"collection":[{"href":"https:\/\/shop.lamifix.ch\/fr\/wp-json\/wp\/v2\/product"}],"about":[{"href":"https:\/\/shop.lamifix.ch\/fr\/wp-json\/wp\/v2\/types\/product"}],"wp:featuredmedia":[{"embeddable":true,"href":"https:\/\/shop.lamifix.ch\/fr\/wp-json\/wp\/v2\/media\/5215"}],"wp:attachment":[{"href":"https:\/\/shop.lamifix.ch\/fr\/wp-json\/wp\/v2\/media?parent=2969"}],"wp:term":[{"taxonomy":"product_brand","embeddable":true,"href":"https:\/\/shop.lamifix.ch\/fr\/wp-json\/wp\/v2\/product_brand?post=2969"},{"taxonomy":"product_cat","embeddable":true,"href":"https:\/\/shop.lamifix.ch\/fr\/wp-json\/wp\/v2\/product_cat?post=2969"},{"taxonomy":"product_tag","embeddable":true,"href":"https:\/\/shop.lamifix.ch\/fr\/wp-json\/wp\/v2\/product_tag?post=2969"}],"curies":[{"name":"wp","href":"https:\/\/api.w.org\/{rel}","templated":true}]}}