{"id":2976,"date":"2022-09-25T11:47:09","date_gmt":"2022-09-25T09:47:09","guid":{"rendered":"https:\/\/shop.lamifix.ch\/?post_type=product&#038;p=2976"},"modified":"2025-12-07T12:59:56","modified_gmt":"2025-12-07T11:59:56","slug":"lamifix-tablartraeger-oe5mm-verzinkt","status":"publish","type":"product","link":"https:\/\/shop.lamifix.ch\/fr\/produkt\/lamifix-tablartraeger-oe5mm-verzinkt\/","title":{"rendered":"LamiFIX\u00ae Tablartr\u00e4ger \u00d85mm, verzinkt"},"content":{"rendered":"<p><strong>LF 20.T5x8 \u2013 Tablartr\u00e4ger, verzinkt<\/strong><\/p>\n<p><strong>Lamelle 20 | 45 \u00d7 12 \u00d7 4 mm | Zapfen \u00d8 5 \u00d7 8 mm<\/strong><br \/>\n<strong>Verarbeitung mit Lamello-Fr\u00e4se, Einstellung 20<\/strong><\/p>\n<p>Der <strong>LF 20.T5x8<\/strong> ist ein pr\u00e4ziser, verzinkter Tablartr\u00e4ger f\u00fcr hochwertige und unsichtbare Tablarbefestigungen. Er wird mit der <strong>Lamellofr\u00e4se (Einstellung 20)<\/strong> eingenutet und verf\u00fcgt \u00fcber einen <strong>Zapfen \u00d8 5 \u00d7 8 mm<\/strong>, der exakt in <strong>5-mm-Reihenlochbohrungen<\/strong> passt. Dadurch ist er ideal f\u00fcr Systemm\u00f6bel, Regalb\u00f6den und \u00e4sthetisch anspruchsvolle Anwendungen im Innenausbau.<\/p>\n<p><strong>Vorteile<\/strong><\/p>\n<ul>\n<li><strong>Unsichtbarer Tablartr\u00e4ger<\/strong> f\u00fcr hochwertige M\u00f6bel<\/li>\n<li>Passend f\u00fcr <strong>5-mm-Reihenlochbohrungen<\/strong><\/li>\n<li>Schnelle, exakte Verarbeitung mit der <strong>Lamellofr\u00e4se<\/strong><\/li>\n<li>Zur Sicherung gegen Herausziehen mit einer <strong>Schraube von unten fixierbar<\/strong><\/li>\n<li><strong>Unl\u00f6sbare, unsichtbare Verbindung<\/strong> m\u00f6glich mit Montagekleber<\/li>\n<li>Verzinkte Ausf\u00fchrung f\u00fcr Stabilit\u00e4t und Langlebigkeit<\/li>\n<\/ul>\n<p><strong>Typische Einsatzbereiche<\/strong><\/p>\n<ul>\n<li>Hochwertige Tablare und Regalb\u00f6den<\/li>\n<li>Systemm\u00f6bel und Innenausbau<\/li>\n<li>M\u00f6bel mit 5-mm-Reihenlochsystem<\/li>\n<li>Unsichtbare Befestigungen in Wohn-, B\u00fcro- und K\u00fcchenm\u00f6beln<\/li>\n<\/ul>\n","protected":false},"excerpt":{"rendered":"<p>Tablartr\u00e4ger, verzinkt<br \/>\nLamelle 20, 45x12x4mm<br \/>\nZapfen \u00d85x8mm<\/p>\n","protected":false},"featured_media":3016,"template":"","meta":{"_et_pb_use_builder":"","_et_pb_old_content":"","_et_gb_content_width":""},"product_brand":[274],"product_cat":[192,57],"product_tag":[276,251,289,287,288],"class_list":{"0":"post-2976","1":"product","2":"type-product","3":"status-publish","4":"has-post-thumbnail","6":"product_brand-lamifix","7":"product_cat-moebeltechnik","8":"product_cat-verbinder","9":"product_tag-lamelle-20","10":"product_tag-moebelverbinder","11":"product_tag-reihenlochbohrung-5mm","12":"product_tag-tablartraeger","13":"product_tag-unsichtbare-tablarbefestigung","14":"product_shipping_class-standard","15":"pa_gw-tt","16":"pa_ve-50stk","17":"pa_ve-500-stueck","19":"first","20":"instock","21":"taxable","22":"shipping-taxable","23":"purchasable","24":"product-type-variable"},"bundled_by":[],"bundle_stock_status":"instock","bundle_stock_quantity":null,"bundle_virtual":false,"bundle_layout":"","bundle_add_to_cart_form_location":"","bundle_editable_in_cart":false,"bundle_sold_individually_context":"","bundle_item_grouping":"","bundle_min_size":"","bundle_max_size":"","bundled_items":[],"bundle_sell_ids":[],"yoast_head":"<!-- This site is optimized with the Yoast SEO plugin v27.4 - https:\/\/yoast.com\/product\/yoast-seo-wordpress\/ -->\n<title>LamiFIX\u00ae Tablartr\u00e4ger \u00d85mm, verzinkt - Lamifix Shop<\/title>\n<meta name=\"description\" content=\"LF 20.T5x8 Tablartr\u00e4ger f\u00fcr unsichtbare Tablare. Verzinkt, mit 5-mm Zapfen f\u00fcr Reihenlochbohrungen. Einfache Montage mit Lamello-Fr\u00e4se, Einstellung 20.\" \/>\n<meta name=\"robots\" content=\"index, follow, max-snippet:-1, max-image-preview:large, max-video-preview:-1\" \/>\n<link rel=\"canonical\" href=\"https:\/\/shop.lamifix.ch\/fr\/produkt\/lamifix-tablartraeger-oe5mm-verzinkt\/\" \/>\n<meta property=\"og:locale\" content=\"fr_FR\" \/>\n<meta property=\"og:type\" content=\"article\" \/>\n<meta property=\"og:title\" content=\"LamiFIX\u00ae Tablartr\u00e4ger \u00d85mm, verzinkt - Lamifix Shop\" \/>\n<meta property=\"og:description\" content=\"LF 20.T5x8 Tablartr\u00e4ger f\u00fcr unsichtbare Tablare. Verzinkt, mit 5-mm Zapfen f\u00fcr Reihenlochbohrungen. Einfache Montage mit Lamello-Fr\u00e4se, Einstellung 20.\" \/>\n<meta property=\"og:url\" content=\"https:\/\/shop.lamifix.ch\/fr\/produkt\/lamifix-tablartraeger-oe5mm-verzinkt\/\" \/>\n<meta property=\"og:site_name\" content=\"Lamifix Shop\" \/>\n<meta property=\"article:modified_time\" content=\"2025-12-07T11:59:56+00:00\" \/>\n<meta property=\"og:image\" content=\"https:\/\/shop.lamifix.ch\/wp-content\/uploads\/2022\/09\/20.TEinbau.jpg\" \/>\n\t<meta property=\"og:image:width\" content=\"827\" \/>\n\t<meta property=\"og:image:height\" content=\"827\" \/>\n\t<meta property=\"og:image:type\" content=\"image\/jpeg\" \/>\n<meta name=\"twitter:card\" content=\"summary_large_image\" \/>\n<meta name=\"twitter:label1\" content=\"Dur\u00e9e de lecture estim\u00e9e\" \/>\n\t<meta name=\"twitter:data1\" content=\"1 minute\" \/>\n<script type=\"application\/ld+json\" class=\"yoast-schema-graph\">{\"@context\":\"https:\\\/\\\/schema.org\",\"@graph\":[{\"@type\":\"WebPage\",\"@id\":\"https:\\\/\\\/shop.lamifix.ch\\\/fr\\\/produkt\\\/lamifix-tablartraeger-oe5mm-verzinkt\\\/\",\"url\":\"https:\\\/\\\/shop.lamifix.ch\\\/fr\\\/produkt\\\/lamifix-tablartraeger-oe5mm-verzinkt\\\/\",\"name\":\"LamiFIX\u00ae Tablartr\u00e4ger \u00d85mm, verzinkt - Lamifix Shop\",\"isPartOf\":{\"@id\":\"https:\\\/\\\/shop.lamifix.ch\\\/fr\\\/#website\"},\"primaryImageOfPage\":{\"@id\":\"https:\\\/\\\/shop.lamifix.ch\\\/fr\\\/produkt\\\/lamifix-tablartraeger-oe5mm-verzinkt\\\/#primaryimage\"},\"image\":{\"@id\":\"https:\\\/\\\/shop.lamifix.ch\\\/fr\\\/produkt\\\/lamifix-tablartraeger-oe5mm-verzinkt\\\/#primaryimage\"},\"thumbnailUrl\":\"https:\\\/\\\/shop.lamifix.ch\\\/wp-content\\\/uploads\\\/2022\\\/09\\\/20.TEinbau.jpg\",\"datePublished\":\"2022-09-25T09:47:09+00:00\",\"dateModified\":\"2025-12-07T11:59:56+00:00\",\"description\":\"LF 20.T5x8 Tablartr\u00e4ger f\u00fcr unsichtbare Tablare. Verzinkt, mit 5-mm Zapfen f\u00fcr Reihenlochbohrungen. Einfache Montage mit Lamello-Fr\u00e4se, Einstellung 20.\",\"breadcrumb\":{\"@id\":\"https:\\\/\\\/shop.lamifix.ch\\\/fr\\\/produkt\\\/lamifix-tablartraeger-oe5mm-verzinkt\\\/#breadcrumb\"},\"inLanguage\":\"fr-FR\",\"potentialAction\":[{\"@type\":\"ReadAction\",\"target\":[\"https:\\\/\\\/shop.lamifix.ch\\\/fr\\\/produkt\\\/lamifix-tablartraeger-oe5mm-verzinkt\\\/\"]}]},{\"@type\":\"ImageObject\",\"inLanguage\":\"fr-FR\",\"@id\":\"https:\\\/\\\/shop.lamifix.ch\\\/fr\\\/produkt\\\/lamifix-tablartraeger-oe5mm-verzinkt\\\/#primaryimage\",\"url\":\"https:\\\/\\\/shop.lamifix.ch\\\/wp-content\\\/uploads\\\/2022\\\/09\\\/20.TEinbau.jpg\",\"contentUrl\":\"https:\\\/\\\/shop.lamifix.ch\\\/wp-content\\\/uploads\\\/2022\\\/09\\\/20.TEinbau.jpg\",\"width\":827,\"height\":827},{\"@type\":\"BreadcrumbList\",\"@id\":\"https:\\\/\\\/shop.lamifix.ch\\\/fr\\\/produkt\\\/lamifix-tablartraeger-oe5mm-verzinkt\\\/#breadcrumb\",\"itemListElement\":[{\"@type\":\"ListItem\",\"position\":1,\"name\":\"Home\",\"item\":\"https:\\\/\\\/shop.lamifix.ch\\\/fr\\\/\"},{\"@type\":\"ListItem\",\"position\":2,\"name\":\"Boutique\",\"item\":\"https:\\\/\\\/shop.lamifix.ch\\\/fr\\\/boutique\\\/\"},{\"@type\":\"ListItem\",\"position\":3,\"name\":\"LamiFIX\u00ae Tablartr\u00e4ger \u00d85mm, verzinkt\"}]},{\"@type\":\"WebSite\",\"@id\":\"https:\\\/\\\/shop.lamifix.ch\\\/fr\\\/#website\",\"url\":\"https:\\\/\\\/shop.lamifix.ch\\\/fr\\\/\",\"name\":\"Lamifix Shop\",\"description\":\"Treppen und Stiegen-Elemente f\u00fcr den modernen Treppenbau\",\"publisher\":{\"@id\":\"https:\\\/\\\/shop.lamifix.ch\\\/fr\\\/#organization\"},\"potentialAction\":[{\"@type\":\"SearchAction\",\"target\":{\"@type\":\"EntryPoint\",\"urlTemplate\":\"https:\\\/\\\/shop.lamifix.ch\\\/fr\\\/?s={search_term_string}\"},\"query-input\":{\"@type\":\"PropertyValueSpecification\",\"valueRequired\":true,\"valueName\":\"search_term_string\"}}],\"inLanguage\":\"fr-FR\"},{\"@type\":\"Organization\",\"@id\":\"https:\\\/\\\/shop.lamifix.ch\\\/fr\\\/#organization\",\"name\":\"Lamifix Shop\",\"url\":\"https:\\\/\\\/shop.lamifix.ch\\\/fr\\\/\",\"logo\":{\"@type\":\"ImageObject\",\"inLanguage\":\"fr-FR\",\"@id\":\"https:\\\/\\\/shop.lamifix.ch\\\/fr\\\/#\\\/schema\\\/logo\\\/image\\\/\",\"url\":\"https:\\\/\\\/shop.lamifix.ch\\\/wp-content\\\/uploads\\\/2022\\\/09\\\/LF-Logo-ohne-Kreuz-scaled.jpg\",\"contentUrl\":\"https:\\\/\\\/shop.lamifix.ch\\\/wp-content\\\/uploads\\\/2022\\\/09\\\/LF-Logo-ohne-Kreuz-scaled.jpg\",\"width\":2560,\"height\":2084,\"caption\":\"Lamifix Shop\"},\"image\":{\"@id\":\"https:\\\/\\\/shop.lamifix.ch\\\/fr\\\/#\\\/schema\\\/logo\\\/image\\\/\"}}]}<\/script>\n<!-- \/ Yoast SEO plugin. -->","yoast_head_json":{"title":"LamiFIX\u00ae Tablartr\u00e4ger \u00d85mm, verzinkt - Lamifix Shop","description":"LF 20.T5x8 Tablartr\u00e4ger f\u00fcr unsichtbare Tablare. Verzinkt, mit 5-mm Zapfen f\u00fcr Reihenlochbohrungen. Einfache Montage mit Lamello-Fr\u00e4se, Einstellung 20.","robots":{"index":"index","follow":"follow","max-snippet":"max-snippet:-1","max-image-preview":"max-image-preview:large","max-video-preview":"max-video-preview:-1"},"canonical":"https:\/\/shop.lamifix.ch\/fr\/produkt\/lamifix-tablartraeger-oe5mm-verzinkt\/","og_locale":"fr_FR","og_type":"article","og_title":"LamiFIX\u00ae Tablartr\u00e4ger \u00d85mm, verzinkt - Lamifix Shop","og_description":"LF 20.T5x8 Tablartr\u00e4ger f\u00fcr unsichtbare Tablare. Verzinkt, mit 5-mm Zapfen f\u00fcr Reihenlochbohrungen. Einfache Montage mit Lamello-Fr\u00e4se, Einstellung 20.","og_url":"https:\/\/shop.lamifix.ch\/fr\/produkt\/lamifix-tablartraeger-oe5mm-verzinkt\/","og_site_name":"Lamifix Shop","article_modified_time":"2025-12-07T11:59:56+00:00","og_image":[{"width":827,"height":827,"url":"https:\/\/shop.lamifix.ch\/wp-content\/uploads\/2022\/09\/20.TEinbau.jpg","type":"image\/jpeg"}],"twitter_card":"summary_large_image","twitter_misc":{"Dur\u00e9e de lecture estim\u00e9e":"1 minute"},"schema":{"@context":"https:\/\/schema.org","@graph":[{"@type":"WebPage","@id":"https:\/\/shop.lamifix.ch\/fr\/produkt\/lamifix-tablartraeger-oe5mm-verzinkt\/","url":"https:\/\/shop.lamifix.ch\/fr\/produkt\/lamifix-tablartraeger-oe5mm-verzinkt\/","name":"LamiFIX\u00ae Tablartr\u00e4ger \u00d85mm, verzinkt - Lamifix Shop","isPartOf":{"@id":"https:\/\/shop.lamifix.ch\/fr\/#website"},"primaryImageOfPage":{"@id":"https:\/\/shop.lamifix.ch\/fr\/produkt\/lamifix-tablartraeger-oe5mm-verzinkt\/#primaryimage"},"image":{"@id":"https:\/\/shop.lamifix.ch\/fr\/produkt\/lamifix-tablartraeger-oe5mm-verzinkt\/#primaryimage"},"thumbnailUrl":"https:\/\/shop.lamifix.ch\/wp-content\/uploads\/2022\/09\/20.TEinbau.jpg","datePublished":"2022-09-25T09:47:09+00:00","dateModified":"2025-12-07T11:59:56+00:00","description":"LF 20.T5x8 Tablartr\u00e4ger f\u00fcr unsichtbare Tablare. Verzinkt, mit 5-mm Zapfen f\u00fcr Reihenlochbohrungen. Einfache Montage mit Lamello-Fr\u00e4se, Einstellung 20.","breadcrumb":{"@id":"https:\/\/shop.lamifix.ch\/fr\/produkt\/lamifix-tablartraeger-oe5mm-verzinkt\/#breadcrumb"},"inLanguage":"fr-FR","potentialAction":[{"@type":"ReadAction","target":["https:\/\/shop.lamifix.ch\/fr\/produkt\/lamifix-tablartraeger-oe5mm-verzinkt\/"]}]},{"@type":"ImageObject","inLanguage":"fr-FR","@id":"https:\/\/shop.lamifix.ch\/fr\/produkt\/lamifix-tablartraeger-oe5mm-verzinkt\/#primaryimage","url":"https:\/\/shop.lamifix.ch\/wp-content\/uploads\/2022\/09\/20.TEinbau.jpg","contentUrl":"https:\/\/shop.lamifix.ch\/wp-content\/uploads\/2022\/09\/20.TEinbau.jpg","width":827,"height":827},{"@type":"BreadcrumbList","@id":"https:\/\/shop.lamifix.ch\/fr\/produkt\/lamifix-tablartraeger-oe5mm-verzinkt\/#breadcrumb","itemListElement":[{"@type":"ListItem","position":1,"name":"Home","item":"https:\/\/shop.lamifix.ch\/fr\/"},{"@type":"ListItem","position":2,"name":"Boutique","item":"https:\/\/shop.lamifix.ch\/fr\/boutique\/"},{"@type":"ListItem","position":3,"name":"LamiFIX\u00ae Tablartr\u00e4ger \u00d85mm, verzinkt"}]},{"@type":"WebSite","@id":"https:\/\/shop.lamifix.ch\/fr\/#website","url":"https:\/\/shop.lamifix.ch\/fr\/","name":"Lamifix Shop","description":"Treppen und Stiegen-Elemente f\u00fcr den modernen Treppenbau","publisher":{"@id":"https:\/\/shop.lamifix.ch\/fr\/#organization"},"potentialAction":[{"@type":"SearchAction","target":{"@type":"EntryPoint","urlTemplate":"https:\/\/shop.lamifix.ch\/fr\/?s={search_term_string}"},"query-input":{"@type":"PropertyValueSpecification","valueRequired":true,"valueName":"search_term_string"}}],"inLanguage":"fr-FR"},{"@type":"Organization","@id":"https:\/\/shop.lamifix.ch\/fr\/#organization","name":"Lamifix Shop","url":"https:\/\/shop.lamifix.ch\/fr\/","logo":{"@type":"ImageObject","inLanguage":"fr-FR","@id":"https:\/\/shop.lamifix.ch\/fr\/#\/schema\/logo\/image\/","url":"https:\/\/shop.lamifix.ch\/wp-content\/uploads\/2022\/09\/LF-Logo-ohne-Kreuz-scaled.jpg","contentUrl":"https:\/\/shop.lamifix.ch\/wp-content\/uploads\/2022\/09\/LF-Logo-ohne-Kreuz-scaled.jpg","width":2560,"height":2084,"caption":"Lamifix Shop"},"image":{"@id":"https:\/\/shop.lamifix.ch\/fr\/#\/schema\/logo\/image\/"}}]}},"tiered_pricing_type":"fixed","tiered_pricing_fixed_rules":[],"tiered_pricing_product_settings":{"layout":"default","base_unit_name":{"singular":null,"plural":null},"default_variation":null},"tiered_pricing_minimum_quantity":null,"tiered_pricing_roles_data":[],"tiered_pricing_percentage_rules":[],"_links":{"self":[{"href":"https:\/\/shop.lamifix.ch\/fr\/wp-json\/wp\/v2\/product\/2976","targetHints":{"allow":["GET"]}}],"collection":[{"href":"https:\/\/shop.lamifix.ch\/fr\/wp-json\/wp\/v2\/product"}],"about":[{"href":"https:\/\/shop.lamifix.ch\/fr\/wp-json\/wp\/v2\/types\/product"}],"wp:featuredmedia":[{"embeddable":true,"href":"https:\/\/shop.lamifix.ch\/fr\/wp-json\/wp\/v2\/media\/3016"}],"wp:attachment":[{"href":"https:\/\/shop.lamifix.ch\/fr\/wp-json\/wp\/v2\/media?parent=2976"}],"wp:term":[{"taxonomy":"product_brand","embeddable":true,"href":"https:\/\/shop.lamifix.ch\/fr\/wp-json\/wp\/v2\/product_brand?post=2976"},{"taxonomy":"product_cat","embeddable":true,"href":"https:\/\/shop.lamifix.ch\/fr\/wp-json\/wp\/v2\/product_cat?post=2976"},{"taxonomy":"product_tag","embeddable":true,"href":"https:\/\/shop.lamifix.ch\/fr\/wp-json\/wp\/v2\/product_tag?post=2976"}],"curies":[{"name":"wp","href":"https:\/\/api.w.org\/{rel}","templated":true}]}}