{"id":2979,"date":"2022-09-25T12:06:41","date_gmt":"2022-09-25T10:06:41","guid":{"rendered":"https:\/\/shop.lamifix.ch\/?post_type=product&#038;p=2979"},"modified":"2025-12-07T13:01:29","modified_gmt":"2025-12-07T12:01:29","slug":"lamifix-verbinder-mit-holzschraube-schmale-ausfuehrung-verzinkt","status":"publish","type":"product","link":"https:\/\/shop.lamifix.ch\/fr\/produkt\/lamifix-verbinder-mit-holzschraube-schmale-ausfuehrung-verzinkt\/","title":{"rendered":"LamiFIX\u00ae Verbinder mit Holzschraube 5x38mm, schmale Ausf\u00fchrung, verzinkt"},"content":{"rendered":"<p><strong>LamiFIX\u00ae LF 20s.W5x38 (schmale Ausf\u00fchrung)<\/strong><\/p>\n<p>Der <strong>LamiFIX\u00ae LF 20s.W5x38<\/strong> ist ein hochwertiger Verbinder bestehend aus einer <strong>Lamelle 20 (45\u00d712\u00d74 mm)<\/strong> und einer <strong>verzinkten Holzschraube 5\u00d738 mm<\/strong>.<br \/>\nDer Verbinder wird auf der Holzseite mit einer <strong>Lamellofr\u00e4se, Einstellung 20<\/strong>, eingenutet und erm\u00f6glicht stabile, dauerhaft belastbare Anschl\u00fcsse an eine Vielzahl von Materialien \u2013 ideal f\u00fcr Holz-zu-Holz, aber auch f\u00fcr <strong>Beton, Backstein, Gips, Kalksandstein, Bruchstein<\/strong> und viele weitere Untergr\u00fcnde.<\/p>\n<p>Die Verbindung kann je nach Bedarf <strong>demontierbar mit der Schraube<\/strong> oder <strong>vollst\u00e4ndig unsichtbar mit Montagekleber<\/strong> hergestellt werden.<\/p>\n<p><strong>Vorteil der schmalen Ausf\u00fchrung<br \/>\n<\/strong>Durch die reduzierte Lamellenbreite hat der Verbinder einen <strong>kleineren Eindrehdurchmesser<\/strong>. Dadurch kann deutlich <strong>n\u00e4her an W\u00e4nde, Schr\u00e4nke etc. <\/strong>\u00a0gearbeitet werden \u2013 ideal z. B. f\u00fcr <strong>Wandanschlussleisten<\/strong> oder enge Montagesituationen, bei denen ein Standardverbinder zu breit w\u00e4re.<\/p>\n<p><strong>Typische Anwendungen<\/strong><\/p>\n<ul>\n<li>Wandanschlussleisten und enge Anschlusssituationen<\/li>\n<li>Befestigung von <strong>Tablaren<\/strong> und <strong>Ecktablaren<\/strong><\/li>\n<li><strong>Schiebet\u00fcrabdeckungen<\/strong> unten<\/li>\n<li>Abdeckungen, Verkleidungen und <strong>Blenden aller Art<\/strong><\/li>\n<li>Unsichtbare M\u00f6bel-, Innenausbau- und Ladenbauverbindungen<\/li>\n<li>u. v. m.<\/li>\n<\/ul>\n","protected":false},"excerpt":{"rendered":"<p>Verbinder mit Holzschraube, verzinkt<br \/>\nLamelle 20s, 20x12x4mm<br \/>\nHolzschraube 5x38mm<\/p>\n","protected":false},"featured_media":5204,"template":"","meta":{"_et_pb_use_builder":"","_et_pb_old_content":"","_et_gb_content_width":""},"product_brand":[274],"product_cat":[192,57],"product_tag":[276,275,277,245],"class_list":{"0":"post-2979","1":"product","2":"type-product","3":"status-publish","4":"has-post-thumbnail","6":"product_brand-lamifix","7":"product_cat-moebeltechnik","8":"product_cat-verbinder","9":"product_tag-lamelle-20","10":"product_tag-lamifix-verbinder","11":"product_tag-schmaler-holzverbinder","12":"product_tag-unsichtbarer-verbinder","13":"product_shipping_class-standard","14":"pa_einbau-bt","15":"pa_einbau-brettsh","16":"pa_einbau-gk","17":"pa_einbau-hh","18":"pa_einbau-kst","19":"pa_einbau-pbt","20":"pa_einbau-wh","21":"pa_exz-oexz","22":"pa_gw-hg","23":"pa_ve-50stk","24":"pa_ve-500-stueck","26":"first","27":"instock","28":"taxable","29":"shipping-taxable","30":"purchasable","31":"product-type-variable"},"bundled_by":[],"bundle_stock_status":"instock","bundle_stock_quantity":null,"bundle_virtual":false,"bundle_layout":"","bundle_add_to_cart_form_location":"","bundle_editable_in_cart":false,"bundle_sold_individually_context":"","bundle_item_grouping":"","bundle_min_size":"","bundle_max_size":"","bundled_items":[],"bundle_sell_ids":[],"yoast_head":"<!-- This site is optimized with the Yoast SEO plugin v27.4 - https:\/\/yoast.com\/product\/yoast-seo-wordpress\/ -->\n<title>LamiFIX\u00ae Verbinder mit Holzschraube 5x38mm, schmale Ausf\u00fchrung, verzinkt - Lamifix Shop<\/title>\n<meta name=\"description\" content=\"LamiFIX LF 20.W5x38 Verbinder f\u00fcr unsichtbare, stabile Holz- und Wandanschl\u00fcsse. Schmale Lamelle 20, ideal f\u00fcr enge Montagesituationen. Verzinkt, 5\u00d738 mm.\" \/>\n<meta name=\"robots\" content=\"index, follow, max-snippet:-1, max-image-preview:large, max-video-preview:-1\" \/>\n<link rel=\"canonical\" href=\"https:\/\/shop.lamifix.ch\/fr\/produkt\/lamifix-verbinder-mit-holzschraube-schmale-ausfuehrung-verzinkt\/\" \/>\n<meta property=\"og:locale\" content=\"fr_FR\" \/>\n<meta property=\"og:type\" content=\"article\" \/>\n<meta property=\"og:title\" content=\"LamiFIX\u00ae Verbinder mit Holzschraube 5x38mm, schmale Ausf\u00fchrung, verzinkt - Lamifix Shop\" \/>\n<meta property=\"og:description\" content=\"LamiFIX LF 20.W5x38 Verbinder f\u00fcr unsichtbare, stabile Holz- und Wandanschl\u00fcsse. Schmale Lamelle 20, ideal f\u00fcr enge Montagesituationen. Verzinkt, 5\u00d738 mm.\" \/>\n<meta property=\"og:url\" content=\"https:\/\/shop.lamifix.ch\/fr\/produkt\/lamifix-verbinder-mit-holzschraube-schmale-ausfuehrung-verzinkt\/\" \/>\n<meta property=\"og:site_name\" content=\"Lamifix Shop\" \/>\n<meta property=\"article:modified_time\" content=\"2025-12-07T12:01:29+00:00\" \/>\n<meta property=\"og:image\" content=\"https:\/\/shop.lamifix.ch\/wp-content\/uploads\/2025\/09\/20s.W5x38.jpg\" \/>\n\t<meta property=\"og:image:width\" content=\"827\" \/>\n\t<meta property=\"og:image:height\" content=\"827\" \/>\n\t<meta property=\"og:image:type\" content=\"image\/jpeg\" \/>\n<meta name=\"twitter:card\" content=\"summary_large_image\" \/>\n<meta name=\"twitter:label1\" content=\"Dur\u00e9e de lecture estim\u00e9e\" \/>\n\t<meta name=\"twitter:data1\" content=\"2 minutes\" \/>\n<script type=\"application\/ld+json\" class=\"yoast-schema-graph\">{\"@context\":\"https:\\\/\\\/schema.org\",\"@graph\":[{\"@type\":\"WebPage\",\"@id\":\"https:\\\/\\\/shop.lamifix.ch\\\/fr\\\/produkt\\\/lamifix-verbinder-mit-holzschraube-schmale-ausfuehrung-verzinkt\\\/\",\"url\":\"https:\\\/\\\/shop.lamifix.ch\\\/fr\\\/produkt\\\/lamifix-verbinder-mit-holzschraube-schmale-ausfuehrung-verzinkt\\\/\",\"name\":\"LamiFIX\u00ae Verbinder mit Holzschraube 5x38mm, schmale Ausf\u00fchrung, verzinkt - Lamifix Shop\",\"isPartOf\":{\"@id\":\"https:\\\/\\\/shop.lamifix.ch\\\/fr\\\/#website\"},\"primaryImageOfPage\":{\"@id\":\"https:\\\/\\\/shop.lamifix.ch\\\/fr\\\/produkt\\\/lamifix-verbinder-mit-holzschraube-schmale-ausfuehrung-verzinkt\\\/#primaryimage\"},\"image\":{\"@id\":\"https:\\\/\\\/shop.lamifix.ch\\\/fr\\\/produkt\\\/lamifix-verbinder-mit-holzschraube-schmale-ausfuehrung-verzinkt\\\/#primaryimage\"},\"thumbnailUrl\":\"https:\\\/\\\/shop.lamifix.ch\\\/wp-content\\\/uploads\\\/2025\\\/09\\\/20s.W5x38.jpg\",\"datePublished\":\"2022-09-25T10:06:41+00:00\",\"dateModified\":\"2025-12-07T12:01:29+00:00\",\"description\":\"LamiFIX LF 20.W5x38 Verbinder f\u00fcr unsichtbare, stabile Holz- und Wandanschl\u00fcsse. Schmale Lamelle 20, ideal f\u00fcr enge Montagesituationen. Verzinkt, 5\u00d738 mm.\",\"breadcrumb\":{\"@id\":\"https:\\\/\\\/shop.lamifix.ch\\\/fr\\\/produkt\\\/lamifix-verbinder-mit-holzschraube-schmale-ausfuehrung-verzinkt\\\/#breadcrumb\"},\"inLanguage\":\"fr-FR\",\"potentialAction\":[{\"@type\":\"ReadAction\",\"target\":[\"https:\\\/\\\/shop.lamifix.ch\\\/fr\\\/produkt\\\/lamifix-verbinder-mit-holzschraube-schmale-ausfuehrung-verzinkt\\\/\"]}]},{\"@type\":\"ImageObject\",\"inLanguage\":\"fr-FR\",\"@id\":\"https:\\\/\\\/shop.lamifix.ch\\\/fr\\\/produkt\\\/lamifix-verbinder-mit-holzschraube-schmale-ausfuehrung-verzinkt\\\/#primaryimage\",\"url\":\"https:\\\/\\\/shop.lamifix.ch\\\/wp-content\\\/uploads\\\/2025\\\/09\\\/20s.W5x38.jpg\",\"contentUrl\":\"https:\\\/\\\/shop.lamifix.ch\\\/wp-content\\\/uploads\\\/2025\\\/09\\\/20s.W5x38.jpg\",\"width\":827,\"height\":827},{\"@type\":\"BreadcrumbList\",\"@id\":\"https:\\\/\\\/shop.lamifix.ch\\\/fr\\\/produkt\\\/lamifix-verbinder-mit-holzschraube-schmale-ausfuehrung-verzinkt\\\/#breadcrumb\",\"itemListElement\":[{\"@type\":\"ListItem\",\"position\":1,\"name\":\"Home\",\"item\":\"https:\\\/\\\/shop.lamifix.ch\\\/fr\\\/\"},{\"@type\":\"ListItem\",\"position\":2,\"name\":\"Boutique\",\"item\":\"https:\\\/\\\/shop.lamifix.ch\\\/fr\\\/boutique\\\/\"},{\"@type\":\"ListItem\",\"position\":3,\"name\":\"LamiFIX\u00ae Verbinder mit Holzschraube 5x38mm, schmale Ausf\u00fchrung, verzinkt\"}]},{\"@type\":\"WebSite\",\"@id\":\"https:\\\/\\\/shop.lamifix.ch\\\/fr\\\/#website\",\"url\":\"https:\\\/\\\/shop.lamifix.ch\\\/fr\\\/\",\"name\":\"Lamifix Shop\",\"description\":\"Treppen und Stiegen-Elemente f\u00fcr den modernen Treppenbau\",\"publisher\":{\"@id\":\"https:\\\/\\\/shop.lamifix.ch\\\/fr\\\/#organization\"},\"potentialAction\":[{\"@type\":\"SearchAction\",\"target\":{\"@type\":\"EntryPoint\",\"urlTemplate\":\"https:\\\/\\\/shop.lamifix.ch\\\/fr\\\/?s={search_term_string}\"},\"query-input\":{\"@type\":\"PropertyValueSpecification\",\"valueRequired\":true,\"valueName\":\"search_term_string\"}}],\"inLanguage\":\"fr-FR\"},{\"@type\":\"Organization\",\"@id\":\"https:\\\/\\\/shop.lamifix.ch\\\/fr\\\/#organization\",\"name\":\"Lamifix Shop\",\"url\":\"https:\\\/\\\/shop.lamifix.ch\\\/fr\\\/\",\"logo\":{\"@type\":\"ImageObject\",\"inLanguage\":\"fr-FR\",\"@id\":\"https:\\\/\\\/shop.lamifix.ch\\\/fr\\\/#\\\/schema\\\/logo\\\/image\\\/\",\"url\":\"https:\\\/\\\/shop.lamifix.ch\\\/wp-content\\\/uploads\\\/2022\\\/09\\\/LF-Logo-ohne-Kreuz-scaled.jpg\",\"contentUrl\":\"https:\\\/\\\/shop.lamifix.ch\\\/wp-content\\\/uploads\\\/2022\\\/09\\\/LF-Logo-ohne-Kreuz-scaled.jpg\",\"width\":2560,\"height\":2084,\"caption\":\"Lamifix Shop\"},\"image\":{\"@id\":\"https:\\\/\\\/shop.lamifix.ch\\\/fr\\\/#\\\/schema\\\/logo\\\/image\\\/\"}}]}<\/script>\n<!-- \/ Yoast SEO plugin. -->","yoast_head_json":{"title":"LamiFIX\u00ae Verbinder mit Holzschraube 5x38mm, schmale Ausf\u00fchrung, verzinkt - Lamifix Shop","description":"LamiFIX LF 20.W5x38 Verbinder f\u00fcr unsichtbare, stabile Holz- und Wandanschl\u00fcsse. Schmale Lamelle 20, ideal f\u00fcr enge Montagesituationen. Verzinkt, 5\u00d738 mm.","robots":{"index":"index","follow":"follow","max-snippet":"max-snippet:-1","max-image-preview":"max-image-preview:large","max-video-preview":"max-video-preview:-1"},"canonical":"https:\/\/shop.lamifix.ch\/fr\/produkt\/lamifix-verbinder-mit-holzschraube-schmale-ausfuehrung-verzinkt\/","og_locale":"fr_FR","og_type":"article","og_title":"LamiFIX\u00ae Verbinder mit Holzschraube 5x38mm, schmale Ausf\u00fchrung, verzinkt - Lamifix Shop","og_description":"LamiFIX LF 20.W5x38 Verbinder f\u00fcr unsichtbare, stabile Holz- und Wandanschl\u00fcsse. Schmale Lamelle 20, ideal f\u00fcr enge Montagesituationen. Verzinkt, 5\u00d738 mm.","og_url":"https:\/\/shop.lamifix.ch\/fr\/produkt\/lamifix-verbinder-mit-holzschraube-schmale-ausfuehrung-verzinkt\/","og_site_name":"Lamifix Shop","article_modified_time":"2025-12-07T12:01:29+00:00","og_image":[{"width":827,"height":827,"url":"https:\/\/shop.lamifix.ch\/wp-content\/uploads\/2025\/09\/20s.W5x38.jpg","type":"image\/jpeg"}],"twitter_card":"summary_large_image","twitter_misc":{"Dur\u00e9e de lecture estim\u00e9e":"2 minutes"},"schema":{"@context":"https:\/\/schema.org","@graph":[{"@type":"WebPage","@id":"https:\/\/shop.lamifix.ch\/fr\/produkt\/lamifix-verbinder-mit-holzschraube-schmale-ausfuehrung-verzinkt\/","url":"https:\/\/shop.lamifix.ch\/fr\/produkt\/lamifix-verbinder-mit-holzschraube-schmale-ausfuehrung-verzinkt\/","name":"LamiFIX\u00ae Verbinder mit Holzschraube 5x38mm, schmale Ausf\u00fchrung, verzinkt - Lamifix Shop","isPartOf":{"@id":"https:\/\/shop.lamifix.ch\/fr\/#website"},"primaryImageOfPage":{"@id":"https:\/\/shop.lamifix.ch\/fr\/produkt\/lamifix-verbinder-mit-holzschraube-schmale-ausfuehrung-verzinkt\/#primaryimage"},"image":{"@id":"https:\/\/shop.lamifix.ch\/fr\/produkt\/lamifix-verbinder-mit-holzschraube-schmale-ausfuehrung-verzinkt\/#primaryimage"},"thumbnailUrl":"https:\/\/shop.lamifix.ch\/wp-content\/uploads\/2025\/09\/20s.W5x38.jpg","datePublished":"2022-09-25T10:06:41+00:00","dateModified":"2025-12-07T12:01:29+00:00","description":"LamiFIX LF 20.W5x38 Verbinder f\u00fcr unsichtbare, stabile Holz- und Wandanschl\u00fcsse. Schmale Lamelle 20, ideal f\u00fcr enge Montagesituationen. Verzinkt, 5\u00d738 mm.","breadcrumb":{"@id":"https:\/\/shop.lamifix.ch\/fr\/produkt\/lamifix-verbinder-mit-holzschraube-schmale-ausfuehrung-verzinkt\/#breadcrumb"},"inLanguage":"fr-FR","potentialAction":[{"@type":"ReadAction","target":["https:\/\/shop.lamifix.ch\/fr\/produkt\/lamifix-verbinder-mit-holzschraube-schmale-ausfuehrung-verzinkt\/"]}]},{"@type":"ImageObject","inLanguage":"fr-FR","@id":"https:\/\/shop.lamifix.ch\/fr\/produkt\/lamifix-verbinder-mit-holzschraube-schmale-ausfuehrung-verzinkt\/#primaryimage","url":"https:\/\/shop.lamifix.ch\/wp-content\/uploads\/2025\/09\/20s.W5x38.jpg","contentUrl":"https:\/\/shop.lamifix.ch\/wp-content\/uploads\/2025\/09\/20s.W5x38.jpg","width":827,"height":827},{"@type":"BreadcrumbList","@id":"https:\/\/shop.lamifix.ch\/fr\/produkt\/lamifix-verbinder-mit-holzschraube-schmale-ausfuehrung-verzinkt\/#breadcrumb","itemListElement":[{"@type":"ListItem","position":1,"name":"Home","item":"https:\/\/shop.lamifix.ch\/fr\/"},{"@type":"ListItem","position":2,"name":"Boutique","item":"https:\/\/shop.lamifix.ch\/fr\/boutique\/"},{"@type":"ListItem","position":3,"name":"LamiFIX\u00ae Verbinder mit Holzschraube 5x38mm, schmale Ausf\u00fchrung, verzinkt"}]},{"@type":"WebSite","@id":"https:\/\/shop.lamifix.ch\/fr\/#website","url":"https:\/\/shop.lamifix.ch\/fr\/","name":"Lamifix Shop","description":"Treppen und Stiegen-Elemente f\u00fcr den modernen Treppenbau","publisher":{"@id":"https:\/\/shop.lamifix.ch\/fr\/#organization"},"potentialAction":[{"@type":"SearchAction","target":{"@type":"EntryPoint","urlTemplate":"https:\/\/shop.lamifix.ch\/fr\/?s={search_term_string}"},"query-input":{"@type":"PropertyValueSpecification","valueRequired":true,"valueName":"search_term_string"}}],"inLanguage":"fr-FR"},{"@type":"Organization","@id":"https:\/\/shop.lamifix.ch\/fr\/#organization","name":"Lamifix Shop","url":"https:\/\/shop.lamifix.ch\/fr\/","logo":{"@type":"ImageObject","inLanguage":"fr-FR","@id":"https:\/\/shop.lamifix.ch\/fr\/#\/schema\/logo\/image\/","url":"https:\/\/shop.lamifix.ch\/wp-content\/uploads\/2022\/09\/LF-Logo-ohne-Kreuz-scaled.jpg","contentUrl":"https:\/\/shop.lamifix.ch\/wp-content\/uploads\/2022\/09\/LF-Logo-ohne-Kreuz-scaled.jpg","width":2560,"height":2084,"caption":"Lamifix Shop"},"image":{"@id":"https:\/\/shop.lamifix.ch\/fr\/#\/schema\/logo\/image\/"}}]}},"tiered_pricing_type":"fixed","tiered_pricing_fixed_rules":[],"tiered_pricing_product_settings":{"layout":"default","base_unit_name":{"singular":null,"plural":null},"default_variation":null},"tiered_pricing_minimum_quantity":null,"tiered_pricing_roles_data":[],"tiered_pricing_percentage_rules":[],"_links":{"self":[{"href":"https:\/\/shop.lamifix.ch\/fr\/wp-json\/wp\/v2\/product\/2979","targetHints":{"allow":["GET"]}}],"collection":[{"href":"https:\/\/shop.lamifix.ch\/fr\/wp-json\/wp\/v2\/product"}],"about":[{"href":"https:\/\/shop.lamifix.ch\/fr\/wp-json\/wp\/v2\/types\/product"}],"wp:featuredmedia":[{"embeddable":true,"href":"https:\/\/shop.lamifix.ch\/fr\/wp-json\/wp\/v2\/media\/5204"}],"wp:attachment":[{"href":"https:\/\/shop.lamifix.ch\/fr\/wp-json\/wp\/v2\/media?parent=2979"}],"wp:term":[{"taxonomy":"product_brand","embeddable":true,"href":"https:\/\/shop.lamifix.ch\/fr\/wp-json\/wp\/v2\/product_brand?post=2979"},{"taxonomy":"product_cat","embeddable":true,"href":"https:\/\/shop.lamifix.ch\/fr\/wp-json\/wp\/v2\/product_cat?post=2979"},{"taxonomy":"product_tag","embeddable":true,"href":"https:\/\/shop.lamifix.ch\/fr\/wp-json\/wp\/v2\/product_tag?post=2979"}],"curies":[{"name":"wp","href":"https:\/\/api.w.org\/{rel}","templated":true}]}}