{"id":2987,"date":"2022-09-25T12:43:03","date_gmt":"2022-09-25T10:43:03","guid":{"rendered":"https:\/\/shop.lamifix.ch\/?post_type=product&#038;p=2987"},"modified":"2025-12-07T13:03:35","modified_gmt":"2025-12-07T12:03:35","slug":"lamifix-verbinder-mit-holzschraube-5x38mm-verzinkt","status":"publish","type":"product","link":"https:\/\/shop.lamifix.ch\/fr\/produkt\/lamifix-verbinder-mit-holzschraube-5x38mm-verzinkt\/","title":{"rendered":"LamiFIX\u00ae Verbinder mit Holzschraube 5x38mm, verzinkt"},"content":{"rendered":"<div class=\"woocommerce-product-details__short-description\">\n<p data-start=\"230\" data-end=\"564\">Der LamiFIX\u00ae LF 20.W5x38 ist ein Verbinder mit Lamelle 20 (45\u00d712\u00d74mm) und Holzschraube 5\u00d738mm. Stahl verzinkt.<br data-start=\"337\" data-end=\"340\" \/>Der Verbinder wird auf der einen Seite mit einer Lamellofr\u00e4se (Einstellung 20) eingenutet und eignet sich ideal f\u00fcr stabile Anschl\u00fcsse von Holz an Holz,\u00a0 Beton, Backstein, Gips, Kalksandstein, Bruchstein und anderen Materialien.<\/p>\n<p data-start=\"230\" data-end=\"564\">Die Verbindung kann entweder mit der Schraube demontierbar oder mit Montagekleber vollst\u00e4ndig unsichtbar hergestellt werden.<\/p>\n<p data-start=\"690\" data-end=\"715\"><strong data-start=\"690\" data-end=\"715\">Typische Anwendungen:<\/strong><\/p>\n<ul data-start=\"716\" data-end=\"974\">\n<li data-start=\"716\" data-end=\"768\">\n<p data-start=\"718\" data-end=\"768\">Befestigung von <strong data-start=\"734\" data-end=\"746\">Tablaren<\/strong> und <strong data-start=\"751\" data-end=\"766\">Ecktablaren<\/strong><\/p>\n<\/li>\n<li data-start=\"769\" data-end=\"804\">\n<p data-start=\"771\" data-end=\"804\"><strong data-start=\"771\" data-end=\"796\">Schiebet\u00fcrabdeckungen<\/strong> unten<\/p>\n<\/li>\n<li data-start=\"805\" data-end=\"832\">\n<p data-start=\"807\" data-end=\"832\"><strong data-start=\"807\" data-end=\"830\">Schiebet\u00fcrf\u00fchrungen<\/strong><\/p>\n<\/li>\n<li data-start=\"833\" data-end=\"870\">\n<p data-start=\"835\" data-end=\"870\">Abdeckungen und Blenden aller Art<\/p>\n<\/li>\n<li data-start=\"924\" data-end=\"974\">\n<p data-start=\"926\" data-end=\"974\">Unsichtbare M\u00f6bel- und Innenausbauverbindungen<br \/>\netc.<\/p>\n<\/li>\n<\/ul>\n<\/div>\n","protected":false},"excerpt":{"rendered":"<p>Verbinder mit Holzschraube, verzinkt<br \/>\nLamelle 20, 45x12x4mm<br \/>\nHolzschraube 5x38mm<\/p>\n","protected":false},"featured_media":5217,"template":"","meta":{"_et_pb_use_builder":"","_et_pb_old_content":"","_et_gb_content_width":""},"product_brand":[274],"product_cat":[192,57],"product_tag":[268,270,267,269],"class_list":{"0":"post-2987","1":"product","2":"type-product","3":"status-publish","4":"has-post-thumbnail","6":"product_brand-lamifix","7":"product_cat-moebeltechnik","8":"product_cat-verbinder","9":"product_tag-ecktablar-traeger","10":"product_tag-schiebetuerbefestigung-unten","11":"product_tag-tablartraeger-zum-einnuten","12":"product_tag-unsichtbare-lamellenverbinder","13":"product_shipping_class-standard","14":"pa_einbau-bt","15":"pa_einbau-brettsh","16":"pa_einbau-gk","17":"pa_einbau-hh","18":"pa_einbau-kst","19":"pa_einbau-pbt","20":"pa_einbau-wh","21":"pa_exz-oexz","22":"pa_gw-hg","23":"pa_ve-50stk","24":"pa_ve-500-stueck","26":"first","27":"instock","28":"featured","29":"taxable","30":"shipping-taxable","31":"purchasable","32":"product-type-variable"},"bundled_by":[],"bundle_stock_status":"instock","bundle_stock_quantity":null,"bundle_virtual":false,"bundle_layout":"","bundle_add_to_cart_form_location":"","bundle_editable_in_cart":false,"bundle_sold_individually_context":"","bundle_item_grouping":"","bundle_min_size":"","bundle_max_size":"","bundled_items":[],"bundle_sell_ids":[],"yoast_head":"<!-- This site is optimized with the Yoast SEO plugin v27.4 - https:\/\/yoast.com\/product\/yoast-seo-wordpress\/ -->\n<title>LamiFIX\u00ae Verbinder mit Holzschraube 5x38mm, verzinkt - Lamifix Shop<\/title>\n<meta name=\"description\" content=\"Lamelle 20 Verbinder \u2013 passend zur Lamello-Einstellung. Unsichtbar, stark &amp; einfach montierbar. Perfekt f\u00fcr Tablare, M\u00f6belbau &amp; Innenausbau.\" \/>\n<meta name=\"robots\" content=\"index, follow, max-snippet:-1, max-image-preview:large, max-video-preview:-1\" \/>\n<link rel=\"canonical\" href=\"https:\/\/shop.lamifix.ch\/fr\/produkt\/lamifix-verbinder-mit-holzschraube-5x38mm-verzinkt\/\" \/>\n<meta property=\"og:locale\" content=\"fr_FR\" \/>\n<meta property=\"og:type\" content=\"article\" \/>\n<meta property=\"og:title\" content=\"LamiFIX\u00ae Verbinder mit Holzschraube 5x38mm, verzinkt - Lamifix Shop\" \/>\n<meta property=\"og:description\" content=\"Lamelle 20 Verbinder \u2013 passend zur Lamello-Einstellung. Unsichtbar, stark &amp; einfach montierbar. Perfekt f\u00fcr Tablare, M\u00f6belbau &amp; Innenausbau.\" \/>\n<meta property=\"og:url\" content=\"https:\/\/shop.lamifix.ch\/fr\/produkt\/lamifix-verbinder-mit-holzschraube-5x38mm-verzinkt\/\" \/>\n<meta property=\"og:site_name\" content=\"Lamifix Shop\" \/>\n<meta property=\"article:modified_time\" content=\"2025-12-07T12:03:35+00:00\" \/>\n<meta property=\"og:image\" content=\"https:\/\/shop.lamifix.ch\/wp-content\/uploads\/2025\/09\/20.W5x38.jpg\" \/>\n\t<meta property=\"og:image:width\" content=\"800\" \/>\n\t<meta property=\"og:image:height\" content=\"800\" \/>\n\t<meta property=\"og:image:type\" content=\"image\/jpeg\" \/>\n<meta name=\"twitter:card\" content=\"summary_large_image\" \/>\n<meta name=\"twitter:label1\" content=\"Dur\u00e9e de lecture estim\u00e9e\" \/>\n\t<meta name=\"twitter:data1\" content=\"1 minute\" \/>\n<script type=\"application\/ld+json\" class=\"yoast-schema-graph\">{\"@context\":\"https:\\\/\\\/schema.org\",\"@graph\":[{\"@type\":\"WebPage\",\"@id\":\"https:\\\/\\\/shop.lamifix.ch\\\/fr\\\/produkt\\\/lamifix-verbinder-mit-holzschraube-5x38mm-verzinkt\\\/\",\"url\":\"https:\\\/\\\/shop.lamifix.ch\\\/fr\\\/produkt\\\/lamifix-verbinder-mit-holzschraube-5x38mm-verzinkt\\\/\",\"name\":\"LamiFIX\u00ae Verbinder mit Holzschraube 5x38mm, verzinkt - Lamifix Shop\",\"isPartOf\":{\"@id\":\"https:\\\/\\\/shop.lamifix.ch\\\/fr\\\/#website\"},\"primaryImageOfPage\":{\"@id\":\"https:\\\/\\\/shop.lamifix.ch\\\/fr\\\/produkt\\\/lamifix-verbinder-mit-holzschraube-5x38mm-verzinkt\\\/#primaryimage\"},\"image\":{\"@id\":\"https:\\\/\\\/shop.lamifix.ch\\\/fr\\\/produkt\\\/lamifix-verbinder-mit-holzschraube-5x38mm-verzinkt\\\/#primaryimage\"},\"thumbnailUrl\":\"https:\\\/\\\/shop.lamifix.ch\\\/wp-content\\\/uploads\\\/2025\\\/09\\\/20.W5x38.jpg\",\"datePublished\":\"2022-09-25T10:43:03+00:00\",\"dateModified\":\"2025-12-07T12:03:35+00:00\",\"description\":\"Lamelle 20 Verbinder \u2013 passend zur Lamello-Einstellung. Unsichtbar, stark & einfach montierbar. Perfekt f\u00fcr Tablare, M\u00f6belbau & Innenausbau.\",\"breadcrumb\":{\"@id\":\"https:\\\/\\\/shop.lamifix.ch\\\/fr\\\/produkt\\\/lamifix-verbinder-mit-holzschraube-5x38mm-verzinkt\\\/#breadcrumb\"},\"inLanguage\":\"fr-FR\",\"potentialAction\":[{\"@type\":\"ReadAction\",\"target\":[\"https:\\\/\\\/shop.lamifix.ch\\\/fr\\\/produkt\\\/lamifix-verbinder-mit-holzschraube-5x38mm-verzinkt\\\/\"]}]},{\"@type\":\"ImageObject\",\"inLanguage\":\"fr-FR\",\"@id\":\"https:\\\/\\\/shop.lamifix.ch\\\/fr\\\/produkt\\\/lamifix-verbinder-mit-holzschraube-5x38mm-verzinkt\\\/#primaryimage\",\"url\":\"https:\\\/\\\/shop.lamifix.ch\\\/wp-content\\\/uploads\\\/2025\\\/09\\\/20.W5x38.jpg\",\"contentUrl\":\"https:\\\/\\\/shop.lamifix.ch\\\/wp-content\\\/uploads\\\/2025\\\/09\\\/20.W5x38.jpg\",\"width\":800,\"height\":800},{\"@type\":\"BreadcrumbList\",\"@id\":\"https:\\\/\\\/shop.lamifix.ch\\\/fr\\\/produkt\\\/lamifix-verbinder-mit-holzschraube-5x38mm-verzinkt\\\/#breadcrumb\",\"itemListElement\":[{\"@type\":\"ListItem\",\"position\":1,\"name\":\"Home\",\"item\":\"https:\\\/\\\/shop.lamifix.ch\\\/fr\\\/\"},{\"@type\":\"ListItem\",\"position\":2,\"name\":\"Boutique\",\"item\":\"https:\\\/\\\/shop.lamifix.ch\\\/fr\\\/boutique\\\/\"},{\"@type\":\"ListItem\",\"position\":3,\"name\":\"LamiFIX\u00ae Verbinder mit Holzschraube 5x38mm, verzinkt\"}]},{\"@type\":\"WebSite\",\"@id\":\"https:\\\/\\\/shop.lamifix.ch\\\/fr\\\/#website\",\"url\":\"https:\\\/\\\/shop.lamifix.ch\\\/fr\\\/\",\"name\":\"Lamifix Shop\",\"description\":\"Treppen und Stiegen-Elemente f\u00fcr den modernen Treppenbau\",\"publisher\":{\"@id\":\"https:\\\/\\\/shop.lamifix.ch\\\/fr\\\/#organization\"},\"potentialAction\":[{\"@type\":\"SearchAction\",\"target\":{\"@type\":\"EntryPoint\",\"urlTemplate\":\"https:\\\/\\\/shop.lamifix.ch\\\/fr\\\/?s={search_term_string}\"},\"query-input\":{\"@type\":\"PropertyValueSpecification\",\"valueRequired\":true,\"valueName\":\"search_term_string\"}}],\"inLanguage\":\"fr-FR\"},{\"@type\":\"Organization\",\"@id\":\"https:\\\/\\\/shop.lamifix.ch\\\/fr\\\/#organization\",\"name\":\"Lamifix Shop\",\"url\":\"https:\\\/\\\/shop.lamifix.ch\\\/fr\\\/\",\"logo\":{\"@type\":\"ImageObject\",\"inLanguage\":\"fr-FR\",\"@id\":\"https:\\\/\\\/shop.lamifix.ch\\\/fr\\\/#\\\/schema\\\/logo\\\/image\\\/\",\"url\":\"https:\\\/\\\/shop.lamifix.ch\\\/wp-content\\\/uploads\\\/2022\\\/09\\\/LF-Logo-ohne-Kreuz-scaled.jpg\",\"contentUrl\":\"https:\\\/\\\/shop.lamifix.ch\\\/wp-content\\\/uploads\\\/2022\\\/09\\\/LF-Logo-ohne-Kreuz-scaled.jpg\",\"width\":2560,\"height\":2084,\"caption\":\"Lamifix Shop\"},\"image\":{\"@id\":\"https:\\\/\\\/shop.lamifix.ch\\\/fr\\\/#\\\/schema\\\/logo\\\/image\\\/\"}}]}<\/script>\n<!-- \/ Yoast SEO plugin. -->","yoast_head_json":{"title":"LamiFIX\u00ae Verbinder mit Holzschraube 5x38mm, verzinkt - Lamifix Shop","description":"Lamelle 20 Verbinder \u2013 passend zur Lamello-Einstellung. Unsichtbar, stark & einfach montierbar. Perfekt f\u00fcr Tablare, M\u00f6belbau & Innenausbau.","robots":{"index":"index","follow":"follow","max-snippet":"max-snippet:-1","max-image-preview":"max-image-preview:large","max-video-preview":"max-video-preview:-1"},"canonical":"https:\/\/shop.lamifix.ch\/fr\/produkt\/lamifix-verbinder-mit-holzschraube-5x38mm-verzinkt\/","og_locale":"fr_FR","og_type":"article","og_title":"LamiFIX\u00ae Verbinder mit Holzschraube 5x38mm, verzinkt - Lamifix Shop","og_description":"Lamelle 20 Verbinder \u2013 passend zur Lamello-Einstellung. Unsichtbar, stark & einfach montierbar. Perfekt f\u00fcr Tablare, M\u00f6belbau & Innenausbau.","og_url":"https:\/\/shop.lamifix.ch\/fr\/produkt\/lamifix-verbinder-mit-holzschraube-5x38mm-verzinkt\/","og_site_name":"Lamifix Shop","article_modified_time":"2025-12-07T12:03:35+00:00","og_image":[{"width":800,"height":800,"url":"https:\/\/shop.lamifix.ch\/wp-content\/uploads\/2025\/09\/20.W5x38.jpg","type":"image\/jpeg"}],"twitter_card":"summary_large_image","twitter_misc":{"Dur\u00e9e de lecture estim\u00e9e":"1 minute"},"schema":{"@context":"https:\/\/schema.org","@graph":[{"@type":"WebPage","@id":"https:\/\/shop.lamifix.ch\/fr\/produkt\/lamifix-verbinder-mit-holzschraube-5x38mm-verzinkt\/","url":"https:\/\/shop.lamifix.ch\/fr\/produkt\/lamifix-verbinder-mit-holzschraube-5x38mm-verzinkt\/","name":"LamiFIX\u00ae Verbinder mit Holzschraube 5x38mm, verzinkt - Lamifix Shop","isPartOf":{"@id":"https:\/\/shop.lamifix.ch\/fr\/#website"},"primaryImageOfPage":{"@id":"https:\/\/shop.lamifix.ch\/fr\/produkt\/lamifix-verbinder-mit-holzschraube-5x38mm-verzinkt\/#primaryimage"},"image":{"@id":"https:\/\/shop.lamifix.ch\/fr\/produkt\/lamifix-verbinder-mit-holzschraube-5x38mm-verzinkt\/#primaryimage"},"thumbnailUrl":"https:\/\/shop.lamifix.ch\/wp-content\/uploads\/2025\/09\/20.W5x38.jpg","datePublished":"2022-09-25T10:43:03+00:00","dateModified":"2025-12-07T12:03:35+00:00","description":"Lamelle 20 Verbinder \u2013 passend zur Lamello-Einstellung. Unsichtbar, stark & einfach montierbar. Perfekt f\u00fcr Tablare, M\u00f6belbau & Innenausbau.","breadcrumb":{"@id":"https:\/\/shop.lamifix.ch\/fr\/produkt\/lamifix-verbinder-mit-holzschraube-5x38mm-verzinkt\/#breadcrumb"},"inLanguage":"fr-FR","potentialAction":[{"@type":"ReadAction","target":["https:\/\/shop.lamifix.ch\/fr\/produkt\/lamifix-verbinder-mit-holzschraube-5x38mm-verzinkt\/"]}]},{"@type":"ImageObject","inLanguage":"fr-FR","@id":"https:\/\/shop.lamifix.ch\/fr\/produkt\/lamifix-verbinder-mit-holzschraube-5x38mm-verzinkt\/#primaryimage","url":"https:\/\/shop.lamifix.ch\/wp-content\/uploads\/2025\/09\/20.W5x38.jpg","contentUrl":"https:\/\/shop.lamifix.ch\/wp-content\/uploads\/2025\/09\/20.W5x38.jpg","width":800,"height":800},{"@type":"BreadcrumbList","@id":"https:\/\/shop.lamifix.ch\/fr\/produkt\/lamifix-verbinder-mit-holzschraube-5x38mm-verzinkt\/#breadcrumb","itemListElement":[{"@type":"ListItem","position":1,"name":"Home","item":"https:\/\/shop.lamifix.ch\/fr\/"},{"@type":"ListItem","position":2,"name":"Boutique","item":"https:\/\/shop.lamifix.ch\/fr\/boutique\/"},{"@type":"ListItem","position":3,"name":"LamiFIX\u00ae Verbinder mit Holzschraube 5x38mm, verzinkt"}]},{"@type":"WebSite","@id":"https:\/\/shop.lamifix.ch\/fr\/#website","url":"https:\/\/shop.lamifix.ch\/fr\/","name":"Lamifix Shop","description":"Treppen und Stiegen-Elemente f\u00fcr den modernen Treppenbau","publisher":{"@id":"https:\/\/shop.lamifix.ch\/fr\/#organization"},"potentialAction":[{"@type":"SearchAction","target":{"@type":"EntryPoint","urlTemplate":"https:\/\/shop.lamifix.ch\/fr\/?s={search_term_string}"},"query-input":{"@type":"PropertyValueSpecification","valueRequired":true,"valueName":"search_term_string"}}],"inLanguage":"fr-FR"},{"@type":"Organization","@id":"https:\/\/shop.lamifix.ch\/fr\/#organization","name":"Lamifix Shop","url":"https:\/\/shop.lamifix.ch\/fr\/","logo":{"@type":"ImageObject","inLanguage":"fr-FR","@id":"https:\/\/shop.lamifix.ch\/fr\/#\/schema\/logo\/image\/","url":"https:\/\/shop.lamifix.ch\/wp-content\/uploads\/2022\/09\/LF-Logo-ohne-Kreuz-scaled.jpg","contentUrl":"https:\/\/shop.lamifix.ch\/wp-content\/uploads\/2022\/09\/LF-Logo-ohne-Kreuz-scaled.jpg","width":2560,"height":2084,"caption":"Lamifix Shop"},"image":{"@id":"https:\/\/shop.lamifix.ch\/fr\/#\/schema\/logo\/image\/"}}]}},"tiered_pricing_type":"fixed","tiered_pricing_fixed_rules":[],"tiered_pricing_product_settings":{"layout":"default","base_unit_name":{"singular":null,"plural":null},"default_variation":null},"tiered_pricing_minimum_quantity":null,"tiered_pricing_roles_data":[],"tiered_pricing_percentage_rules":[],"_links":{"self":[{"href":"https:\/\/shop.lamifix.ch\/fr\/wp-json\/wp\/v2\/product\/2987","targetHints":{"allow":["GET"]}}],"collection":[{"href":"https:\/\/shop.lamifix.ch\/fr\/wp-json\/wp\/v2\/product"}],"about":[{"href":"https:\/\/shop.lamifix.ch\/fr\/wp-json\/wp\/v2\/types\/product"}],"wp:featuredmedia":[{"embeddable":true,"href":"https:\/\/shop.lamifix.ch\/fr\/wp-json\/wp\/v2\/media\/5217"}],"wp:attachment":[{"href":"https:\/\/shop.lamifix.ch\/fr\/wp-json\/wp\/v2\/media?parent=2987"}],"wp:term":[{"taxonomy":"product_brand","embeddable":true,"href":"https:\/\/shop.lamifix.ch\/fr\/wp-json\/wp\/v2\/product_brand?post=2987"},{"taxonomy":"product_cat","embeddable":true,"href":"https:\/\/shop.lamifix.ch\/fr\/wp-json\/wp\/v2\/product_cat?post=2987"},{"taxonomy":"product_tag","embeddable":true,"href":"https:\/\/shop.lamifix.ch\/fr\/wp-json\/wp\/v2\/product_tag?post=2987"}],"curies":[{"name":"wp","href":"https:\/\/api.w.org\/{rel}","templated":true}]}}