{"id":3045,"date":"2022-09-25T14:03:47","date_gmt":"2022-09-25T12:03:47","guid":{"rendered":"https:\/\/shop.lamifix.ch\/?post_type=product&#038;p=3045"},"modified":"2025-12-07T13:13:01","modified_gmt":"2025-12-07T12:13:01","slug":"lamifix-verbinder-zu-exzenter-mit-euro-gewinde-verzinkt","status":"publish","type":"product","link":"https:\/\/shop.lamifix.ch\/fr\/produkt\/lamifix-verbinder-zu-exzenter-mit-euro-gewinde-verzinkt\/","title":{"rendered":"LamiFIX\u00ae Verbinder zu Exzenter mit Euro-Gewinde, verzinkt"},"content":{"rendered":"<div class=\"woocommerce-product-details__short-description\">\n<p><strong>LF 20p.E6.3&#215;8.5 \u2013 Verbinder mit Eurogewinde, verzinkt<\/strong><\/p>\n<p><strong>Lamelle 20p | 45 \u00d7 18 \u00d7 4 mm | Eurogewinde \u00d8 6.3 \u00d7 8.5 mm<\/strong><br \/>\n<strong>Verarbeitung mit Lamello-Fr\u00e4se, Einstellung 20<\/strong><\/p>\n<p>Der <strong>LF 20p.E6.3&#215;8.5<\/strong> ist ein stabiler Verbinder f\u00fcr pr\u00e4zise M\u00f6bel- und Korpusverbindungen. Er verf\u00fcgt \u00fcber ein <strong>Eurogewinde \u00d86.3 \u00d7 8.5 mm<\/strong>, das speziell f\u00fcr <strong>5-mm-Reihenlochbohrungen<\/strong> ausgelegt ist. Damit eignet sich der Verbinder ideal f\u00fcr Systemm\u00f6bel, Schrankkorpusse und verdeckte Verbindungen im professionellen Innenausbau.<\/p>\n<p>In Kombination mit unseren hochwertigen, vernickelten <strong>Exzentern aus Zinkdruckguss<\/strong> entstehen belastbare, justierbare und montagefreundliche M\u00f6belverbindungen. Dank der Exzentertechnik k\u00f6nnen M\u00f6bel zerlegt transportiert und erst vor Ort schnell und sicher montiert werden.<\/p>\n<p>Die Abmessungen nach <strong>Lamelle 20p<\/strong> gew\u00e4hrleisten eine hohe Haltekraft sowie eine exakte Positionierung in <strong>Lamello-Nuten (Einstellung 20)<\/strong>.<\/p>\n<p><strong>Vorteile<\/strong><\/p>\n<ul>\n<li>Eurogewinde \u00d86.3 \u00d7 8.5 mm \u2013 optimal f\u00fcr <strong>5-mm-Reihenlochbohrungen<\/strong><\/li>\n<li>Kompatibel mit unseren <strong>Exzentern<\/strong><\/li>\n<li>Ideal f\u00fcr stabile, verdeckte M\u00f6bel- und Korpusverbindungen<\/li>\n<li>Einfacher Transport und schnelle Montage dank Exzentertechnik<\/li>\n<li>Hohe Anzugskr\u00e4fte durch robuste, vernickelte Zinkdruckguss-Beschl\u00e4ge<\/li>\n<li>Schnelle Verarbeitung mit der <strong>Lamellofr\u00e4se, Einstellung 20<\/strong><\/li>\n<li>Verzinkt f\u00fcr hohe Stabilit\u00e4t und Korrosionsschutz<\/li>\n<\/ul>\n<p><strong>Typische Einsatzbereiche<\/strong><\/p>\n<ul>\n<li>Exzenterverbindungen in Schr\u00e4nken und Korpussen<\/li>\n<li>Systemm\u00f6bel und M\u00f6belserien<\/li>\n<li>Verbindungen im <strong>5-mm-Reihenlochsystem<\/strong><\/li>\n<li>M\u00f6bel- und Innenausbau, Schreinerei, Montage<\/li>\n<li>Pr\u00e4zise, verdeckte und belastbare M\u00f6belverbindungen<\/li>\n<\/ul>\n<\/div>\n","protected":false},"excerpt":{"rendered":"<p>Verbinder zu Exzenter mit Euro-Gewinde, verzinkt<br \/>\nLamelle 20p, 45x18x4mm<br \/>\nEuro-Gewinde 6.3&#215;8.5mm<\/p>\n","protected":false},"featured_media":2957,"template":"","meta":{"_et_pb_use_builder":"","_et_pb_old_content":"","_et_gb_content_width":""},"product_brand":[274],"product_cat":[192,57],"product_tag":[293,294,279,251,289],"class_list":{"0":"post-3045","1":"product","2":"type-product","3":"status-publish","4":"has-post-thumbnail","6":"product_brand-lamifix","7":"product_cat-moebeltechnik","8":"product_cat-verbinder","9":"product_tag-eurogewinde-verbinder","10":"product_tag-exzenterverbindung","11":"product_tag-lamelle-20p","12":"product_tag-moebelverbinder","13":"product_tag-reihenlochbohrung-5mm","14":"product_shipping_class-standard","15":"pa_einbau-bt","16":"pa_einbau-brettsh","17":"pa_einbau-gk","18":"pa_einbau-hh","19":"pa_einbau-kst","20":"pa_einbau-pbt","21":"pa_einbau-wh","22":"pa_exz-mexz","23":"pa_gw-eg","24":"pa_ve-50stk","25":"pa_ve-500-stueck","27":"first","28":"instock","29":"taxable","30":"shipping-taxable","31":"purchasable","32":"product-type-variable"},"bundled_by":[],"bundle_stock_status":"instock","bundle_stock_quantity":null,"bundle_virtual":false,"bundle_layout":"","bundle_add_to_cart_form_location":"","bundle_editable_in_cart":false,"bundle_sold_individually_context":"","bundle_item_grouping":"","bundle_min_size":"","bundle_max_size":"","bundled_items":[],"bundle_sell_ids":[],"yoast_head":"<!-- This site is optimized with the Yoast SEO plugin v27.4 - https:\/\/yoast.com\/product\/yoast-seo-wordpress\/ -->\n<title>LamiFIX\u00ae Verbinder zu Exzenter mit Euro-Gewinde, verzinkt - Lamifix Shop<\/title>\n<meta name=\"description\" content=\"LF 20p.E6.3x8.5 \u2013 Verbinder mit Eurogewinde f\u00fcr 5-mm Reihenlochbohrungen. Ideal f\u00fcr stabile, verdeckte Exzenterverbindungen in M\u00f6beln und Korpussen.\" \/>\n<meta name=\"robots\" content=\"index, follow, max-snippet:-1, max-image-preview:large, max-video-preview:-1\" \/>\n<link rel=\"canonical\" href=\"https:\/\/shop.lamifix.ch\/fr\/produkt\/lamifix-verbinder-zu-exzenter-mit-euro-gewinde-verzinkt\/\" \/>\n<meta property=\"og:locale\" content=\"fr_FR\" \/>\n<meta property=\"og:type\" content=\"article\" \/>\n<meta property=\"og:title\" content=\"LamiFIX\u00ae Verbinder zu Exzenter mit Euro-Gewinde, verzinkt - Lamifix Shop\" \/>\n<meta property=\"og:description\" content=\"LF 20p.E6.3x8.5 \u2013 Verbinder mit Eurogewinde f\u00fcr 5-mm Reihenlochbohrungen. Ideal f\u00fcr stabile, verdeckte Exzenterverbindungen in M\u00f6beln und Korpussen.\" \/>\n<meta property=\"og:url\" content=\"https:\/\/shop.lamifix.ch\/fr\/produkt\/lamifix-verbinder-zu-exzenter-mit-euro-gewinde-verzinkt\/\" \/>\n<meta property=\"og:site_name\" content=\"Lamifix Shop\" \/>\n<meta property=\"article:modified_time\" content=\"2025-12-07T12:13:01+00:00\" \/>\n<meta property=\"og:image\" content=\"https:\/\/shop.lamifix.ch\/wp-content\/uploads\/2022\/09\/LF-20p.E-6.3x8.5-1.jpg\" \/>\n\t<meta property=\"og:image:width\" content=\"827\" \/>\n\t<meta property=\"og:image:height\" content=\"827\" \/>\n\t<meta property=\"og:image:type\" content=\"image\/jpeg\" \/>\n<meta name=\"twitter:card\" content=\"summary_large_image\" \/>\n<meta name=\"twitter:label1\" content=\"Dur\u00e9e de lecture estim\u00e9e\" \/>\n\t<meta name=\"twitter:data1\" content=\"2 minutes\" \/>\n<script type=\"application\/ld+json\" class=\"yoast-schema-graph\">{\"@context\":\"https:\\\/\\\/schema.org\",\"@graph\":[{\"@type\":\"WebPage\",\"@id\":\"https:\\\/\\\/shop.lamifix.ch\\\/fr\\\/produkt\\\/lamifix-verbinder-zu-exzenter-mit-euro-gewinde-verzinkt\\\/\",\"url\":\"https:\\\/\\\/shop.lamifix.ch\\\/fr\\\/produkt\\\/lamifix-verbinder-zu-exzenter-mit-euro-gewinde-verzinkt\\\/\",\"name\":\"LamiFIX\u00ae Verbinder zu Exzenter mit Euro-Gewinde, verzinkt - Lamifix Shop\",\"isPartOf\":{\"@id\":\"https:\\\/\\\/shop.lamifix.ch\\\/fr\\\/#website\"},\"primaryImageOfPage\":{\"@id\":\"https:\\\/\\\/shop.lamifix.ch\\\/fr\\\/produkt\\\/lamifix-verbinder-zu-exzenter-mit-euro-gewinde-verzinkt\\\/#primaryimage\"},\"image\":{\"@id\":\"https:\\\/\\\/shop.lamifix.ch\\\/fr\\\/produkt\\\/lamifix-verbinder-zu-exzenter-mit-euro-gewinde-verzinkt\\\/#primaryimage\"},\"thumbnailUrl\":\"https:\\\/\\\/shop.lamifix.ch\\\/wp-content\\\/uploads\\\/2022\\\/09\\\/LF-20p.E-6.3x8.5-1.jpg\",\"datePublished\":\"2022-09-25T12:03:47+00:00\",\"dateModified\":\"2025-12-07T12:13:01+00:00\",\"description\":\"LF 20p.E6.3x8.5 \u2013 Verbinder mit Eurogewinde f\u00fcr 5-mm Reihenlochbohrungen. Ideal f\u00fcr stabile, verdeckte Exzenterverbindungen in M\u00f6beln und Korpussen.\",\"breadcrumb\":{\"@id\":\"https:\\\/\\\/shop.lamifix.ch\\\/fr\\\/produkt\\\/lamifix-verbinder-zu-exzenter-mit-euro-gewinde-verzinkt\\\/#breadcrumb\"},\"inLanguage\":\"fr-FR\",\"potentialAction\":[{\"@type\":\"ReadAction\",\"target\":[\"https:\\\/\\\/shop.lamifix.ch\\\/fr\\\/produkt\\\/lamifix-verbinder-zu-exzenter-mit-euro-gewinde-verzinkt\\\/\"]}]},{\"@type\":\"ImageObject\",\"inLanguage\":\"fr-FR\",\"@id\":\"https:\\\/\\\/shop.lamifix.ch\\\/fr\\\/produkt\\\/lamifix-verbinder-zu-exzenter-mit-euro-gewinde-verzinkt\\\/#primaryimage\",\"url\":\"https:\\\/\\\/shop.lamifix.ch\\\/wp-content\\\/uploads\\\/2022\\\/09\\\/LF-20p.E-6.3x8.5-1.jpg\",\"contentUrl\":\"https:\\\/\\\/shop.lamifix.ch\\\/wp-content\\\/uploads\\\/2022\\\/09\\\/LF-20p.E-6.3x8.5-1.jpg\",\"width\":827,\"height\":827},{\"@type\":\"BreadcrumbList\",\"@id\":\"https:\\\/\\\/shop.lamifix.ch\\\/fr\\\/produkt\\\/lamifix-verbinder-zu-exzenter-mit-euro-gewinde-verzinkt\\\/#breadcrumb\",\"itemListElement\":[{\"@type\":\"ListItem\",\"position\":1,\"name\":\"Home\",\"item\":\"https:\\\/\\\/shop.lamifix.ch\\\/fr\\\/\"},{\"@type\":\"ListItem\",\"position\":2,\"name\":\"Boutique\",\"item\":\"https:\\\/\\\/shop.lamifix.ch\\\/fr\\\/boutique\\\/\"},{\"@type\":\"ListItem\",\"position\":3,\"name\":\"LamiFIX\u00ae Verbinder zu Exzenter mit Euro-Gewinde, verzinkt\"}]},{\"@type\":\"WebSite\",\"@id\":\"https:\\\/\\\/shop.lamifix.ch\\\/fr\\\/#website\",\"url\":\"https:\\\/\\\/shop.lamifix.ch\\\/fr\\\/\",\"name\":\"Lamifix Shop\",\"description\":\"Treppen und Stiegen-Elemente f\u00fcr den modernen Treppenbau\",\"publisher\":{\"@id\":\"https:\\\/\\\/shop.lamifix.ch\\\/fr\\\/#organization\"},\"potentialAction\":[{\"@type\":\"SearchAction\",\"target\":{\"@type\":\"EntryPoint\",\"urlTemplate\":\"https:\\\/\\\/shop.lamifix.ch\\\/fr\\\/?s={search_term_string}\"},\"query-input\":{\"@type\":\"PropertyValueSpecification\",\"valueRequired\":true,\"valueName\":\"search_term_string\"}}],\"inLanguage\":\"fr-FR\"},{\"@type\":\"Organization\",\"@id\":\"https:\\\/\\\/shop.lamifix.ch\\\/fr\\\/#organization\",\"name\":\"Lamifix Shop\",\"url\":\"https:\\\/\\\/shop.lamifix.ch\\\/fr\\\/\",\"logo\":{\"@type\":\"ImageObject\",\"inLanguage\":\"fr-FR\",\"@id\":\"https:\\\/\\\/shop.lamifix.ch\\\/fr\\\/#\\\/schema\\\/logo\\\/image\\\/\",\"url\":\"https:\\\/\\\/shop.lamifix.ch\\\/wp-content\\\/uploads\\\/2022\\\/09\\\/LF-Logo-ohne-Kreuz-scaled.jpg\",\"contentUrl\":\"https:\\\/\\\/shop.lamifix.ch\\\/wp-content\\\/uploads\\\/2022\\\/09\\\/LF-Logo-ohne-Kreuz-scaled.jpg\",\"width\":2560,\"height\":2084,\"caption\":\"Lamifix Shop\"},\"image\":{\"@id\":\"https:\\\/\\\/shop.lamifix.ch\\\/fr\\\/#\\\/schema\\\/logo\\\/image\\\/\"}}]}<\/script>\n<!-- \/ Yoast SEO plugin. -->","yoast_head_json":{"title":"LamiFIX\u00ae Verbinder zu Exzenter mit Euro-Gewinde, verzinkt - Lamifix Shop","description":"LF 20p.E6.3x8.5 \u2013 Verbinder mit Eurogewinde f\u00fcr 5-mm Reihenlochbohrungen. Ideal f\u00fcr stabile, verdeckte Exzenterverbindungen in M\u00f6beln und Korpussen.","robots":{"index":"index","follow":"follow","max-snippet":"max-snippet:-1","max-image-preview":"max-image-preview:large","max-video-preview":"max-video-preview:-1"},"canonical":"https:\/\/shop.lamifix.ch\/fr\/produkt\/lamifix-verbinder-zu-exzenter-mit-euro-gewinde-verzinkt\/","og_locale":"fr_FR","og_type":"article","og_title":"LamiFIX\u00ae Verbinder zu Exzenter mit Euro-Gewinde, verzinkt - Lamifix Shop","og_description":"LF 20p.E6.3x8.5 \u2013 Verbinder mit Eurogewinde f\u00fcr 5-mm Reihenlochbohrungen. Ideal f\u00fcr stabile, verdeckte Exzenterverbindungen in M\u00f6beln und Korpussen.","og_url":"https:\/\/shop.lamifix.ch\/fr\/produkt\/lamifix-verbinder-zu-exzenter-mit-euro-gewinde-verzinkt\/","og_site_name":"Lamifix Shop","article_modified_time":"2025-12-07T12:13:01+00:00","og_image":[{"width":827,"height":827,"url":"https:\/\/shop.lamifix.ch\/wp-content\/uploads\/2022\/09\/LF-20p.E-6.3x8.5-1.jpg","type":"image\/jpeg"}],"twitter_card":"summary_large_image","twitter_misc":{"Dur\u00e9e de lecture estim\u00e9e":"2 minutes"},"schema":{"@context":"https:\/\/schema.org","@graph":[{"@type":"WebPage","@id":"https:\/\/shop.lamifix.ch\/fr\/produkt\/lamifix-verbinder-zu-exzenter-mit-euro-gewinde-verzinkt\/","url":"https:\/\/shop.lamifix.ch\/fr\/produkt\/lamifix-verbinder-zu-exzenter-mit-euro-gewinde-verzinkt\/","name":"LamiFIX\u00ae Verbinder zu Exzenter mit Euro-Gewinde, verzinkt - Lamifix Shop","isPartOf":{"@id":"https:\/\/shop.lamifix.ch\/fr\/#website"},"primaryImageOfPage":{"@id":"https:\/\/shop.lamifix.ch\/fr\/produkt\/lamifix-verbinder-zu-exzenter-mit-euro-gewinde-verzinkt\/#primaryimage"},"image":{"@id":"https:\/\/shop.lamifix.ch\/fr\/produkt\/lamifix-verbinder-zu-exzenter-mit-euro-gewinde-verzinkt\/#primaryimage"},"thumbnailUrl":"https:\/\/shop.lamifix.ch\/wp-content\/uploads\/2022\/09\/LF-20p.E-6.3x8.5-1.jpg","datePublished":"2022-09-25T12:03:47+00:00","dateModified":"2025-12-07T12:13:01+00:00","description":"LF 20p.E6.3x8.5 \u2013 Verbinder mit Eurogewinde f\u00fcr 5-mm Reihenlochbohrungen. Ideal f\u00fcr stabile, verdeckte Exzenterverbindungen in M\u00f6beln und Korpussen.","breadcrumb":{"@id":"https:\/\/shop.lamifix.ch\/fr\/produkt\/lamifix-verbinder-zu-exzenter-mit-euro-gewinde-verzinkt\/#breadcrumb"},"inLanguage":"fr-FR","potentialAction":[{"@type":"ReadAction","target":["https:\/\/shop.lamifix.ch\/fr\/produkt\/lamifix-verbinder-zu-exzenter-mit-euro-gewinde-verzinkt\/"]}]},{"@type":"ImageObject","inLanguage":"fr-FR","@id":"https:\/\/shop.lamifix.ch\/fr\/produkt\/lamifix-verbinder-zu-exzenter-mit-euro-gewinde-verzinkt\/#primaryimage","url":"https:\/\/shop.lamifix.ch\/wp-content\/uploads\/2022\/09\/LF-20p.E-6.3x8.5-1.jpg","contentUrl":"https:\/\/shop.lamifix.ch\/wp-content\/uploads\/2022\/09\/LF-20p.E-6.3x8.5-1.jpg","width":827,"height":827},{"@type":"BreadcrumbList","@id":"https:\/\/shop.lamifix.ch\/fr\/produkt\/lamifix-verbinder-zu-exzenter-mit-euro-gewinde-verzinkt\/#breadcrumb","itemListElement":[{"@type":"ListItem","position":1,"name":"Home","item":"https:\/\/shop.lamifix.ch\/fr\/"},{"@type":"ListItem","position":2,"name":"Boutique","item":"https:\/\/shop.lamifix.ch\/fr\/boutique\/"},{"@type":"ListItem","position":3,"name":"LamiFIX\u00ae Verbinder zu Exzenter mit Euro-Gewinde, verzinkt"}]},{"@type":"WebSite","@id":"https:\/\/shop.lamifix.ch\/fr\/#website","url":"https:\/\/shop.lamifix.ch\/fr\/","name":"Lamifix Shop","description":"Treppen und Stiegen-Elemente f\u00fcr den modernen Treppenbau","publisher":{"@id":"https:\/\/shop.lamifix.ch\/fr\/#organization"},"potentialAction":[{"@type":"SearchAction","target":{"@type":"EntryPoint","urlTemplate":"https:\/\/shop.lamifix.ch\/fr\/?s={search_term_string}"},"query-input":{"@type":"PropertyValueSpecification","valueRequired":true,"valueName":"search_term_string"}}],"inLanguage":"fr-FR"},{"@type":"Organization","@id":"https:\/\/shop.lamifix.ch\/fr\/#organization","name":"Lamifix Shop","url":"https:\/\/shop.lamifix.ch\/fr\/","logo":{"@type":"ImageObject","inLanguage":"fr-FR","@id":"https:\/\/shop.lamifix.ch\/fr\/#\/schema\/logo\/image\/","url":"https:\/\/shop.lamifix.ch\/wp-content\/uploads\/2022\/09\/LF-Logo-ohne-Kreuz-scaled.jpg","contentUrl":"https:\/\/shop.lamifix.ch\/wp-content\/uploads\/2022\/09\/LF-Logo-ohne-Kreuz-scaled.jpg","width":2560,"height":2084,"caption":"Lamifix Shop"},"image":{"@id":"https:\/\/shop.lamifix.ch\/fr\/#\/schema\/logo\/image\/"}}]}},"tiered_pricing_type":"fixed","tiered_pricing_fixed_rules":[],"tiered_pricing_product_settings":{"layout":"default","base_unit_name":{"singular":null,"plural":null},"default_variation":null},"tiered_pricing_minimum_quantity":null,"tiered_pricing_roles_data":[],"tiered_pricing_percentage_rules":[],"_links":{"self":[{"href":"https:\/\/shop.lamifix.ch\/fr\/wp-json\/wp\/v2\/product\/3045","targetHints":{"allow":["GET"]}}],"collection":[{"href":"https:\/\/shop.lamifix.ch\/fr\/wp-json\/wp\/v2\/product"}],"about":[{"href":"https:\/\/shop.lamifix.ch\/fr\/wp-json\/wp\/v2\/types\/product"}],"wp:featuredmedia":[{"embeddable":true,"href":"https:\/\/shop.lamifix.ch\/fr\/wp-json\/wp\/v2\/media\/2957"}],"wp:attachment":[{"href":"https:\/\/shop.lamifix.ch\/fr\/wp-json\/wp\/v2\/media?parent=3045"}],"wp:term":[{"taxonomy":"product_brand","embeddable":true,"href":"https:\/\/shop.lamifix.ch\/fr\/wp-json\/wp\/v2\/product_brand?post=3045"},{"taxonomy":"product_cat","embeddable":true,"href":"https:\/\/shop.lamifix.ch\/fr\/wp-json\/wp\/v2\/product_cat?post=3045"},{"taxonomy":"product_tag","embeddable":true,"href":"https:\/\/shop.lamifix.ch\/fr\/wp-json\/wp\/v2\/product_tag?post=3045"}],"curies":[{"name":"wp","href":"https:\/\/api.w.org\/{rel}","templated":true}]}}