{"id":3357,"date":"2022-09-28T10:23:21","date_gmt":"2022-09-28T08:23:21","guid":{"rendered":"https:\/\/shop.lamifix.ch\/?post_type=product&#038;p=3357"},"modified":"2026-02-19T19:06:42","modified_gmt":"2026-02-19T18:06:42","slug":"lamifix-handlaufstuetze-inox-a2-fuer-flache-handlaufbretter","status":"publish","type":"product","link":"https:\/\/shop.lamifix.ch\/fr\/produkt\/lamifix-handlaufstuetze-inox-a2-fuer-flache-handlaufbretter\/","title":{"rendered":"LamiFIX\u00ae Handlaufst\u00fctze Inox A2 f\u00fcr flache Handlaufbretter"},"content":{"rendered":"<p>LamiFIX\u00ae Handlaufst\u00fctze Inox A2, \u00d842x50mm<br \/>\nAusf\u00fchrung f\u00fcr flache Handlaufbretter<br \/>\ninkl. Kernteil mit Markierspitze M10 zur Bohrlochanzeichnung sowie Befestigungsschrauben.<\/p>\n<p>LF 4100.004.2 ab 10 Stk.<\/p>\n<p>F\u00fcr LED auf Anfrage auch mit Durchgangsbohrungen f\u00fcr die Elektrokabel m\u00f6glich.<\/p>\n","protected":false},"excerpt":{"rendered":"<p>LamiFIX\u00ae Handlaufst\u00fctze Inox A2, \u00d842x50mm<br \/>\nAusf\u00fchrung f\u00fcr flache Handlaufbretter.<br \/>\ninkl. Kernteil mit Markierspitze zur Bohrlochanzeichnung sowie Befestigungsschraube.<br \/>\nF\u00fcr LED auf Anfrage auch mit Durchgangsbohrungen f\u00fcr die Elektrokabel m\u00f6glich.<\/p>\n<ol>\n<li>Edelstahlh\u00fclse an die Wand schrauben<\/li>\n<li>Kernteil mit Markierspitze einsetzen<\/li>\n<li>Handlauf ausrichten und an die Markierspitzen dr\u00fccken<\/li>\n<li>Kernteile an der Markierung verschrauben<\/li>\n<li>Handlauf mit Kernteil in die Wandh\u00fclse stecken<\/li>\n<li>Von unten mit der Inbusschraube sichern.<\/li>\n<\/ol>\n","protected":false},"featured_media":5802,"template":"","meta":{"_et_pb_use_builder":"","_et_pb_old_content":"","_et_gb_content_width":""},"product_brand":[],"product_cat":[225,193],"product_tag":[],"class_list":{"0":"post-3357","1":"product","2":"type-product","3":"status-publish","4":"has-post-thumbnail","6":"product_cat-hlstz","7":"product_cat-treppentechnik","8":"product_shipping_class-standard","10":"first","11":"instock","12":"taxable","13":"shipping-taxable","14":"purchasable","15":"product-type-simple"},"bundled_by":[],"bundle_stock_status":"instock","bundle_stock_quantity":null,"bundle_virtual":false,"bundle_layout":"","bundle_add_to_cart_form_location":"","bundle_editable_in_cart":false,"bundle_sold_individually_context":"","bundle_item_grouping":"","bundle_min_size":"","bundle_max_size":"","bundled_items":[],"bundle_sell_ids":[],"yoast_head":"<!-- This site is optimized with the Yoast SEO plugin v27.3 - https:\/\/yoast.com\/product\/yoast-seo-wordpress\/ -->\n<title>LamiFIX\u00ae Handlaufst\u00fctze Inox A2 f\u00fcr flache Handlaufbretter - Lamifix Shop<\/title>\n<meta name=\"robots\" content=\"index, follow, max-snippet:-1, max-image-preview:large, max-video-preview:-1\" \/>\n<link rel=\"canonical\" href=\"https:\/\/shop.lamifix.ch\/fr\/produkt\/lamifix-handlaufstuetze-inox-a2-fuer-flache-handlaufbretter\/\" \/>\n<meta property=\"og:locale\" content=\"fr_FR\" \/>\n<meta property=\"og:type\" content=\"article\" \/>\n<meta property=\"og:title\" content=\"LamiFIX\u00ae Handlaufst\u00fctze Inox A2 f\u00fcr flache Handlaufbretter - Lamifix Shop\" \/>\n<meta property=\"og:description\" content=\"LamiFIX\u00ae Handlaufst\u00fctze Inox A2, \u00d842x50mm Ausf\u00fchrung f\u00fcr flache Handlaufbretter. inkl. Kernteil mit Markierspitze zur Bohrlochanzeichnung sowie Befestigungsschraube. F\u00fcr LED auf Anfrage auch mit Durchgangsbohrungen f\u00fcr die Elektrokabel m\u00f6glich.   Edelstahlh\u00fclse an die Wand schrauben  Kernteil mit Markierspitze einsetzen  Handlauf ausrichten und an die Markierspitzen dr\u00fccken  Kernteile an der Markierung verschrauben  Handlauf mit Kernteil in die Wandh\u00fclse stecken  Von unten mit der Inbusschraube sichern.\" \/>\n<meta property=\"og:url\" content=\"https:\/\/shop.lamifix.ch\/fr\/produkt\/lamifix-handlaufstuetze-inox-a2-fuer-flache-handlaufbretter\/\" \/>\n<meta property=\"og:site_name\" content=\"Lamifix Shop\" \/>\n<meta property=\"article:modified_time\" content=\"2026-02-19T18:06:42+00:00\" \/>\n<meta property=\"og:image\" content=\"https:\/\/shop.lamifix.ch\/wp-content\/uploads\/2026\/01\/4100.004.jpg\" \/>\n\t<meta property=\"og:image:width\" content=\"827\" \/>\n\t<meta property=\"og:image:height\" content=\"827\" \/>\n\t<meta property=\"og:image:type\" content=\"image\/jpeg\" \/>\n<meta name=\"twitter:card\" content=\"summary_large_image\" \/>\n<meta name=\"twitter:label1\" content=\"Dur\u00e9e de lecture estim\u00e9e\" \/>\n\t<meta name=\"twitter:data1\" content=\"1 minute\" \/>\n<script type=\"application\/ld+json\" class=\"yoast-schema-graph\">{\"@context\":\"https:\\\/\\\/schema.org\",\"@graph\":[{\"@type\":\"WebPage\",\"@id\":\"https:\\\/\\\/shop.lamifix.ch\\\/fr\\\/produkt\\\/lamifix-handlaufstuetze-inox-a2-fuer-flache-handlaufbretter\\\/\",\"url\":\"https:\\\/\\\/shop.lamifix.ch\\\/fr\\\/produkt\\\/lamifix-handlaufstuetze-inox-a2-fuer-flache-handlaufbretter\\\/\",\"name\":\"LamiFIX\u00ae Handlaufst\u00fctze Inox A2 f\u00fcr flache Handlaufbretter - Lamifix Shop\",\"isPartOf\":{\"@id\":\"https:\\\/\\\/shop.lamifix.ch\\\/fr\\\/#website\"},\"primaryImageOfPage\":{\"@id\":\"https:\\\/\\\/shop.lamifix.ch\\\/fr\\\/produkt\\\/lamifix-handlaufstuetze-inox-a2-fuer-flache-handlaufbretter\\\/#primaryimage\"},\"image\":{\"@id\":\"https:\\\/\\\/shop.lamifix.ch\\\/fr\\\/produkt\\\/lamifix-handlaufstuetze-inox-a2-fuer-flache-handlaufbretter\\\/#primaryimage\"},\"thumbnailUrl\":\"https:\\\/\\\/shop.lamifix.ch\\\/wp-content\\\/uploads\\\/2026\\\/01\\\/4100.004.jpg\",\"datePublished\":\"2022-09-28T08:23:21+00:00\",\"dateModified\":\"2026-02-19T18:06:42+00:00\",\"breadcrumb\":{\"@id\":\"https:\\\/\\\/shop.lamifix.ch\\\/fr\\\/produkt\\\/lamifix-handlaufstuetze-inox-a2-fuer-flache-handlaufbretter\\\/#breadcrumb\"},\"inLanguage\":\"fr-FR\",\"potentialAction\":[{\"@type\":\"ReadAction\",\"target\":[\"https:\\\/\\\/shop.lamifix.ch\\\/fr\\\/produkt\\\/lamifix-handlaufstuetze-inox-a2-fuer-flache-handlaufbretter\\\/\"]}]},{\"@type\":\"ImageObject\",\"inLanguage\":\"fr-FR\",\"@id\":\"https:\\\/\\\/shop.lamifix.ch\\\/fr\\\/produkt\\\/lamifix-handlaufstuetze-inox-a2-fuer-flache-handlaufbretter\\\/#primaryimage\",\"url\":\"https:\\\/\\\/shop.lamifix.ch\\\/wp-content\\\/uploads\\\/2026\\\/01\\\/4100.004.jpg\",\"contentUrl\":\"https:\\\/\\\/shop.lamifix.ch\\\/wp-content\\\/uploads\\\/2026\\\/01\\\/4100.004.jpg\",\"width\":827,\"height\":827},{\"@type\":\"BreadcrumbList\",\"@id\":\"https:\\\/\\\/shop.lamifix.ch\\\/fr\\\/produkt\\\/lamifix-handlaufstuetze-inox-a2-fuer-flache-handlaufbretter\\\/#breadcrumb\",\"itemListElement\":[{\"@type\":\"ListItem\",\"position\":1,\"name\":\"Home\",\"item\":\"https:\\\/\\\/shop.lamifix.ch\\\/fr\\\/\"},{\"@type\":\"ListItem\",\"position\":2,\"name\":\"Boutique\",\"item\":\"https:\\\/\\\/shop.lamifix.ch\\\/fr\\\/boutique\\\/\"},{\"@type\":\"ListItem\",\"position\":3,\"name\":\"LamiFIX\u00ae Handlaufst\u00fctze Inox A2 f\u00fcr flache Handlaufbretter\"}]},{\"@type\":\"WebSite\",\"@id\":\"https:\\\/\\\/shop.lamifix.ch\\\/fr\\\/#website\",\"url\":\"https:\\\/\\\/shop.lamifix.ch\\\/fr\\\/\",\"name\":\"Lamifix Shop\",\"description\":\"Treppen und Stiegen-Elemente f\u00fcr den modernen Treppenbau\",\"publisher\":{\"@id\":\"https:\\\/\\\/shop.lamifix.ch\\\/fr\\\/#organization\"},\"potentialAction\":[{\"@type\":\"SearchAction\",\"target\":{\"@type\":\"EntryPoint\",\"urlTemplate\":\"https:\\\/\\\/shop.lamifix.ch\\\/fr\\\/?s={search_term_string}\"},\"query-input\":{\"@type\":\"PropertyValueSpecification\",\"valueRequired\":true,\"valueName\":\"search_term_string\"}}],\"inLanguage\":\"fr-FR\"},{\"@type\":\"Organization\",\"@id\":\"https:\\\/\\\/shop.lamifix.ch\\\/fr\\\/#organization\",\"name\":\"Lamifix Shop\",\"url\":\"https:\\\/\\\/shop.lamifix.ch\\\/fr\\\/\",\"logo\":{\"@type\":\"ImageObject\",\"inLanguage\":\"fr-FR\",\"@id\":\"https:\\\/\\\/shop.lamifix.ch\\\/fr\\\/#\\\/schema\\\/logo\\\/image\\\/\",\"url\":\"https:\\\/\\\/shop.lamifix.ch\\\/wp-content\\\/uploads\\\/2022\\\/09\\\/LF-Logo-ohne-Kreuz-scaled.jpg\",\"contentUrl\":\"https:\\\/\\\/shop.lamifix.ch\\\/wp-content\\\/uploads\\\/2022\\\/09\\\/LF-Logo-ohne-Kreuz-scaled.jpg\",\"width\":2560,\"height\":2084,\"caption\":\"Lamifix Shop\"},\"image\":{\"@id\":\"https:\\\/\\\/shop.lamifix.ch\\\/fr\\\/#\\\/schema\\\/logo\\\/image\\\/\"}}]}<\/script>\n<!-- \/ Yoast SEO plugin. -->","yoast_head_json":{"title":"LamiFIX\u00ae Handlaufst\u00fctze Inox A2 f\u00fcr flache Handlaufbretter - Lamifix Shop","robots":{"index":"index","follow":"follow","max-snippet":"max-snippet:-1","max-image-preview":"max-image-preview:large","max-video-preview":"max-video-preview:-1"},"canonical":"https:\/\/shop.lamifix.ch\/fr\/produkt\/lamifix-handlaufstuetze-inox-a2-fuer-flache-handlaufbretter\/","og_locale":"fr_FR","og_type":"article","og_title":"LamiFIX\u00ae Handlaufst\u00fctze Inox A2 f\u00fcr flache Handlaufbretter - Lamifix Shop","og_description":"LamiFIX\u00ae Handlaufst\u00fctze Inox A2, \u00d842x50mm Ausf\u00fchrung f\u00fcr flache Handlaufbretter. inkl. Kernteil mit Markierspitze zur Bohrlochanzeichnung sowie Befestigungsschraube. F\u00fcr LED auf Anfrage auch mit Durchgangsbohrungen f\u00fcr die Elektrokabel m\u00f6glich.   Edelstahlh\u00fclse an die Wand schrauben  Kernteil mit Markierspitze einsetzen  Handlauf ausrichten und an die Markierspitzen dr\u00fccken  Kernteile an der Markierung verschrauben  Handlauf mit Kernteil in die Wandh\u00fclse stecken  Von unten mit der Inbusschraube sichern.","og_url":"https:\/\/shop.lamifix.ch\/fr\/produkt\/lamifix-handlaufstuetze-inox-a2-fuer-flache-handlaufbretter\/","og_site_name":"Lamifix Shop","article_modified_time":"2026-02-19T18:06:42+00:00","og_image":[{"width":827,"height":827,"url":"https:\/\/shop.lamifix.ch\/wp-content\/uploads\/2026\/01\/4100.004.jpg","type":"image\/jpeg"}],"twitter_card":"summary_large_image","twitter_misc":{"Dur\u00e9e de lecture estim\u00e9e":"1 minute"},"schema":{"@context":"https:\/\/schema.org","@graph":[{"@type":"WebPage","@id":"https:\/\/shop.lamifix.ch\/fr\/produkt\/lamifix-handlaufstuetze-inox-a2-fuer-flache-handlaufbretter\/","url":"https:\/\/shop.lamifix.ch\/fr\/produkt\/lamifix-handlaufstuetze-inox-a2-fuer-flache-handlaufbretter\/","name":"LamiFIX\u00ae Handlaufst\u00fctze Inox A2 f\u00fcr flache Handlaufbretter - Lamifix Shop","isPartOf":{"@id":"https:\/\/shop.lamifix.ch\/fr\/#website"},"primaryImageOfPage":{"@id":"https:\/\/shop.lamifix.ch\/fr\/produkt\/lamifix-handlaufstuetze-inox-a2-fuer-flache-handlaufbretter\/#primaryimage"},"image":{"@id":"https:\/\/shop.lamifix.ch\/fr\/produkt\/lamifix-handlaufstuetze-inox-a2-fuer-flache-handlaufbretter\/#primaryimage"},"thumbnailUrl":"https:\/\/shop.lamifix.ch\/wp-content\/uploads\/2026\/01\/4100.004.jpg","datePublished":"2022-09-28T08:23:21+00:00","dateModified":"2026-02-19T18:06:42+00:00","breadcrumb":{"@id":"https:\/\/shop.lamifix.ch\/fr\/produkt\/lamifix-handlaufstuetze-inox-a2-fuer-flache-handlaufbretter\/#breadcrumb"},"inLanguage":"fr-FR","potentialAction":[{"@type":"ReadAction","target":["https:\/\/shop.lamifix.ch\/fr\/produkt\/lamifix-handlaufstuetze-inox-a2-fuer-flache-handlaufbretter\/"]}]},{"@type":"ImageObject","inLanguage":"fr-FR","@id":"https:\/\/shop.lamifix.ch\/fr\/produkt\/lamifix-handlaufstuetze-inox-a2-fuer-flache-handlaufbretter\/#primaryimage","url":"https:\/\/shop.lamifix.ch\/wp-content\/uploads\/2026\/01\/4100.004.jpg","contentUrl":"https:\/\/shop.lamifix.ch\/wp-content\/uploads\/2026\/01\/4100.004.jpg","width":827,"height":827},{"@type":"BreadcrumbList","@id":"https:\/\/shop.lamifix.ch\/fr\/produkt\/lamifix-handlaufstuetze-inox-a2-fuer-flache-handlaufbretter\/#breadcrumb","itemListElement":[{"@type":"ListItem","position":1,"name":"Home","item":"https:\/\/shop.lamifix.ch\/fr\/"},{"@type":"ListItem","position":2,"name":"Boutique","item":"https:\/\/shop.lamifix.ch\/fr\/boutique\/"},{"@type":"ListItem","position":3,"name":"LamiFIX\u00ae Handlaufst\u00fctze Inox A2 f\u00fcr flache Handlaufbretter"}]},{"@type":"WebSite","@id":"https:\/\/shop.lamifix.ch\/fr\/#website","url":"https:\/\/shop.lamifix.ch\/fr\/","name":"Lamifix Shop","description":"Treppen und Stiegen-Elemente f\u00fcr den modernen Treppenbau","publisher":{"@id":"https:\/\/shop.lamifix.ch\/fr\/#organization"},"potentialAction":[{"@type":"SearchAction","target":{"@type":"EntryPoint","urlTemplate":"https:\/\/shop.lamifix.ch\/fr\/?s={search_term_string}"},"query-input":{"@type":"PropertyValueSpecification","valueRequired":true,"valueName":"search_term_string"}}],"inLanguage":"fr-FR"},{"@type":"Organization","@id":"https:\/\/shop.lamifix.ch\/fr\/#organization","name":"Lamifix Shop","url":"https:\/\/shop.lamifix.ch\/fr\/","logo":{"@type":"ImageObject","inLanguage":"fr-FR","@id":"https:\/\/shop.lamifix.ch\/fr\/#\/schema\/logo\/image\/","url":"https:\/\/shop.lamifix.ch\/wp-content\/uploads\/2022\/09\/LF-Logo-ohne-Kreuz-scaled.jpg","contentUrl":"https:\/\/shop.lamifix.ch\/wp-content\/uploads\/2022\/09\/LF-Logo-ohne-Kreuz-scaled.jpg","width":2560,"height":2084,"caption":"Lamifix Shop"},"image":{"@id":"https:\/\/shop.lamifix.ch\/fr\/#\/schema\/logo\/image\/"}}]}},"tiered_pricing_type":"fixed","tiered_pricing_fixed_rules":{"10":23.9},"tiered_pricing_product_settings":{"layout":"default","base_unit_name":{"singular":null,"plural":null},"default_variation":null},"tiered_pricing_minimum_quantity":null,"tiered_pricing_roles_data":[],"tiered_pricing_percentage_rules":[],"_links":{"self":[{"href":"https:\/\/shop.lamifix.ch\/fr\/wp-json\/wp\/v2\/product\/3357","targetHints":{"allow":["GET"]}}],"collection":[{"href":"https:\/\/shop.lamifix.ch\/fr\/wp-json\/wp\/v2\/product"}],"about":[{"href":"https:\/\/shop.lamifix.ch\/fr\/wp-json\/wp\/v2\/types\/product"}],"wp:featuredmedia":[{"embeddable":true,"href":"https:\/\/shop.lamifix.ch\/fr\/wp-json\/wp\/v2\/media\/5802"}],"wp:attachment":[{"href":"https:\/\/shop.lamifix.ch\/fr\/wp-json\/wp\/v2\/media?parent=3357"}],"wp:term":[{"taxonomy":"product_brand","embeddable":true,"href":"https:\/\/shop.lamifix.ch\/fr\/wp-json\/wp\/v2\/product_brand?post=3357"},{"taxonomy":"product_cat","embeddable":true,"href":"https:\/\/shop.lamifix.ch\/fr\/wp-json\/wp\/v2\/product_cat?post=3357"},{"taxonomy":"product_tag","embeddable":true,"href":"https:\/\/shop.lamifix.ch\/fr\/wp-json\/wp\/v2\/product_tag?post=3357"}],"curies":[{"name":"wp","href":"https:\/\/api.w.org\/{rel}","templated":true}]}}