{"id":3713,"date":"2023-02-07T17:57:43","date_gmt":"2023-02-07T16:57:43","guid":{"rendered":"https:\/\/shop.lamifix.ch\/?post_type=product&#038;p=3713"},"modified":"2025-09-22T14:52:00","modified_gmt":"2025-09-22T12:52:00","slug":"stufenbohrer-hss-co-oe12-16mm","status":"publish","type":"product","link":"https:\/\/shop.lamifix.ch\/fr\/produkt\/stufenbohrer-hss-co-oe12-16mm\/","title":{"rendered":"Stufenbohrer HSS-Co  \u00d812\/16mm"},"content":{"rendered":"<p>Stufenbohrer f\u00fcr das \u00d810mm und \u00d816mm Stufenaufh\u00e4nge-System.<br \/>\nDer Bohrer ist f\u00fcr beide Aufh\u00e4nge-Systeme derselbe.<br \/>\n\u00d812mm ist f\u00fcr die Gewindemuffe, \u00d816mm f\u00fcr das Staketenrohr oder f\u00fcr die Holzh\u00fclse als Reduktion beim 10mm System.<br \/>\nDer Stufenbohrer passt in die Bohrerverl\u00e4ngerung (LF 2055.150.3)<br \/>\n\u2192Set 11, 12, 13,\u00a0 31, 32 + 3805. . .<\/p>\n<p>&nbsp;<\/p>\n","protected":false},"excerpt":{"rendered":"<p>Stufenbohrer f\u00fcr das \u00d810mm und \u00d816mm Stufenaufh\u00e4nge-System.<br \/>\nDer Bohrer ist f\u00fcr beide Aufh\u00e4nge-Systeme derselbe.<br \/>\n\u00d812mm ist f\u00fcr die Gewindemuffe, \u00d816mm f\u00fcr das Staketenrohr oder f\u00fcr die Holzh\u00fclse als Reduktion beim 10mm System.<br \/>\nDer Stufenbohrer passt in die Bohrerverl\u00e4ngerung (LF 2055.150.3)<br \/>\n\u2192Set 11, 12, 13,\u00a0 31, 32 + 3805. . .<\/p>\n<p>&nbsp;<\/p>\n","protected":false},"featured_media":3690,"template":"","meta":{"_et_pb_use_builder":"","_et_pb_old_content":"","_et_gb_content_width":""},"product_brand":[],"product_cat":[193,60],"product_tag":[],"class_list":{"0":"post-3713","1":"product","2":"type-product","3":"status-publish","4":"has-post-thumbnail","6":"product_cat-treppentechnik","7":"product_cat-ws_t","8":"product_shipping_class-standard","10":"first","11":"instock","12":"taxable","13":"shipping-taxable","14":"purchasable","15":"product-type-simple"},"bundled_by":[],"bundle_stock_status":"instock","bundle_stock_quantity":null,"bundle_virtual":false,"bundle_layout":"","bundle_add_to_cart_form_location":"","bundle_editable_in_cart":false,"bundle_sold_individually_context":"","bundle_item_grouping":"","bundle_min_size":"","bundle_max_size":"","bundled_items":[],"bundle_sell_ids":[],"yoast_head":"<!-- This site is optimized with the Yoast SEO plugin v27.4 - https:\/\/yoast.com\/product\/yoast-seo-wordpress\/ -->\n<title>Stufenbohrer HSS-Co \u00d812\/16mm - Lamifix Shop<\/title>\n<meta name=\"robots\" content=\"index, follow, max-snippet:-1, max-image-preview:large, max-video-preview:-1\" \/>\n<link rel=\"canonical\" href=\"https:\/\/shop.lamifix.ch\/fr\/produkt\/stufenbohrer-hss-co-oe12-16mm\/\" \/>\n<meta property=\"og:locale\" content=\"fr_FR\" \/>\n<meta property=\"og:type\" content=\"article\" \/>\n<meta property=\"og:title\" content=\"Stufenbohrer HSS-Co \u00d812\/16mm - Lamifix Shop\" \/>\n<meta property=\"og:description\" content=\"Stufenbohrer f\u00fcr das \u00d810mm und \u00d816mm Stufenaufh\u00e4nge-System. Der Bohrer ist f\u00fcr beide Aufh\u00e4nge-Systeme derselbe. \u00d812mm ist f\u00fcr die Gewindemuffe, \u00d816mm f\u00fcr das Staketenrohr oder f\u00fcr die Holzh\u00fclse als Reduktion beim 10mm System. Der Stufenbohrer passt in die Bohrerverl\u00e4ngerung (LF 2055.150.3) \u2192Set 11, 12, 13,\u00a0 31, 32 + 3805. . .  &nbsp;\" \/>\n<meta property=\"og:url\" content=\"https:\/\/shop.lamifix.ch\/fr\/produkt\/stufenbohrer-hss-co-oe12-16mm\/\" \/>\n<meta property=\"og:site_name\" content=\"Lamifix Shop\" \/>\n<meta property=\"article:modified_time\" content=\"2025-09-22T12:52:00+00:00\" \/>\n<meta property=\"og:image\" content=\"https:\/\/shop.lamifix.ch\/wp-content\/uploads\/2023\/02\/2051.003.3.jpg\" \/>\n\t<meta property=\"og:image:width\" content=\"800\" \/>\n\t<meta property=\"og:image:height\" content=\"800\" \/>\n\t<meta property=\"og:image:type\" content=\"image\/jpeg\" \/>\n<meta name=\"twitter:card\" content=\"summary_large_image\" \/>\n<meta name=\"twitter:label1\" content=\"Dur\u00e9e de lecture estim\u00e9e\" \/>\n\t<meta name=\"twitter:data1\" content=\"1 minute\" \/>\n<script type=\"application\/ld+json\" class=\"yoast-schema-graph\">{\"@context\":\"https:\\\/\\\/schema.org\",\"@graph\":[{\"@type\":\"WebPage\",\"@id\":\"https:\\\/\\\/shop.lamifix.ch\\\/fr\\\/produkt\\\/stufenbohrer-hss-co-oe12-16mm\\\/\",\"url\":\"https:\\\/\\\/shop.lamifix.ch\\\/fr\\\/produkt\\\/stufenbohrer-hss-co-oe12-16mm\\\/\",\"name\":\"Stufenbohrer HSS-Co \u00d812\\\/16mm - Lamifix Shop\",\"isPartOf\":{\"@id\":\"https:\\\/\\\/shop.lamifix.ch\\\/fr\\\/#website\"},\"primaryImageOfPage\":{\"@id\":\"https:\\\/\\\/shop.lamifix.ch\\\/fr\\\/produkt\\\/stufenbohrer-hss-co-oe12-16mm\\\/#primaryimage\"},\"image\":{\"@id\":\"https:\\\/\\\/shop.lamifix.ch\\\/fr\\\/produkt\\\/stufenbohrer-hss-co-oe12-16mm\\\/#primaryimage\"},\"thumbnailUrl\":\"https:\\\/\\\/shop.lamifix.ch\\\/wp-content\\\/uploads\\\/2023\\\/02\\\/2051.003.3.jpg\",\"datePublished\":\"2023-02-07T16:57:43+00:00\",\"dateModified\":\"2025-09-22T12:52:00+00:00\",\"breadcrumb\":{\"@id\":\"https:\\\/\\\/shop.lamifix.ch\\\/fr\\\/produkt\\\/stufenbohrer-hss-co-oe12-16mm\\\/#breadcrumb\"},\"inLanguage\":\"fr-FR\",\"potentialAction\":[{\"@type\":\"ReadAction\",\"target\":[\"https:\\\/\\\/shop.lamifix.ch\\\/fr\\\/produkt\\\/stufenbohrer-hss-co-oe12-16mm\\\/\"]}]},{\"@type\":\"ImageObject\",\"inLanguage\":\"fr-FR\",\"@id\":\"https:\\\/\\\/shop.lamifix.ch\\\/fr\\\/produkt\\\/stufenbohrer-hss-co-oe12-16mm\\\/#primaryimage\",\"url\":\"https:\\\/\\\/shop.lamifix.ch\\\/wp-content\\\/uploads\\\/2023\\\/02\\\/2051.003.3.jpg\",\"contentUrl\":\"https:\\\/\\\/shop.lamifix.ch\\\/wp-content\\\/uploads\\\/2023\\\/02\\\/2051.003.3.jpg\",\"width\":827,\"height\":827},{\"@type\":\"BreadcrumbList\",\"@id\":\"https:\\\/\\\/shop.lamifix.ch\\\/fr\\\/produkt\\\/stufenbohrer-hss-co-oe12-16mm\\\/#breadcrumb\",\"itemListElement\":[{\"@type\":\"ListItem\",\"position\":1,\"name\":\"Home\",\"item\":\"https:\\\/\\\/shop.lamifix.ch\\\/fr\\\/\"},{\"@type\":\"ListItem\",\"position\":2,\"name\":\"Boutique\",\"item\":\"https:\\\/\\\/shop.lamifix.ch\\\/fr\\\/boutique\\\/\"},{\"@type\":\"ListItem\",\"position\":3,\"name\":\"Stufenbohrer HSS-Co \u00d812\\\/16mm\"}]},{\"@type\":\"WebSite\",\"@id\":\"https:\\\/\\\/shop.lamifix.ch\\\/fr\\\/#website\",\"url\":\"https:\\\/\\\/shop.lamifix.ch\\\/fr\\\/\",\"name\":\"Lamifix Shop\",\"description\":\"Treppen und Stiegen-Elemente f\u00fcr den modernen Treppenbau\",\"publisher\":{\"@id\":\"https:\\\/\\\/shop.lamifix.ch\\\/fr\\\/#organization\"},\"potentialAction\":[{\"@type\":\"SearchAction\",\"target\":{\"@type\":\"EntryPoint\",\"urlTemplate\":\"https:\\\/\\\/shop.lamifix.ch\\\/fr\\\/?s={search_term_string}\"},\"query-input\":{\"@type\":\"PropertyValueSpecification\",\"valueRequired\":true,\"valueName\":\"search_term_string\"}}],\"inLanguage\":\"fr-FR\"},{\"@type\":\"Organization\",\"@id\":\"https:\\\/\\\/shop.lamifix.ch\\\/fr\\\/#organization\",\"name\":\"Lamifix Shop\",\"url\":\"https:\\\/\\\/shop.lamifix.ch\\\/fr\\\/\",\"logo\":{\"@type\":\"ImageObject\",\"inLanguage\":\"fr-FR\",\"@id\":\"https:\\\/\\\/shop.lamifix.ch\\\/fr\\\/#\\\/schema\\\/logo\\\/image\\\/\",\"url\":\"https:\\\/\\\/shop.lamifix.ch\\\/wp-content\\\/uploads\\\/2022\\\/09\\\/LF-Logo-ohne-Kreuz-scaled.jpg\",\"contentUrl\":\"https:\\\/\\\/shop.lamifix.ch\\\/wp-content\\\/uploads\\\/2022\\\/09\\\/LF-Logo-ohne-Kreuz-scaled.jpg\",\"width\":2560,\"height\":2084,\"caption\":\"Lamifix Shop\"},\"image\":{\"@id\":\"https:\\\/\\\/shop.lamifix.ch\\\/fr\\\/#\\\/schema\\\/logo\\\/image\\\/\"}}]}<\/script>\n<!-- \/ Yoast SEO plugin. -->","yoast_head_json":{"title":"Stufenbohrer HSS-Co \u00d812\/16mm - Lamifix Shop","robots":{"index":"index","follow":"follow","max-snippet":"max-snippet:-1","max-image-preview":"max-image-preview:large","max-video-preview":"max-video-preview:-1"},"canonical":"https:\/\/shop.lamifix.ch\/fr\/produkt\/stufenbohrer-hss-co-oe12-16mm\/","og_locale":"fr_FR","og_type":"article","og_title":"Stufenbohrer HSS-Co \u00d812\/16mm - Lamifix Shop","og_description":"Stufenbohrer f\u00fcr das \u00d810mm und \u00d816mm Stufenaufh\u00e4nge-System. Der Bohrer ist f\u00fcr beide Aufh\u00e4nge-Systeme derselbe. \u00d812mm ist f\u00fcr die Gewindemuffe, \u00d816mm f\u00fcr das Staketenrohr oder f\u00fcr die Holzh\u00fclse als Reduktion beim 10mm System. Der Stufenbohrer passt in die Bohrerverl\u00e4ngerung (LF 2055.150.3) \u2192Set 11, 12, 13,\u00a0 31, 32 + 3805. . .  &nbsp;","og_url":"https:\/\/shop.lamifix.ch\/fr\/produkt\/stufenbohrer-hss-co-oe12-16mm\/","og_site_name":"Lamifix Shop","article_modified_time":"2025-09-22T12:52:00+00:00","og_image":[{"width":800,"height":800,"url":"https:\/\/shop.lamifix.ch\/wp-content\/uploads\/2023\/02\/2051.003.3.jpg","type":"image\/jpeg"}],"twitter_card":"summary_large_image","twitter_misc":{"Dur\u00e9e de lecture estim\u00e9e":"1 minute"},"schema":{"@context":"https:\/\/schema.org","@graph":[{"@type":"WebPage","@id":"https:\/\/shop.lamifix.ch\/fr\/produkt\/stufenbohrer-hss-co-oe12-16mm\/","url":"https:\/\/shop.lamifix.ch\/fr\/produkt\/stufenbohrer-hss-co-oe12-16mm\/","name":"Stufenbohrer HSS-Co \u00d812\/16mm - Lamifix Shop","isPartOf":{"@id":"https:\/\/shop.lamifix.ch\/fr\/#website"},"primaryImageOfPage":{"@id":"https:\/\/shop.lamifix.ch\/fr\/produkt\/stufenbohrer-hss-co-oe12-16mm\/#primaryimage"},"image":{"@id":"https:\/\/shop.lamifix.ch\/fr\/produkt\/stufenbohrer-hss-co-oe12-16mm\/#primaryimage"},"thumbnailUrl":"https:\/\/shop.lamifix.ch\/wp-content\/uploads\/2023\/02\/2051.003.3.jpg","datePublished":"2023-02-07T16:57:43+00:00","dateModified":"2025-09-22T12:52:00+00:00","breadcrumb":{"@id":"https:\/\/shop.lamifix.ch\/fr\/produkt\/stufenbohrer-hss-co-oe12-16mm\/#breadcrumb"},"inLanguage":"fr-FR","potentialAction":[{"@type":"ReadAction","target":["https:\/\/shop.lamifix.ch\/fr\/produkt\/stufenbohrer-hss-co-oe12-16mm\/"]}]},{"@type":"ImageObject","inLanguage":"fr-FR","@id":"https:\/\/shop.lamifix.ch\/fr\/produkt\/stufenbohrer-hss-co-oe12-16mm\/#primaryimage","url":"https:\/\/shop.lamifix.ch\/wp-content\/uploads\/2023\/02\/2051.003.3.jpg","contentUrl":"https:\/\/shop.lamifix.ch\/wp-content\/uploads\/2023\/02\/2051.003.3.jpg","width":827,"height":827},{"@type":"BreadcrumbList","@id":"https:\/\/shop.lamifix.ch\/fr\/produkt\/stufenbohrer-hss-co-oe12-16mm\/#breadcrumb","itemListElement":[{"@type":"ListItem","position":1,"name":"Home","item":"https:\/\/shop.lamifix.ch\/fr\/"},{"@type":"ListItem","position":2,"name":"Boutique","item":"https:\/\/shop.lamifix.ch\/fr\/boutique\/"},{"@type":"ListItem","position":3,"name":"Stufenbohrer HSS-Co \u00d812\/16mm"}]},{"@type":"WebSite","@id":"https:\/\/shop.lamifix.ch\/fr\/#website","url":"https:\/\/shop.lamifix.ch\/fr\/","name":"Lamifix Shop","description":"Treppen und Stiegen-Elemente f\u00fcr den modernen Treppenbau","publisher":{"@id":"https:\/\/shop.lamifix.ch\/fr\/#organization"},"potentialAction":[{"@type":"SearchAction","target":{"@type":"EntryPoint","urlTemplate":"https:\/\/shop.lamifix.ch\/fr\/?s={search_term_string}"},"query-input":{"@type":"PropertyValueSpecification","valueRequired":true,"valueName":"search_term_string"}}],"inLanguage":"fr-FR"},{"@type":"Organization","@id":"https:\/\/shop.lamifix.ch\/fr\/#organization","name":"Lamifix Shop","url":"https:\/\/shop.lamifix.ch\/fr\/","logo":{"@type":"ImageObject","inLanguage":"fr-FR","@id":"https:\/\/shop.lamifix.ch\/fr\/#\/schema\/logo\/image\/","url":"https:\/\/shop.lamifix.ch\/wp-content\/uploads\/2022\/09\/LF-Logo-ohne-Kreuz-scaled.jpg","contentUrl":"https:\/\/shop.lamifix.ch\/wp-content\/uploads\/2022\/09\/LF-Logo-ohne-Kreuz-scaled.jpg","width":2560,"height":2084,"caption":"Lamifix Shop"},"image":{"@id":"https:\/\/shop.lamifix.ch\/fr\/#\/schema\/logo\/image\/"}}]}},"tiered_pricing_type":"fixed","tiered_pricing_fixed_rules":[],"tiered_pricing_product_settings":{"layout":"default","base_unit_name":{"singular":null,"plural":null},"default_variation":null},"tiered_pricing_minimum_quantity":null,"tiered_pricing_roles_data":[],"tiered_pricing_percentage_rules":[],"_links":{"self":[{"href":"https:\/\/shop.lamifix.ch\/fr\/wp-json\/wp\/v2\/product\/3713","targetHints":{"allow":["GET"]}}],"collection":[{"href":"https:\/\/shop.lamifix.ch\/fr\/wp-json\/wp\/v2\/product"}],"about":[{"href":"https:\/\/shop.lamifix.ch\/fr\/wp-json\/wp\/v2\/types\/product"}],"wp:featuredmedia":[{"embeddable":true,"href":"https:\/\/shop.lamifix.ch\/fr\/wp-json\/wp\/v2\/media\/3690"}],"wp:attachment":[{"href":"https:\/\/shop.lamifix.ch\/fr\/wp-json\/wp\/v2\/media?parent=3713"}],"wp:term":[{"taxonomy":"product_brand","embeddable":true,"href":"https:\/\/shop.lamifix.ch\/fr\/wp-json\/wp\/v2\/product_brand?post=3713"},{"taxonomy":"product_cat","embeddable":true,"href":"https:\/\/shop.lamifix.ch\/fr\/wp-json\/wp\/v2\/product_cat?post=3713"},{"taxonomy":"product_tag","embeddable":true,"href":"https:\/\/shop.lamifix.ch\/fr\/wp-json\/wp\/v2\/product_tag?post=3713"}],"curies":[{"name":"wp","href":"https:\/\/api.w.org\/{rel}","templated":true}]}}