{"id":3735,"date":"2023-02-13T15:34:14","date_gmt":"2023-02-13T14:34:14","guid":{"rendered":"https:\/\/shop.lamifix.ch\/?post_type=product&#038;p=3735"},"modified":"2023-02-13T15:34:15","modified_gmt":"2023-02-13T14:34:15","slug":"fraeser-hm-oe105-x-7-x-30mm-fuer-treppenbolzen-variante-a","status":"publish","type":"product","link":"https:\/\/shop.lamifix.ch\/fr\/produkt\/fraeser-hm-oe105-x-7-x-30mm-fuer-treppenbolzen-variante-a\/","title":{"rendered":"Fr\u00e4ser HM, \u00d8105 x 7 x 30mm, F\u00fcr Treppenbolzen Variante A"},"content":{"rendered":"<p>Fr\u00e4ser f\u00fcr Kehlmaschine. F\u00fcr Treppenbolzen Variante A.<br \/>\nDer Verbinder kann mit einer Fr\u00e4sung in der Stufe eingenutet werden.<br \/>\nAussendurchmesser \u00d8105mm<br \/>\nInnenduchmesser \u00d830mm<br \/>\nDicke 7mm<br \/>\nHartmetallwendeplatten<br \/>\nAuch f\u00fcr 7mm dicke LamiFIX\u00ae Montageverbinder geeignet. LF 30.W6.5&#215;60 + LF 35.M10x30<\/p>\n","protected":false},"excerpt":{"rendered":"<p>Fr\u00e4ser f\u00fcr Kehlmaschine. F\u00fcr Treppenbolzen Variante A.<br \/>\nDer Verbinder kann mit einer Fr\u00e4sung in der Stufe eingenutet werden.<br \/>\nAussendurchmesser \u00d8105mm<br \/>\nInnenduchmesser \u00d830mm<br \/>\nDicke 7mm<br \/>\nHartmetallwendeplatten<br \/>\nAuch f\u00fcr 7mm dicke LamiFIX\u00ae Montageverbinder geeignet. LF 30.W6.5&#215;60 + LF 35.M10x30<\/p>\n","protected":false},"featured_media":3700,"template":"","meta":{"_et_pb_use_builder":"","_et_pb_old_content":"","_et_gb_content_width":""},"product_brand":[],"product_cat":[193,60],"product_tag":[],"class_list":{"0":"post-3735","1":"product","2":"type-product","3":"status-publish","4":"has-post-thumbnail","6":"product_cat-treppentechnik","7":"product_cat-ws_t","8":"product_shipping_class-standard","10":"first","11":"instock","12":"taxable","13":"shipping-taxable","14":"purchasable","15":"product-type-simple"},"bundled_by":[],"bundle_stock_status":"instock","bundle_stock_quantity":null,"bundle_virtual":false,"bundle_layout":"","bundle_add_to_cart_form_location":"","bundle_editable_in_cart":false,"bundle_sold_individually_context":"","bundle_item_grouping":"","bundle_min_size":"","bundle_max_size":"","bundled_items":[],"bundle_sell_ids":[],"yoast_head":"<!-- This site is optimized with the Yoast SEO plugin v27.4 - https:\/\/yoast.com\/product\/yoast-seo-wordpress\/ -->\n<title>Fr\u00e4ser HM, \u00d8105 x 7 x 30mm, F\u00fcr Treppenbolzen Variante A - Lamifix Shop<\/title>\n<meta name=\"robots\" content=\"index, follow, max-snippet:-1, max-image-preview:large, max-video-preview:-1\" \/>\n<link rel=\"canonical\" href=\"https:\/\/shop.lamifix.ch\/fr\/produkt\/fraeser-hm-oe105-x-7-x-30mm-fuer-treppenbolzen-variante-a\/\" \/>\n<meta property=\"og:locale\" content=\"fr_FR\" \/>\n<meta property=\"og:type\" content=\"article\" \/>\n<meta property=\"og:title\" content=\"Fr\u00e4ser HM, \u00d8105 x 7 x 30mm, F\u00fcr Treppenbolzen Variante A - Lamifix Shop\" \/>\n<meta property=\"og:description\" content=\"Fr\u00e4ser f\u00fcr Kehlmaschine. F\u00fcr Treppenbolzen Variante A. Der Verbinder kann mit einer Fr\u00e4sung in der Stufe eingenutet werden. Aussendurchmesser \u00d8105mm Innenduchmesser \u00d830mm Dicke 7mm Hartmetallwendeplatten Auch f\u00fcr 7mm dicke LamiFIX\u00ae Montageverbinder geeignet. LF 30.W6.5x60 + LF 35.M10x30\" \/>\n<meta property=\"og:url\" content=\"https:\/\/shop.lamifix.ch\/fr\/produkt\/fraeser-hm-oe105-x-7-x-30mm-fuer-treppenbolzen-variante-a\/\" \/>\n<meta property=\"og:site_name\" content=\"Lamifix Shop\" \/>\n<meta property=\"article:modified_time\" content=\"2023-02-13T14:34:15+00:00\" \/>\n<meta property=\"og:image\" content=\"https:\/\/shop.lamifix.ch\/wp-content\/uploads\/2023\/02\/2199.105.3.jpg\" \/>\n\t<meta property=\"og:image:width\" content=\"800\" \/>\n\t<meta property=\"og:image:height\" content=\"800\" \/>\n\t<meta property=\"og:image:type\" content=\"image\/jpeg\" \/>\n<meta name=\"twitter:card\" content=\"summary_large_image\" \/>\n<meta name=\"twitter:label1\" content=\"Dur\u00e9e de lecture estim\u00e9e\" \/>\n\t<meta name=\"twitter:data1\" content=\"1 minute\" \/>\n<script type=\"application\/ld+json\" class=\"yoast-schema-graph\">{\"@context\":\"https:\\\/\\\/schema.org\",\"@graph\":[{\"@type\":\"WebPage\",\"@id\":\"https:\\\/\\\/shop.lamifix.ch\\\/fr\\\/produkt\\\/fraeser-hm-oe105-x-7-x-30mm-fuer-treppenbolzen-variante-a\\\/\",\"url\":\"https:\\\/\\\/shop.lamifix.ch\\\/fr\\\/produkt\\\/fraeser-hm-oe105-x-7-x-30mm-fuer-treppenbolzen-variante-a\\\/\",\"name\":\"Fr\u00e4ser HM, \u00d8105 x 7 x 30mm, F\u00fcr Treppenbolzen Variante A - Lamifix Shop\",\"isPartOf\":{\"@id\":\"https:\\\/\\\/shop.lamifix.ch\\\/fr\\\/#website\"},\"primaryImageOfPage\":{\"@id\":\"https:\\\/\\\/shop.lamifix.ch\\\/fr\\\/produkt\\\/fraeser-hm-oe105-x-7-x-30mm-fuer-treppenbolzen-variante-a\\\/#primaryimage\"},\"image\":{\"@id\":\"https:\\\/\\\/shop.lamifix.ch\\\/fr\\\/produkt\\\/fraeser-hm-oe105-x-7-x-30mm-fuer-treppenbolzen-variante-a\\\/#primaryimage\"},\"thumbnailUrl\":\"https:\\\/\\\/shop.lamifix.ch\\\/wp-content\\\/uploads\\\/2023\\\/02\\\/2199.105.3.jpg\",\"datePublished\":\"2023-02-13T14:34:14+00:00\",\"dateModified\":\"2023-02-13T14:34:15+00:00\",\"breadcrumb\":{\"@id\":\"https:\\\/\\\/shop.lamifix.ch\\\/fr\\\/produkt\\\/fraeser-hm-oe105-x-7-x-30mm-fuer-treppenbolzen-variante-a\\\/#breadcrumb\"},\"inLanguage\":\"fr-FR\",\"potentialAction\":[{\"@type\":\"ReadAction\",\"target\":[\"https:\\\/\\\/shop.lamifix.ch\\\/fr\\\/produkt\\\/fraeser-hm-oe105-x-7-x-30mm-fuer-treppenbolzen-variante-a\\\/\"]}]},{\"@type\":\"ImageObject\",\"inLanguage\":\"fr-FR\",\"@id\":\"https:\\\/\\\/shop.lamifix.ch\\\/fr\\\/produkt\\\/fraeser-hm-oe105-x-7-x-30mm-fuer-treppenbolzen-variante-a\\\/#primaryimage\",\"url\":\"https:\\\/\\\/shop.lamifix.ch\\\/wp-content\\\/uploads\\\/2023\\\/02\\\/2199.105.3.jpg\",\"contentUrl\":\"https:\\\/\\\/shop.lamifix.ch\\\/wp-content\\\/uploads\\\/2023\\\/02\\\/2199.105.3.jpg\",\"width\":827,\"height\":827},{\"@type\":\"BreadcrumbList\",\"@id\":\"https:\\\/\\\/shop.lamifix.ch\\\/fr\\\/produkt\\\/fraeser-hm-oe105-x-7-x-30mm-fuer-treppenbolzen-variante-a\\\/#breadcrumb\",\"itemListElement\":[{\"@type\":\"ListItem\",\"position\":1,\"name\":\"Home\",\"item\":\"https:\\\/\\\/shop.lamifix.ch\\\/fr\\\/\"},{\"@type\":\"ListItem\",\"position\":2,\"name\":\"Boutique\",\"item\":\"https:\\\/\\\/shop.lamifix.ch\\\/fr\\\/boutique\\\/\"},{\"@type\":\"ListItem\",\"position\":3,\"name\":\"Fr\u00e4ser HM, \u00d8105 x 7 x 30mm, F\u00fcr Treppenbolzen Variante A\"}]},{\"@type\":\"WebSite\",\"@id\":\"https:\\\/\\\/shop.lamifix.ch\\\/fr\\\/#website\",\"url\":\"https:\\\/\\\/shop.lamifix.ch\\\/fr\\\/\",\"name\":\"Lamifix Shop\",\"description\":\"Treppen und Stiegen-Elemente f\u00fcr den modernen Treppenbau\",\"publisher\":{\"@id\":\"https:\\\/\\\/shop.lamifix.ch\\\/fr\\\/#organization\"},\"potentialAction\":[{\"@type\":\"SearchAction\",\"target\":{\"@type\":\"EntryPoint\",\"urlTemplate\":\"https:\\\/\\\/shop.lamifix.ch\\\/fr\\\/?s={search_term_string}\"},\"query-input\":{\"@type\":\"PropertyValueSpecification\",\"valueRequired\":true,\"valueName\":\"search_term_string\"}}],\"inLanguage\":\"fr-FR\"},{\"@type\":\"Organization\",\"@id\":\"https:\\\/\\\/shop.lamifix.ch\\\/fr\\\/#organization\",\"name\":\"Lamifix Shop\",\"url\":\"https:\\\/\\\/shop.lamifix.ch\\\/fr\\\/\",\"logo\":{\"@type\":\"ImageObject\",\"inLanguage\":\"fr-FR\",\"@id\":\"https:\\\/\\\/shop.lamifix.ch\\\/fr\\\/#\\\/schema\\\/logo\\\/image\\\/\",\"url\":\"https:\\\/\\\/shop.lamifix.ch\\\/wp-content\\\/uploads\\\/2022\\\/09\\\/LF-Logo-ohne-Kreuz-scaled.jpg\",\"contentUrl\":\"https:\\\/\\\/shop.lamifix.ch\\\/wp-content\\\/uploads\\\/2022\\\/09\\\/LF-Logo-ohne-Kreuz-scaled.jpg\",\"width\":2560,\"height\":2084,\"caption\":\"Lamifix Shop\"},\"image\":{\"@id\":\"https:\\\/\\\/shop.lamifix.ch\\\/fr\\\/#\\\/schema\\\/logo\\\/image\\\/\"}}]}<\/script>\n<!-- \/ Yoast SEO plugin. -->","yoast_head_json":{"title":"Fr\u00e4ser HM, \u00d8105 x 7 x 30mm, F\u00fcr Treppenbolzen Variante A - Lamifix Shop","robots":{"index":"index","follow":"follow","max-snippet":"max-snippet:-1","max-image-preview":"max-image-preview:large","max-video-preview":"max-video-preview:-1"},"canonical":"https:\/\/shop.lamifix.ch\/fr\/produkt\/fraeser-hm-oe105-x-7-x-30mm-fuer-treppenbolzen-variante-a\/","og_locale":"fr_FR","og_type":"article","og_title":"Fr\u00e4ser HM, \u00d8105 x 7 x 30mm, F\u00fcr Treppenbolzen Variante A - Lamifix Shop","og_description":"Fr\u00e4ser f\u00fcr Kehlmaschine. F\u00fcr Treppenbolzen Variante A. Der Verbinder kann mit einer Fr\u00e4sung in der Stufe eingenutet werden. Aussendurchmesser \u00d8105mm Innenduchmesser \u00d830mm Dicke 7mm Hartmetallwendeplatten Auch f\u00fcr 7mm dicke LamiFIX\u00ae Montageverbinder geeignet. LF 30.W6.5x60 + LF 35.M10x30","og_url":"https:\/\/shop.lamifix.ch\/fr\/produkt\/fraeser-hm-oe105-x-7-x-30mm-fuer-treppenbolzen-variante-a\/","og_site_name":"Lamifix Shop","article_modified_time":"2023-02-13T14:34:15+00:00","og_image":[{"width":800,"height":800,"url":"https:\/\/shop.lamifix.ch\/wp-content\/uploads\/2023\/02\/2199.105.3.jpg","type":"image\/jpeg"}],"twitter_card":"summary_large_image","twitter_misc":{"Dur\u00e9e de lecture estim\u00e9e":"1 minute"},"schema":{"@context":"https:\/\/schema.org","@graph":[{"@type":"WebPage","@id":"https:\/\/shop.lamifix.ch\/fr\/produkt\/fraeser-hm-oe105-x-7-x-30mm-fuer-treppenbolzen-variante-a\/","url":"https:\/\/shop.lamifix.ch\/fr\/produkt\/fraeser-hm-oe105-x-7-x-30mm-fuer-treppenbolzen-variante-a\/","name":"Fr\u00e4ser HM, \u00d8105 x 7 x 30mm, F\u00fcr Treppenbolzen Variante A - Lamifix Shop","isPartOf":{"@id":"https:\/\/shop.lamifix.ch\/fr\/#website"},"primaryImageOfPage":{"@id":"https:\/\/shop.lamifix.ch\/fr\/produkt\/fraeser-hm-oe105-x-7-x-30mm-fuer-treppenbolzen-variante-a\/#primaryimage"},"image":{"@id":"https:\/\/shop.lamifix.ch\/fr\/produkt\/fraeser-hm-oe105-x-7-x-30mm-fuer-treppenbolzen-variante-a\/#primaryimage"},"thumbnailUrl":"https:\/\/shop.lamifix.ch\/wp-content\/uploads\/2023\/02\/2199.105.3.jpg","datePublished":"2023-02-13T14:34:14+00:00","dateModified":"2023-02-13T14:34:15+00:00","breadcrumb":{"@id":"https:\/\/shop.lamifix.ch\/fr\/produkt\/fraeser-hm-oe105-x-7-x-30mm-fuer-treppenbolzen-variante-a\/#breadcrumb"},"inLanguage":"fr-FR","potentialAction":[{"@type":"ReadAction","target":["https:\/\/shop.lamifix.ch\/fr\/produkt\/fraeser-hm-oe105-x-7-x-30mm-fuer-treppenbolzen-variante-a\/"]}]},{"@type":"ImageObject","inLanguage":"fr-FR","@id":"https:\/\/shop.lamifix.ch\/fr\/produkt\/fraeser-hm-oe105-x-7-x-30mm-fuer-treppenbolzen-variante-a\/#primaryimage","url":"https:\/\/shop.lamifix.ch\/wp-content\/uploads\/2023\/02\/2199.105.3.jpg","contentUrl":"https:\/\/shop.lamifix.ch\/wp-content\/uploads\/2023\/02\/2199.105.3.jpg","width":827,"height":827},{"@type":"BreadcrumbList","@id":"https:\/\/shop.lamifix.ch\/fr\/produkt\/fraeser-hm-oe105-x-7-x-30mm-fuer-treppenbolzen-variante-a\/#breadcrumb","itemListElement":[{"@type":"ListItem","position":1,"name":"Home","item":"https:\/\/shop.lamifix.ch\/fr\/"},{"@type":"ListItem","position":2,"name":"Boutique","item":"https:\/\/shop.lamifix.ch\/fr\/boutique\/"},{"@type":"ListItem","position":3,"name":"Fr\u00e4ser HM, \u00d8105 x 7 x 30mm, F\u00fcr Treppenbolzen Variante A"}]},{"@type":"WebSite","@id":"https:\/\/shop.lamifix.ch\/fr\/#website","url":"https:\/\/shop.lamifix.ch\/fr\/","name":"Lamifix Shop","description":"Treppen und Stiegen-Elemente f\u00fcr den modernen Treppenbau","publisher":{"@id":"https:\/\/shop.lamifix.ch\/fr\/#organization"},"potentialAction":[{"@type":"SearchAction","target":{"@type":"EntryPoint","urlTemplate":"https:\/\/shop.lamifix.ch\/fr\/?s={search_term_string}"},"query-input":{"@type":"PropertyValueSpecification","valueRequired":true,"valueName":"search_term_string"}}],"inLanguage":"fr-FR"},{"@type":"Organization","@id":"https:\/\/shop.lamifix.ch\/fr\/#organization","name":"Lamifix Shop","url":"https:\/\/shop.lamifix.ch\/fr\/","logo":{"@type":"ImageObject","inLanguage":"fr-FR","@id":"https:\/\/shop.lamifix.ch\/fr\/#\/schema\/logo\/image\/","url":"https:\/\/shop.lamifix.ch\/wp-content\/uploads\/2022\/09\/LF-Logo-ohne-Kreuz-scaled.jpg","contentUrl":"https:\/\/shop.lamifix.ch\/wp-content\/uploads\/2022\/09\/LF-Logo-ohne-Kreuz-scaled.jpg","width":2560,"height":2084,"caption":"Lamifix Shop"},"image":{"@id":"https:\/\/shop.lamifix.ch\/fr\/#\/schema\/logo\/image\/"}}]}},"tiered_pricing_type":"fixed","tiered_pricing_fixed_rules":[],"tiered_pricing_product_settings":{"layout":"default","base_unit_name":{"singular":null,"plural":null},"default_variation":null},"tiered_pricing_minimum_quantity":null,"tiered_pricing_roles_data":[],"tiered_pricing_percentage_rules":[],"_links":{"self":[{"href":"https:\/\/shop.lamifix.ch\/fr\/wp-json\/wp\/v2\/product\/3735","targetHints":{"allow":["GET"]}}],"collection":[{"href":"https:\/\/shop.lamifix.ch\/fr\/wp-json\/wp\/v2\/product"}],"about":[{"href":"https:\/\/shop.lamifix.ch\/fr\/wp-json\/wp\/v2\/types\/product"}],"wp:featuredmedia":[{"embeddable":true,"href":"https:\/\/shop.lamifix.ch\/fr\/wp-json\/wp\/v2\/media\/3700"}],"wp:attachment":[{"href":"https:\/\/shop.lamifix.ch\/fr\/wp-json\/wp\/v2\/media?parent=3735"}],"wp:term":[{"taxonomy":"product_brand","embeddable":true,"href":"https:\/\/shop.lamifix.ch\/fr\/wp-json\/wp\/v2\/product_brand?post=3735"},{"taxonomy":"product_cat","embeddable":true,"href":"https:\/\/shop.lamifix.ch\/fr\/wp-json\/wp\/v2\/product_cat?post=3735"},{"taxonomy":"product_tag","embeddable":true,"href":"https:\/\/shop.lamifix.ch\/fr\/wp-json\/wp\/v2\/product_tag?post=3735"}],"curies":[{"name":"wp","href":"https:\/\/api.w.org\/{rel}","templated":true}]}}