{"id":3912,"date":"2024-01-06T15:19:16","date_gmt":"2024-01-06T14:19:16","guid":{"rendered":"https:\/\/shop.lamifix.ch\/?post_type=product&#038;p=3912"},"modified":"2024-01-06T18:18:39","modified_gmt":"2024-01-06T17:18:39","slug":"betonschraube-multi-monti-plus-st-m10-x-75mm","status":"publish","type":"product","link":"https:\/\/shop.lamifix.ch\/fr\/produkt\/betonschraube-multi-monti-plus-st-m10-x-75mm\/","title":{"rendered":"Betonschraube Multi-Monti-plus ST M10 x 75mm"},"content":{"rendered":"<p>Betonschraube Multi-Monti-plus ST M10x75mm<br \/>\nStahl verzinkt<\/p>\n","protected":false},"excerpt":{"rendered":"<p>Betonschraube Multi-Monti-plus ST M10x75mm<br \/>\nStahl verzinkt<br \/>\nEr wird ohne D\u00fcbel direkt in ein vorgebohrtes Loch geschraubt und ist sofort belastbar. Die verst\u00e4rkte Verzahnung an der Schraubenspitze schneidet beim Einschrauben ein Innengewinde in den Baustoff. Dadurch entsteht ein Formschluss, \u00fcber den schlie\u00dflich die Verankerung erfolgt. Dies vereinfacht nicht nur den Montagevorgang, sondern gew\u00e4hrleistet ein hohes Ma\u00df an Anwendungssicherheit. Die Betonschraube MULTI-MONTI\u00ae-plus l\u00e4sst sich randnah und ohne Drehmomentschl\u00fcssel verarbeiten, ist vollst\u00e4ndig demontierbar und nach Pr\u00fcfung wiederverwendbar.<\/p>\n","protected":false},"featured_media":3915,"template":"","meta":{"_et_pb_use_builder":"","_et_pb_old_content":"","_et_gb_content_width":""},"product_brand":[],"product_cat":[195,193,196],"product_tag":[],"class_list":{"0":"post-3912","1":"product","2":"type-product","3":"status-publish","4":"has-post-thumbnail","6":"product_cat-staufh","7":"product_cat-treppentechnik","8":"product_cat-zh","9":"product_shipping_class-standard","10":"pa_gw-mg","11":"pa_ve-25stk","13":"first","14":"instock","15":"taxable","16":"shipping-taxable","17":"purchasable","18":"product-type-simple"},"bundled_by":[],"bundle_stock_status":"instock","bundle_stock_quantity":null,"bundle_virtual":false,"bundle_layout":"","bundle_add_to_cart_form_location":"","bundle_editable_in_cart":false,"bundle_sold_individually_context":"","bundle_item_grouping":"","bundle_min_size":"","bundle_max_size":"","bundled_items":[],"bundle_sell_ids":[],"yoast_head":"<!-- This site is optimized with the Yoast SEO plugin v27.3 - https:\/\/yoast.com\/product\/yoast-seo-wordpress\/ -->\n<title>Betonschraube Multi-Monti-plus ST M10 x 75mm - Lamifix Shop<\/title>\n<meta name=\"robots\" content=\"index, follow, max-snippet:-1, max-image-preview:large, max-video-preview:-1\" \/>\n<link rel=\"canonical\" href=\"https:\/\/shop.lamifix.ch\/fr\/produkt\/betonschraube-multi-monti-plus-st-m10-x-75mm\/\" \/>\n<meta property=\"og:locale\" content=\"fr_FR\" \/>\n<meta property=\"og:type\" content=\"article\" \/>\n<meta property=\"og:title\" content=\"Betonschraube Multi-Monti-plus ST M10 x 75mm - Lamifix Shop\" \/>\n<meta property=\"og:description\" content=\"Betonschraube Multi-Monti-plus ST M10x75mm Stahl verzinkt Er wird ohne D\u00fcbel direkt in ein vorgebohrtes Loch geschraubt und ist sofort belastbar. Die verst\u00e4rkte Verzahnung an der Schraubenspitze schneidet beim Einschrauben ein Innengewinde in den Baustoff. Dadurch entsteht ein Formschluss, \u00fcber den schlie\u00dflich die Verankerung erfolgt. Dies vereinfacht nicht nur den Montagevorgang, sondern gew\u00e4hrleistet ein hohes Ma\u00df an Anwendungssicherheit. Die Betonschraube MULTI-MONTI\u00ae-plus l\u00e4sst sich randnah und ohne Drehmomentschl\u00fcssel verarbeiten, ist vollst\u00e4ndig demontierbar und nach Pr\u00fcfung wiederverwendbar.\" \/>\n<meta property=\"og:url\" content=\"https:\/\/shop.lamifix.ch\/fr\/produkt\/betonschraube-multi-monti-plus-st-m10-x-75mm\/\" \/>\n<meta property=\"og:site_name\" content=\"Lamifix Shop\" \/>\n<meta property=\"article:modified_time\" content=\"2024-01-06T17:18:39+00:00\" \/>\n<meta property=\"og:image\" content=\"https:\/\/shop.lamifix.ch\/wp-content\/uploads\/2024\/01\/1572.0.jpg\" \/>\n\t<meta property=\"og:image:width\" content=\"800\" \/>\n\t<meta property=\"og:image:height\" content=\"800\" \/>\n\t<meta property=\"og:image:type\" content=\"image\/jpeg\" \/>\n<meta name=\"twitter:card\" content=\"summary_large_image\" \/>\n<meta name=\"twitter:label1\" content=\"Dur\u00e9e de lecture estim\u00e9e\" \/>\n\t<meta name=\"twitter:data1\" content=\"1 minute\" \/>\n<script type=\"application\/ld+json\" class=\"yoast-schema-graph\">{\"@context\":\"https:\\\/\\\/schema.org\",\"@graph\":[{\"@type\":\"WebPage\",\"@id\":\"https:\\\/\\\/shop.lamifix.ch\\\/fr\\\/produkt\\\/betonschraube-multi-monti-plus-st-m10-x-75mm\\\/\",\"url\":\"https:\\\/\\\/shop.lamifix.ch\\\/fr\\\/produkt\\\/betonschraube-multi-monti-plus-st-m10-x-75mm\\\/\",\"name\":\"Betonschraube Multi-Monti-plus ST M10 x 75mm - Lamifix Shop\",\"isPartOf\":{\"@id\":\"https:\\\/\\\/shop.lamifix.ch\\\/fr\\\/#website\"},\"primaryImageOfPage\":{\"@id\":\"https:\\\/\\\/shop.lamifix.ch\\\/fr\\\/produkt\\\/betonschraube-multi-monti-plus-st-m10-x-75mm\\\/#primaryimage\"},\"image\":{\"@id\":\"https:\\\/\\\/shop.lamifix.ch\\\/fr\\\/produkt\\\/betonschraube-multi-monti-plus-st-m10-x-75mm\\\/#primaryimage\"},\"thumbnailUrl\":\"https:\\\/\\\/shop.lamifix.ch\\\/wp-content\\\/uploads\\\/2024\\\/01\\\/1572.0.jpg\",\"datePublished\":\"2024-01-06T14:19:16+00:00\",\"dateModified\":\"2024-01-06T17:18:39+00:00\",\"breadcrumb\":{\"@id\":\"https:\\\/\\\/shop.lamifix.ch\\\/fr\\\/produkt\\\/betonschraube-multi-monti-plus-st-m10-x-75mm\\\/#breadcrumb\"},\"inLanguage\":\"fr-FR\",\"potentialAction\":[{\"@type\":\"ReadAction\",\"target\":[\"https:\\\/\\\/shop.lamifix.ch\\\/fr\\\/produkt\\\/betonschraube-multi-monti-plus-st-m10-x-75mm\\\/\"]}]},{\"@type\":\"ImageObject\",\"inLanguage\":\"fr-FR\",\"@id\":\"https:\\\/\\\/shop.lamifix.ch\\\/fr\\\/produkt\\\/betonschraube-multi-monti-plus-st-m10-x-75mm\\\/#primaryimage\",\"url\":\"https:\\\/\\\/shop.lamifix.ch\\\/wp-content\\\/uploads\\\/2024\\\/01\\\/1572.0.jpg\",\"contentUrl\":\"https:\\\/\\\/shop.lamifix.ch\\\/wp-content\\\/uploads\\\/2024\\\/01\\\/1572.0.jpg\",\"width\":800,\"height\":800},{\"@type\":\"BreadcrumbList\",\"@id\":\"https:\\\/\\\/shop.lamifix.ch\\\/fr\\\/produkt\\\/betonschraube-multi-monti-plus-st-m10-x-75mm\\\/#breadcrumb\",\"itemListElement\":[{\"@type\":\"ListItem\",\"position\":1,\"name\":\"Home\",\"item\":\"https:\\\/\\\/shop.lamifix.ch\\\/fr\\\/\"},{\"@type\":\"ListItem\",\"position\":2,\"name\":\"Boutique\",\"item\":\"https:\\\/\\\/shop.lamifix.ch\\\/fr\\\/boutique\\\/\"},{\"@type\":\"ListItem\",\"position\":3,\"name\":\"Betonschraube Multi-Monti-plus ST M10 x 75mm\"}]},{\"@type\":\"WebSite\",\"@id\":\"https:\\\/\\\/shop.lamifix.ch\\\/fr\\\/#website\",\"url\":\"https:\\\/\\\/shop.lamifix.ch\\\/fr\\\/\",\"name\":\"Lamifix Shop\",\"description\":\"Treppen und Stiegen-Elemente f\u00fcr den modernen Treppenbau\",\"publisher\":{\"@id\":\"https:\\\/\\\/shop.lamifix.ch\\\/fr\\\/#organization\"},\"potentialAction\":[{\"@type\":\"SearchAction\",\"target\":{\"@type\":\"EntryPoint\",\"urlTemplate\":\"https:\\\/\\\/shop.lamifix.ch\\\/fr\\\/?s={search_term_string}\"},\"query-input\":{\"@type\":\"PropertyValueSpecification\",\"valueRequired\":true,\"valueName\":\"search_term_string\"}}],\"inLanguage\":\"fr-FR\"},{\"@type\":\"Organization\",\"@id\":\"https:\\\/\\\/shop.lamifix.ch\\\/fr\\\/#organization\",\"name\":\"Lamifix Shop\",\"url\":\"https:\\\/\\\/shop.lamifix.ch\\\/fr\\\/\",\"logo\":{\"@type\":\"ImageObject\",\"inLanguage\":\"fr-FR\",\"@id\":\"https:\\\/\\\/shop.lamifix.ch\\\/fr\\\/#\\\/schema\\\/logo\\\/image\\\/\",\"url\":\"https:\\\/\\\/shop.lamifix.ch\\\/wp-content\\\/uploads\\\/2022\\\/09\\\/LF-Logo-ohne-Kreuz-scaled.jpg\",\"contentUrl\":\"https:\\\/\\\/shop.lamifix.ch\\\/wp-content\\\/uploads\\\/2022\\\/09\\\/LF-Logo-ohne-Kreuz-scaled.jpg\",\"width\":2560,\"height\":2084,\"caption\":\"Lamifix Shop\"},\"image\":{\"@id\":\"https:\\\/\\\/shop.lamifix.ch\\\/fr\\\/#\\\/schema\\\/logo\\\/image\\\/\"}}]}<\/script>\n<!-- \/ Yoast SEO plugin. -->","yoast_head_json":{"title":"Betonschraube Multi-Monti-plus ST M10 x 75mm - Lamifix Shop","robots":{"index":"index","follow":"follow","max-snippet":"max-snippet:-1","max-image-preview":"max-image-preview:large","max-video-preview":"max-video-preview:-1"},"canonical":"https:\/\/shop.lamifix.ch\/fr\/produkt\/betonschraube-multi-monti-plus-st-m10-x-75mm\/","og_locale":"fr_FR","og_type":"article","og_title":"Betonschraube Multi-Monti-plus ST M10 x 75mm - Lamifix Shop","og_description":"Betonschraube Multi-Monti-plus ST M10x75mm Stahl verzinkt Er wird ohne D\u00fcbel direkt in ein vorgebohrtes Loch geschraubt und ist sofort belastbar. Die verst\u00e4rkte Verzahnung an der Schraubenspitze schneidet beim Einschrauben ein Innengewinde in den Baustoff. Dadurch entsteht ein Formschluss, \u00fcber den schlie\u00dflich die Verankerung erfolgt. Dies vereinfacht nicht nur den Montagevorgang, sondern gew\u00e4hrleistet ein hohes Ma\u00df an Anwendungssicherheit. Die Betonschraube MULTI-MONTI\u00ae-plus l\u00e4sst sich randnah und ohne Drehmomentschl\u00fcssel verarbeiten, ist vollst\u00e4ndig demontierbar und nach Pr\u00fcfung wiederverwendbar.","og_url":"https:\/\/shop.lamifix.ch\/fr\/produkt\/betonschraube-multi-monti-plus-st-m10-x-75mm\/","og_site_name":"Lamifix Shop","article_modified_time":"2024-01-06T17:18:39+00:00","og_image":[{"width":800,"height":800,"url":"https:\/\/shop.lamifix.ch\/wp-content\/uploads\/2024\/01\/1572.0.jpg","type":"image\/jpeg"}],"twitter_card":"summary_large_image","twitter_misc":{"Dur\u00e9e de lecture estim\u00e9e":"1 minute"},"schema":{"@context":"https:\/\/schema.org","@graph":[{"@type":"WebPage","@id":"https:\/\/shop.lamifix.ch\/fr\/produkt\/betonschraube-multi-monti-plus-st-m10-x-75mm\/","url":"https:\/\/shop.lamifix.ch\/fr\/produkt\/betonschraube-multi-monti-plus-st-m10-x-75mm\/","name":"Betonschraube Multi-Monti-plus ST M10 x 75mm - Lamifix Shop","isPartOf":{"@id":"https:\/\/shop.lamifix.ch\/fr\/#website"},"primaryImageOfPage":{"@id":"https:\/\/shop.lamifix.ch\/fr\/produkt\/betonschraube-multi-monti-plus-st-m10-x-75mm\/#primaryimage"},"image":{"@id":"https:\/\/shop.lamifix.ch\/fr\/produkt\/betonschraube-multi-monti-plus-st-m10-x-75mm\/#primaryimage"},"thumbnailUrl":"https:\/\/shop.lamifix.ch\/wp-content\/uploads\/2024\/01\/1572.0.jpg","datePublished":"2024-01-06T14:19:16+00:00","dateModified":"2024-01-06T17:18:39+00:00","breadcrumb":{"@id":"https:\/\/shop.lamifix.ch\/fr\/produkt\/betonschraube-multi-monti-plus-st-m10-x-75mm\/#breadcrumb"},"inLanguage":"fr-FR","potentialAction":[{"@type":"ReadAction","target":["https:\/\/shop.lamifix.ch\/fr\/produkt\/betonschraube-multi-monti-plus-st-m10-x-75mm\/"]}]},{"@type":"ImageObject","inLanguage":"fr-FR","@id":"https:\/\/shop.lamifix.ch\/fr\/produkt\/betonschraube-multi-monti-plus-st-m10-x-75mm\/#primaryimage","url":"https:\/\/shop.lamifix.ch\/wp-content\/uploads\/2024\/01\/1572.0.jpg","contentUrl":"https:\/\/shop.lamifix.ch\/wp-content\/uploads\/2024\/01\/1572.0.jpg","width":800,"height":800},{"@type":"BreadcrumbList","@id":"https:\/\/shop.lamifix.ch\/fr\/produkt\/betonschraube-multi-monti-plus-st-m10-x-75mm\/#breadcrumb","itemListElement":[{"@type":"ListItem","position":1,"name":"Home","item":"https:\/\/shop.lamifix.ch\/fr\/"},{"@type":"ListItem","position":2,"name":"Boutique","item":"https:\/\/shop.lamifix.ch\/fr\/boutique\/"},{"@type":"ListItem","position":3,"name":"Betonschraube Multi-Monti-plus ST M10 x 75mm"}]},{"@type":"WebSite","@id":"https:\/\/shop.lamifix.ch\/fr\/#website","url":"https:\/\/shop.lamifix.ch\/fr\/","name":"Lamifix Shop","description":"Treppen und Stiegen-Elemente f\u00fcr den modernen Treppenbau","publisher":{"@id":"https:\/\/shop.lamifix.ch\/fr\/#organization"},"potentialAction":[{"@type":"SearchAction","target":{"@type":"EntryPoint","urlTemplate":"https:\/\/shop.lamifix.ch\/fr\/?s={search_term_string}"},"query-input":{"@type":"PropertyValueSpecification","valueRequired":true,"valueName":"search_term_string"}}],"inLanguage":"fr-FR"},{"@type":"Organization","@id":"https:\/\/shop.lamifix.ch\/fr\/#organization","name":"Lamifix Shop","url":"https:\/\/shop.lamifix.ch\/fr\/","logo":{"@type":"ImageObject","inLanguage":"fr-FR","@id":"https:\/\/shop.lamifix.ch\/fr\/#\/schema\/logo\/image\/","url":"https:\/\/shop.lamifix.ch\/wp-content\/uploads\/2022\/09\/LF-Logo-ohne-Kreuz-scaled.jpg","contentUrl":"https:\/\/shop.lamifix.ch\/wp-content\/uploads\/2022\/09\/LF-Logo-ohne-Kreuz-scaled.jpg","width":2560,"height":2084,"caption":"Lamifix Shop"},"image":{"@id":"https:\/\/shop.lamifix.ch\/fr\/#\/schema\/logo\/image\/"}}]}},"tiered_pricing_type":"fixed","tiered_pricing_fixed_rules":[],"tiered_pricing_product_settings":{"layout":"default","base_unit_name":{"singular":null,"plural":null},"default_variation":null},"tiered_pricing_minimum_quantity":null,"tiered_pricing_roles_data":[],"tiered_pricing_percentage_rules":[],"_links":{"self":[{"href":"https:\/\/shop.lamifix.ch\/fr\/wp-json\/wp\/v2\/product\/3912","targetHints":{"allow":["GET"]}}],"collection":[{"href":"https:\/\/shop.lamifix.ch\/fr\/wp-json\/wp\/v2\/product"}],"about":[{"href":"https:\/\/shop.lamifix.ch\/fr\/wp-json\/wp\/v2\/types\/product"}],"wp:featuredmedia":[{"embeddable":true,"href":"https:\/\/shop.lamifix.ch\/fr\/wp-json\/wp\/v2\/media\/3915"}],"wp:attachment":[{"href":"https:\/\/shop.lamifix.ch\/fr\/wp-json\/wp\/v2\/media?parent=3912"}],"wp:term":[{"taxonomy":"product_brand","embeddable":true,"href":"https:\/\/shop.lamifix.ch\/fr\/wp-json\/wp\/v2\/product_brand?post=3912"},{"taxonomy":"product_cat","embeddable":true,"href":"https:\/\/shop.lamifix.ch\/fr\/wp-json\/wp\/v2\/product_cat?post=3912"},{"taxonomy":"product_tag","embeddable":true,"href":"https:\/\/shop.lamifix.ch\/fr\/wp-json\/wp\/v2\/product_tag?post=3912"}],"curies":[{"name":"wp","href":"https:\/\/api.w.org\/{rel}","templated":true}]}}