{"id":4374,"date":"2024-08-08T14:22:34","date_gmt":"2024-08-08T12:22:34","guid":{"rendered":"https:\/\/shop.lamifix.ch\/?post_type=product&#038;p=4374"},"modified":"2024-08-08T14:26:12","modified_gmt":"2024-08-08T12:26:12","slug":"treppenbolzen-set-1c-t80mm-zum-eindrehen-in-weichholz","status":"publish","type":"product","link":"https:\/\/shop.lamifix.ch\/fr\/produkt\/treppenbolzen-set-1c-t80mm-zum-eindrehen-in-weichholz\/","title":{"rendered":"Treppenbolzen Set 1C, T=80mm zum Eindrehen in Weichholz"},"content":{"rendered":"<p>Treppenbeschl\u00e4ge Set 1C, T=80mm,\u00a0 INOX A2<br \/>\nDer Treppenbolzen kann in Holz mit 18mm Luft von der Treppenstufe zur Wand eingedreht werden. Je nach Wandaufbau und Faserverlauf vom Holz \u00e4ndern die Bolzenl\u00e4ngen. In Holz ohne Schallschutz, f\u00fcr EFH. Treppenbolzen inkl. Waxilit Gleitmittel und TX- Stufen-Befestigungsschraube. Bohrb\u00fcchsen f\u00fcr positions- und winkelgenaue Wandbohrungen k\u00f6nnen f\u00fcr die Montage ausgeliehen werden.<br \/>\nLF 3623.580.6 ab 100 Stk.<\/p>\n","protected":false},"excerpt":{"rendered":"<p>Treppenbeschl\u00e4ge Set 1C, T=80mm,\u00a0 Edelstahl A2<br \/>\nDer Treppenbolzen kann in Holz mit 18mm Luft von der Treppenstufe zur Wand eingedreht werden. Je nach Wandaufbau und Faserverlauf vom Holz \u00e4ndern die Bolzenl\u00e4ngen. In Holz ohne Schallschutz, f\u00fcr EFH. Treppenbolzen inkl. Waxilit Gleitmittel und TX- Stufen-Befestigungsschraube. Bohrb\u00fcchsen f\u00fcr positions- und winkelgenaue Wandbohrungen k\u00f6nnen f\u00fcr die Montage ausgeliehen werden.<br \/>\nLF 3623.580.6 ab 100 Stk.<\/p>\n","protected":false},"featured_media":4254,"template":"","meta":{"_et_pb_use_builder":"","_et_pb_old_content":"","_et_gb_content_width":""},"product_brand":[],"product_cat":[194,193,196],"product_tag":[],"class_list":{"0":"post-4374","1":"product","2":"type-product","3":"status-publish","4":"has-post-thumbnail","6":"product_cat-seitst","7":"product_cat-treppentechnik","8":"product_cat-zh","9":"product_shipping_class-standard","10":"pa_einbau-brettsh","11":"pa_einbau-gk","12":"pa_einbau-wh","13":"pa_stufenauflage-variantec","14":"pa_ve-1stk","15":"pa_ve-100stk","17":"first","18":"instock","19":"taxable","20":"shipping-taxable","21":"purchasable","22":"product-type-bundle"},"bundled_by":[],"bundle_stock_status":"instock","bundle_stock_quantity":"","bundle_virtual":false,"bundle_layout":"default","bundle_add_to_cart_form_location":"default","bundle_editable_in_cart":false,"bundle_sold_individually_context":"product","bundle_item_grouping":"parent","bundle_min_size":"","bundle_max_size":"","bundled_items":[{"bundled_item_id":78,"product_id":4373,"menu_order":0,"quantity_min":1,"quantity_max":1,"quantity_default":1,"priced_individually":true,"shipped_individually":false,"override_title":false,"title":"Stufenauflager Typ C, T=80mm, zum Eindrehen in Weicholz, INOX A2","override_description":false,"description":"","optional":false,"hide_thumbnail":false,"discount":"","override_variations":false,"allowed_variations":[],"override_default_variation_attributes":false,"default_variation_attributes":[],"single_product_visibility":"visible","cart_visibility":"visible","order_visibility":"visible","single_product_price_visibility":"visible","cart_price_visibility":"visible","order_price_visibility":"visible","stock_status":"in_stock"},{"bundled_item_id":76,"product_id":3646,"menu_order":1,"quantity_min":1,"quantity_max":1,"quantity_default":1,"priced_individually":true,"shipped_individually":false,"override_title":false,"title":"Linsensenkkopfschraube 5.5x38mm, INOX A2, TX25","override_description":false,"description":"","optional":false,"hide_thumbnail":false,"discount":"","override_variations":false,"allowed_variations":[],"override_default_variation_attributes":false,"default_variation_attributes":[],"single_product_visibility":"visible","cart_visibility":"visible","order_visibility":"visible","single_product_price_visibility":"visible","cart_price_visibility":"visible","order_price_visibility":"visible","stock_status":"in_stock"},{"bundled_item_id":77,"product_id":4313,"menu_order":2,"quantity_min":1,"quantity_max":1,"quantity_default":1,"priced_individually":true,"shipped_individually":false,"override_title":false,"title":"Waxilit Gleitmittel f\u00fcr Set 1\/2\/3624 (1\/50 Pro Set)","override_description":false,"description":"","optional":false,"hide_thumbnail":false,"discount":"","override_variations":false,"allowed_variations":[],"override_default_variation_attributes":false,"default_variation_attributes":[],"single_product_visibility":"visible","cart_visibility":"visible","order_visibility":"visible","single_product_price_visibility":"visible","cart_price_visibility":"visible","order_price_visibility":"visible","stock_status":"in_stock"}],"bundle_sell_ids":[],"yoast_head":"<!-- This site is optimized with the Yoast SEO plugin v27.3 - https:\/\/yoast.com\/product\/yoast-seo-wordpress\/ -->\n<title>Treppenbolzen Set 1C, T=80mm zum Eindrehen in Weichholz - Lamifix Shop<\/title>\n<meta name=\"robots\" content=\"index, follow, max-snippet:-1, max-image-preview:large, max-video-preview:-1\" \/>\n<link rel=\"canonical\" href=\"https:\/\/shop.lamifix.ch\/fr\/produkt\/treppenbolzen-set-1c-t80mm-zum-eindrehen-in-weichholz\/\" \/>\n<meta property=\"og:locale\" content=\"fr_FR\" \/>\n<meta property=\"og:type\" content=\"article\" \/>\n<meta property=\"og:title\" content=\"Treppenbolzen Set 1C, T=80mm zum Eindrehen in Weichholz - Lamifix Shop\" \/>\n<meta property=\"og:description\" content=\"Treppenbeschl\u00e4ge Set 1C, T=80mm,\u00a0 Edelstahl A2 Der Treppenbolzen kann in Holz mit 18mm Luft von der Treppenstufe zur Wand eingedreht werden. Je nach Wandaufbau und Faserverlauf vom Holz \u00e4ndern die Bolzenl\u00e4ngen. In Holz ohne Schallschutz, f\u00fcr EFH. Treppenbolzen inkl. Waxilit Gleitmittel und TX- Stufen-Befestigungsschraube. Bohrb\u00fcchsen f\u00fcr positions- und winkelgenaue Wandbohrungen k\u00f6nnen f\u00fcr die Montage ausgeliehen werden. LF 3623.580.6 ab 100 Stk.\" \/>\n<meta property=\"og:url\" content=\"https:\/\/shop.lamifix.ch\/fr\/produkt\/treppenbolzen-set-1c-t80mm-zum-eindrehen-in-weichholz\/\" \/>\n<meta property=\"og:site_name\" content=\"Lamifix Shop\" \/>\n<meta property=\"article:modified_time\" content=\"2024-08-08T12:26:12+00:00\" \/>\n<meta property=\"og:image\" content=\"https:\/\/shop.lamifix.ch\/wp-content\/uploads\/2024\/08\/Set-1C.jpg\" \/>\n\t<meta property=\"og:image:width\" content=\"800\" \/>\n\t<meta property=\"og:image:height\" content=\"800\" \/>\n\t<meta property=\"og:image:type\" content=\"image\/jpeg\" \/>\n<meta name=\"twitter:card\" content=\"summary_large_image\" \/>\n<meta name=\"twitter:label1\" content=\"Dur\u00e9e de lecture estim\u00e9e\" \/>\n\t<meta name=\"twitter:data1\" content=\"1 minute\" \/>\n<script type=\"application\/ld+json\" class=\"yoast-schema-graph\">{\"@context\":\"https:\\\/\\\/schema.org\",\"@graph\":[{\"@type\":\"WebPage\",\"@id\":\"https:\\\/\\\/shop.lamifix.ch\\\/fr\\\/produkt\\\/treppenbolzen-set-1c-t80mm-zum-eindrehen-in-weichholz\\\/\",\"url\":\"https:\\\/\\\/shop.lamifix.ch\\\/fr\\\/produkt\\\/treppenbolzen-set-1c-t80mm-zum-eindrehen-in-weichholz\\\/\",\"name\":\"Treppenbolzen Set 1C, T=80mm zum Eindrehen in Weichholz - Lamifix Shop\",\"isPartOf\":{\"@id\":\"https:\\\/\\\/shop.lamifix.ch\\\/fr\\\/#website\"},\"primaryImageOfPage\":{\"@id\":\"https:\\\/\\\/shop.lamifix.ch\\\/fr\\\/produkt\\\/treppenbolzen-set-1c-t80mm-zum-eindrehen-in-weichholz\\\/#primaryimage\"},\"image\":{\"@id\":\"https:\\\/\\\/shop.lamifix.ch\\\/fr\\\/produkt\\\/treppenbolzen-set-1c-t80mm-zum-eindrehen-in-weichholz\\\/#primaryimage\"},\"thumbnailUrl\":\"https:\\\/\\\/shop.lamifix.ch\\\/wp-content\\\/uploads\\\/2024\\\/08\\\/Set-1C.jpg\",\"datePublished\":\"2024-08-08T12:22:34+00:00\",\"dateModified\":\"2024-08-08T12:26:12+00:00\",\"breadcrumb\":{\"@id\":\"https:\\\/\\\/shop.lamifix.ch\\\/fr\\\/produkt\\\/treppenbolzen-set-1c-t80mm-zum-eindrehen-in-weichholz\\\/#breadcrumb\"},\"inLanguage\":\"fr-FR\",\"potentialAction\":[{\"@type\":\"ReadAction\",\"target\":[\"https:\\\/\\\/shop.lamifix.ch\\\/fr\\\/produkt\\\/treppenbolzen-set-1c-t80mm-zum-eindrehen-in-weichholz\\\/\"]}]},{\"@type\":\"ImageObject\",\"inLanguage\":\"fr-FR\",\"@id\":\"https:\\\/\\\/shop.lamifix.ch\\\/fr\\\/produkt\\\/treppenbolzen-set-1c-t80mm-zum-eindrehen-in-weichholz\\\/#primaryimage\",\"url\":\"https:\\\/\\\/shop.lamifix.ch\\\/wp-content\\\/uploads\\\/2024\\\/08\\\/Set-1C.jpg\",\"contentUrl\":\"https:\\\/\\\/shop.lamifix.ch\\\/wp-content\\\/uploads\\\/2024\\\/08\\\/Set-1C.jpg\",\"width\":800,\"height\":800},{\"@type\":\"BreadcrumbList\",\"@id\":\"https:\\\/\\\/shop.lamifix.ch\\\/fr\\\/produkt\\\/treppenbolzen-set-1c-t80mm-zum-eindrehen-in-weichholz\\\/#breadcrumb\",\"itemListElement\":[{\"@type\":\"ListItem\",\"position\":1,\"name\":\"Home\",\"item\":\"https:\\\/\\\/shop.lamifix.ch\\\/fr\\\/\"},{\"@type\":\"ListItem\",\"position\":2,\"name\":\"Boutique\",\"item\":\"https:\\\/\\\/shop.lamifix.ch\\\/fr\\\/boutique\\\/\"},{\"@type\":\"ListItem\",\"position\":3,\"name\":\"Treppenbolzen Set 1C, T=80mm zum Eindrehen in Weichholz\"}]},{\"@type\":\"WebSite\",\"@id\":\"https:\\\/\\\/shop.lamifix.ch\\\/fr\\\/#website\",\"url\":\"https:\\\/\\\/shop.lamifix.ch\\\/fr\\\/\",\"name\":\"Lamifix Shop\",\"description\":\"Treppen und Stiegen-Elemente f\u00fcr den modernen Treppenbau\",\"publisher\":{\"@id\":\"https:\\\/\\\/shop.lamifix.ch\\\/fr\\\/#organization\"},\"potentialAction\":[{\"@type\":\"SearchAction\",\"target\":{\"@type\":\"EntryPoint\",\"urlTemplate\":\"https:\\\/\\\/shop.lamifix.ch\\\/fr\\\/?s={search_term_string}\"},\"query-input\":{\"@type\":\"PropertyValueSpecification\",\"valueRequired\":true,\"valueName\":\"search_term_string\"}}],\"inLanguage\":\"fr-FR\"},{\"@type\":\"Organization\",\"@id\":\"https:\\\/\\\/shop.lamifix.ch\\\/fr\\\/#organization\",\"name\":\"Lamifix Shop\",\"url\":\"https:\\\/\\\/shop.lamifix.ch\\\/fr\\\/\",\"logo\":{\"@type\":\"ImageObject\",\"inLanguage\":\"fr-FR\",\"@id\":\"https:\\\/\\\/shop.lamifix.ch\\\/fr\\\/#\\\/schema\\\/logo\\\/image\\\/\",\"url\":\"https:\\\/\\\/shop.lamifix.ch\\\/wp-content\\\/uploads\\\/2022\\\/09\\\/LF-Logo-ohne-Kreuz-scaled.jpg\",\"contentUrl\":\"https:\\\/\\\/shop.lamifix.ch\\\/wp-content\\\/uploads\\\/2022\\\/09\\\/LF-Logo-ohne-Kreuz-scaled.jpg\",\"width\":2560,\"height\":2084,\"caption\":\"Lamifix Shop\"},\"image\":{\"@id\":\"https:\\\/\\\/shop.lamifix.ch\\\/fr\\\/#\\\/schema\\\/logo\\\/image\\\/\"}}]}<\/script>\n<!-- \/ Yoast SEO plugin. -->","yoast_head_json":{"title":"Treppenbolzen Set 1C, T=80mm zum Eindrehen in Weichholz - Lamifix Shop","robots":{"index":"index","follow":"follow","max-snippet":"max-snippet:-1","max-image-preview":"max-image-preview:large","max-video-preview":"max-video-preview:-1"},"canonical":"https:\/\/shop.lamifix.ch\/fr\/produkt\/treppenbolzen-set-1c-t80mm-zum-eindrehen-in-weichholz\/","og_locale":"fr_FR","og_type":"article","og_title":"Treppenbolzen Set 1C, T=80mm zum Eindrehen in Weichholz - Lamifix Shop","og_description":"Treppenbeschl\u00e4ge Set 1C, T=80mm,\u00a0 Edelstahl A2 Der Treppenbolzen kann in Holz mit 18mm Luft von der Treppenstufe zur Wand eingedreht werden. Je nach Wandaufbau und Faserverlauf vom Holz \u00e4ndern die Bolzenl\u00e4ngen. In Holz ohne Schallschutz, f\u00fcr EFH. Treppenbolzen inkl. Waxilit Gleitmittel und TX- Stufen-Befestigungsschraube. Bohrb\u00fcchsen f\u00fcr positions- und winkelgenaue Wandbohrungen k\u00f6nnen f\u00fcr die Montage ausgeliehen werden. LF 3623.580.6 ab 100 Stk.","og_url":"https:\/\/shop.lamifix.ch\/fr\/produkt\/treppenbolzen-set-1c-t80mm-zum-eindrehen-in-weichholz\/","og_site_name":"Lamifix Shop","article_modified_time":"2024-08-08T12:26:12+00:00","og_image":[{"width":800,"height":800,"url":"https:\/\/shop.lamifix.ch\/wp-content\/uploads\/2024\/08\/Set-1C.jpg","type":"image\/jpeg"}],"twitter_card":"summary_large_image","twitter_misc":{"Dur\u00e9e de lecture estim\u00e9e":"1 minute"},"schema":{"@context":"https:\/\/schema.org","@graph":[{"@type":"WebPage","@id":"https:\/\/shop.lamifix.ch\/fr\/produkt\/treppenbolzen-set-1c-t80mm-zum-eindrehen-in-weichholz\/","url":"https:\/\/shop.lamifix.ch\/fr\/produkt\/treppenbolzen-set-1c-t80mm-zum-eindrehen-in-weichholz\/","name":"Treppenbolzen Set 1C, T=80mm zum Eindrehen in Weichholz - Lamifix Shop","isPartOf":{"@id":"https:\/\/shop.lamifix.ch\/fr\/#website"},"primaryImageOfPage":{"@id":"https:\/\/shop.lamifix.ch\/fr\/produkt\/treppenbolzen-set-1c-t80mm-zum-eindrehen-in-weichholz\/#primaryimage"},"image":{"@id":"https:\/\/shop.lamifix.ch\/fr\/produkt\/treppenbolzen-set-1c-t80mm-zum-eindrehen-in-weichholz\/#primaryimage"},"thumbnailUrl":"https:\/\/shop.lamifix.ch\/wp-content\/uploads\/2024\/08\/Set-1C.jpg","datePublished":"2024-08-08T12:22:34+00:00","dateModified":"2024-08-08T12:26:12+00:00","breadcrumb":{"@id":"https:\/\/shop.lamifix.ch\/fr\/produkt\/treppenbolzen-set-1c-t80mm-zum-eindrehen-in-weichholz\/#breadcrumb"},"inLanguage":"fr-FR","potentialAction":[{"@type":"ReadAction","target":["https:\/\/shop.lamifix.ch\/fr\/produkt\/treppenbolzen-set-1c-t80mm-zum-eindrehen-in-weichholz\/"]}]},{"@type":"ImageObject","inLanguage":"fr-FR","@id":"https:\/\/shop.lamifix.ch\/fr\/produkt\/treppenbolzen-set-1c-t80mm-zum-eindrehen-in-weichholz\/#primaryimage","url":"https:\/\/shop.lamifix.ch\/wp-content\/uploads\/2024\/08\/Set-1C.jpg","contentUrl":"https:\/\/shop.lamifix.ch\/wp-content\/uploads\/2024\/08\/Set-1C.jpg","width":800,"height":800},{"@type":"BreadcrumbList","@id":"https:\/\/shop.lamifix.ch\/fr\/produkt\/treppenbolzen-set-1c-t80mm-zum-eindrehen-in-weichholz\/#breadcrumb","itemListElement":[{"@type":"ListItem","position":1,"name":"Home","item":"https:\/\/shop.lamifix.ch\/fr\/"},{"@type":"ListItem","position":2,"name":"Boutique","item":"https:\/\/shop.lamifix.ch\/fr\/boutique\/"},{"@type":"ListItem","position":3,"name":"Treppenbolzen Set 1C, T=80mm zum Eindrehen in Weichholz"}]},{"@type":"WebSite","@id":"https:\/\/shop.lamifix.ch\/fr\/#website","url":"https:\/\/shop.lamifix.ch\/fr\/","name":"Lamifix Shop","description":"Treppen und Stiegen-Elemente f\u00fcr den modernen Treppenbau","publisher":{"@id":"https:\/\/shop.lamifix.ch\/fr\/#organization"},"potentialAction":[{"@type":"SearchAction","target":{"@type":"EntryPoint","urlTemplate":"https:\/\/shop.lamifix.ch\/fr\/?s={search_term_string}"},"query-input":{"@type":"PropertyValueSpecification","valueRequired":true,"valueName":"search_term_string"}}],"inLanguage":"fr-FR"},{"@type":"Organization","@id":"https:\/\/shop.lamifix.ch\/fr\/#organization","name":"Lamifix Shop","url":"https:\/\/shop.lamifix.ch\/fr\/","logo":{"@type":"ImageObject","inLanguage":"fr-FR","@id":"https:\/\/shop.lamifix.ch\/fr\/#\/schema\/logo\/image\/","url":"https:\/\/shop.lamifix.ch\/wp-content\/uploads\/2022\/09\/LF-Logo-ohne-Kreuz-scaled.jpg","contentUrl":"https:\/\/shop.lamifix.ch\/wp-content\/uploads\/2022\/09\/LF-Logo-ohne-Kreuz-scaled.jpg","width":2560,"height":2084,"caption":"Lamifix Shop"},"image":{"@id":"https:\/\/shop.lamifix.ch\/fr\/#\/schema\/logo\/image\/"}}]}},"tiered_pricing_type":"fixed","tiered_pricing_fixed_rules":[],"tiered_pricing_product_settings":{"layout":"default","base_unit_name":{"singular":null,"plural":null},"default_variation":null},"tiered_pricing_minimum_quantity":null,"tiered_pricing_roles_data":[],"tiered_pricing_percentage_rules":[],"_links":{"self":[{"href":"https:\/\/shop.lamifix.ch\/fr\/wp-json\/wp\/v2\/product\/4374","targetHints":{"allow":["GET"]}}],"collection":[{"href":"https:\/\/shop.lamifix.ch\/fr\/wp-json\/wp\/v2\/product"}],"about":[{"href":"https:\/\/shop.lamifix.ch\/fr\/wp-json\/wp\/v2\/types\/product"}],"wp:featuredmedia":[{"embeddable":true,"href":"https:\/\/shop.lamifix.ch\/fr\/wp-json\/wp\/v2\/media\/4254"}],"wp:attachment":[{"href":"https:\/\/shop.lamifix.ch\/fr\/wp-json\/wp\/v2\/media?parent=4374"}],"wp:term":[{"taxonomy":"product_brand","embeddable":true,"href":"https:\/\/shop.lamifix.ch\/fr\/wp-json\/wp\/v2\/product_brand?post=4374"},{"taxonomy":"product_cat","embeddable":true,"href":"https:\/\/shop.lamifix.ch\/fr\/wp-json\/wp\/v2\/product_cat?post=4374"},{"taxonomy":"product_tag","embeddable":true,"href":"https:\/\/shop.lamifix.ch\/fr\/wp-json\/wp\/v2\/product_tag?post=4374"}],"curies":[{"name":"wp","href":"https:\/\/api.w.org\/{rel}","templated":true}]}}