{"id":4398,"date":"2024-08-08T18:00:13","date_gmt":"2024-08-08T16:00:13","guid":{"rendered":"https:\/\/shop.lamifix.ch\/?post_type=product&#038;p=4398"},"modified":"2024-08-08T19:53:35","modified_gmt":"2024-08-08T17:53:35","slug":"set-21c-stufenhalter-mit-innengewinde-m10-fuer-6-9mm-metallwangen","status":"publish","type":"product","link":"https:\/\/shop.lamifix.ch\/fr\/produkt\/set-21c-stufenhalter-mit-innengewinde-m10-fuer-6-9mm-metallwangen\/","title":{"rendered":"Set 21C, Stufenhalter mit Innengewinde M10 f\u00fcr 6-9mm Metallwangen"},"content":{"rendered":"<p>Set 21C, Stufenhalter mit Innengewinde M10 f\u00fcr 6-9mm Metallwangen, INOX A2<br \/>\nDer Treppenbolzen wird durch die Wange mit einer M10 Senkschraube an die Wange festgezogen und mit Schraubensicherung gesichert. Die Stufen haben 22mm Luft zur Metallwange. Die Stufen werden direkt auf den Treppen-Verbinder gelegt und verschraubt. Befestigung ohne Schallschutz, f\u00fcr EFH. Treppenlager inkl. Senkkopfschraube, Schraubensicherung und TX- Stufen-Befestigungsschraube. Richtpreis f\u00fcr Stahlwangen: 4.1mx280x10mm inkl. RAL Pulverbeschichtung, 1 Stk. \u00e0 550.- CHF \/ 2 Stk. \u00e0 500.- CHF z.B: Bei der Firma www.lastech.ch \/ technik@lastech.ch<br \/>\nLF 3625.521.6 ab 100 Stk.<\/p>\n","protected":false},"excerpt":{"rendered":"<p>Set 21C, Stufenhalter mit Innengewinde M10 f\u00fcr 6-9mm Metallwangen, Edelstahl A2<br \/>\nDer Treppenbolzen wird durch die Wange mit einer M10 Senkschraube an die Wange festgezogen und mit Schraubensicherung gesichert. Die Stufen haben 22mm Luft zur Metallwange. Die Stufen werden direkt auf den Treppen-Verbinder gelegt und verschraubt. Befestigung ohne Schallschutz, f\u00fcr EFH. Treppenlager inkl. Senkkopfschraube, Schraubensicherung und TX- Stufen-Befestigungsschraube. Richtpreis f\u00fcr Stahlwangen: 4.1mx280x10mm inkl. RAL Pulverbeschichtung, 1 Stk. \u00e0 550.- CHF \/ 2 Stk. \u00e0 500.- CHF z.B: Bei der Firma www.lastech.ch \/ technik@lastech.ch<br \/>\nLF 3625.521.6 ab 100 Stk.<\/p>\n","protected":false},"featured_media":4268,"template":"","meta":{"_et_pb_use_builder":"","_et_pb_old_content":"","_et_gb_content_width":""},"product_brand":[],"product_cat":[194,193,196],"product_tag":[],"class_list":{"0":"post-4398","1":"product","2":"type-product","3":"status-publish","4":"has-post-thumbnail","6":"product_cat-seitst","7":"product_cat-treppentechnik","8":"product_cat-zh","9":"product_shipping_class-standard","10":"pa_einbau-glas","11":"pa_einbau-mt","12":"pa_stufenauflage-variantec","13":"pa_ve-1stk","14":"pa_ve-100stk","16":"first","17":"instock","18":"taxable","19":"shipping-taxable","20":"purchasable","21":"product-type-bundle"},"bundled_by":[],"bundle_stock_status":"instock","bundle_stock_quantity":"","bundle_virtual":false,"bundle_layout":"default","bundle_add_to_cart_form_location":"default","bundle_editable_in_cart":false,"bundle_sold_individually_context":"product","bundle_item_grouping":"parent","bundle_min_size":"","bundle_max_size":"","bundled_items":[{"bundled_item_id":124,"product_id":4402,"menu_order":0,"quantity_min":1,"quantity_max":1,"quantity_default":1,"priced_individually":true,"shipped_individually":false,"override_title":false,"title":"Stufenauflager f\u00fcr Metallwangen mit Innengewinde M10, Typ C, INOX A2","override_description":false,"description":"","optional":false,"hide_thumbnail":false,"discount":"","override_variations":false,"allowed_variations":[],"override_default_variation_attributes":false,"default_variation_attributes":[],"single_product_visibility":"visible","cart_visibility":"visible","order_visibility":"visible","single_product_price_visibility":"visible","cart_price_visibility":"visible","order_price_visibility":"visible","stock_status":"in_stock"},{"bundled_item_id":125,"product_id":3918,"menu_order":1,"quantity_min":1,"quantity_max":1,"quantity_default":1,"priced_individually":true,"shipped_individually":false,"override_title":false,"title":"Senkkopfschraube M10x20mm, INOX A2","override_description":false,"description":"","optional":false,"hide_thumbnail":false,"discount":"","override_variations":false,"allowed_variations":[],"override_default_variation_attributes":false,"default_variation_attributes":[],"single_product_visibility":"visible","cart_visibility":"visible","order_visibility":"visible","single_product_price_visibility":"visible","cart_price_visibility":"visible","order_price_visibility":"visible","stock_status":"in_stock"},{"bundled_item_id":121,"product_id":3646,"menu_order":2,"quantity_min":1,"quantity_max":1,"quantity_default":1,"priced_individually":true,"shipped_individually":false,"override_title":false,"title":"Linsensenkkopfschraube 5.5x38mm, INOX A2, TX25","override_description":false,"description":"","optional":false,"hide_thumbnail":false,"discount":"","override_variations":false,"allowed_variations":[],"override_default_variation_attributes":false,"default_variation_attributes":[],"single_product_visibility":"visible","cart_visibility":"visible","order_visibility":"visible","single_product_price_visibility":"visible","cart_price_visibility":"visible","order_price_visibility":"visible","stock_status":"in_stock"},{"bundled_item_id":123,"product_id":4401,"menu_order":3,"quantity_min":1,"quantity_max":1,"quantity_default":1,"priced_individually":true,"shipped_individually":false,"override_title":false,"title":"Schraubensicherung mittelfest f\u00fcr Set (1\/100 pro Set)","override_description":false,"description":"","optional":false,"hide_thumbnail":false,"discount":"","override_variations":false,"allowed_variations":[],"override_default_variation_attributes":false,"default_variation_attributes":[],"single_product_visibility":"visible","cart_visibility":"visible","order_visibility":"visible","single_product_price_visibility":"visible","cart_price_visibility":"visible","order_price_visibility":"visible","stock_status":"in_stock"}],"bundle_sell_ids":[],"yoast_head":"<!-- This site is optimized with the Yoast SEO plugin v27.5 - https:\/\/yoast.com\/product\/yoast-seo-wordpress\/ -->\n<title>Set 21C, Stufenhalter mit Innengewinde M10 f\u00fcr 6-9mm Metallwangen - Lamifix Shop<\/title>\n<meta name=\"robots\" content=\"index, follow, max-snippet:-1, max-image-preview:large, max-video-preview:-1\" \/>\n<link rel=\"canonical\" href=\"https:\/\/shop.lamifix.ch\/fr\/produkt\/set-21c-stufenhalter-mit-innengewinde-m10-fuer-6-9mm-metallwangen\/\" \/>\n<meta property=\"og:locale\" content=\"fr_FR\" \/>\n<meta property=\"og:type\" content=\"article\" \/>\n<meta property=\"og:title\" content=\"Set 21C, Stufenhalter mit Innengewinde M10 f\u00fcr 6-9mm Metallwangen - Lamifix Shop\" \/>\n<meta property=\"og:description\" content=\"Set 21C, Stufenhalter mit Innengewinde M10 f\u00fcr 6-9mm Metallwangen, Edelstahl A2 Der Treppenbolzen wird durch die Wange mit einer M10 Senkschraube an die Wange festgezogen und mit Schraubensicherung gesichert. Die Stufen haben 22mm Luft zur Metallwange. Die Stufen werden direkt auf den Treppen-Verbinder gelegt und verschraubt. Befestigung ohne Schallschutz, f\u00fcr EFH. Treppenlager inkl. Senkkopfschraube, Schraubensicherung und TX- Stufen-Befestigungsschraube. Richtpreis f\u00fcr Stahlwangen: 4.1mx280x10mm inkl. RAL Pulverbeschichtung, 1 Stk. \u00e0 550.- CHF \/ 2 Stk. \u00e0 500.- CHF z.B: Bei der Firma www.lastech.ch \/ technik@lastech.ch LF 3625.521.6 ab 100 Stk.\" \/>\n<meta property=\"og:url\" content=\"https:\/\/shop.lamifix.ch\/fr\/produkt\/set-21c-stufenhalter-mit-innengewinde-m10-fuer-6-9mm-metallwangen\/\" \/>\n<meta property=\"og:site_name\" content=\"Lamifix Shop\" \/>\n<meta property=\"article:modified_time\" content=\"2024-08-08T17:53:35+00:00\" \/>\n<meta property=\"og:image\" content=\"https:\/\/shop.lamifix.ch\/wp-content\/uploads\/2024\/08\/Set-21c.jpg\" \/>\n\t<meta property=\"og:image:width\" content=\"800\" \/>\n\t<meta property=\"og:image:height\" content=\"800\" \/>\n\t<meta property=\"og:image:type\" content=\"image\/jpeg\" \/>\n<meta name=\"twitter:card\" content=\"summary_large_image\" \/>\n<meta name=\"twitter:label1\" content=\"Dur\u00e9e de lecture estim\u00e9e\" \/>\n\t<meta name=\"twitter:data1\" content=\"1 minute\" \/>\n<script type=\"application\/ld+json\" class=\"yoast-schema-graph\">{\"@context\":\"https:\\\/\\\/schema.org\",\"@graph\":[{\"@type\":\"WebPage\",\"@id\":\"https:\\\/\\\/shop.lamifix.ch\\\/fr\\\/produkt\\\/set-21c-stufenhalter-mit-innengewinde-m10-fuer-6-9mm-metallwangen\\\/\",\"url\":\"https:\\\/\\\/shop.lamifix.ch\\\/fr\\\/produkt\\\/set-21c-stufenhalter-mit-innengewinde-m10-fuer-6-9mm-metallwangen\\\/\",\"name\":\"Set 21C, Stufenhalter mit Innengewinde M10 f\u00fcr 6-9mm Metallwangen - Lamifix Shop\",\"isPartOf\":{\"@id\":\"https:\\\/\\\/shop.lamifix.ch\\\/fr\\\/#website\"},\"primaryImageOfPage\":{\"@id\":\"https:\\\/\\\/shop.lamifix.ch\\\/fr\\\/produkt\\\/set-21c-stufenhalter-mit-innengewinde-m10-fuer-6-9mm-metallwangen\\\/#primaryimage\"},\"image\":{\"@id\":\"https:\\\/\\\/shop.lamifix.ch\\\/fr\\\/produkt\\\/set-21c-stufenhalter-mit-innengewinde-m10-fuer-6-9mm-metallwangen\\\/#primaryimage\"},\"thumbnailUrl\":\"https:\\\/\\\/shop.lamifix.ch\\\/wp-content\\\/uploads\\\/2024\\\/08\\\/Set-21c.jpg\",\"datePublished\":\"2024-08-08T16:00:13+00:00\",\"dateModified\":\"2024-08-08T17:53:35+00:00\",\"breadcrumb\":{\"@id\":\"https:\\\/\\\/shop.lamifix.ch\\\/fr\\\/produkt\\\/set-21c-stufenhalter-mit-innengewinde-m10-fuer-6-9mm-metallwangen\\\/#breadcrumb\"},\"inLanguage\":\"fr-FR\",\"potentialAction\":[{\"@type\":\"ReadAction\",\"target\":[\"https:\\\/\\\/shop.lamifix.ch\\\/fr\\\/produkt\\\/set-21c-stufenhalter-mit-innengewinde-m10-fuer-6-9mm-metallwangen\\\/\"]}]},{\"@type\":\"ImageObject\",\"inLanguage\":\"fr-FR\",\"@id\":\"https:\\\/\\\/shop.lamifix.ch\\\/fr\\\/produkt\\\/set-21c-stufenhalter-mit-innengewinde-m10-fuer-6-9mm-metallwangen\\\/#primaryimage\",\"url\":\"https:\\\/\\\/shop.lamifix.ch\\\/wp-content\\\/uploads\\\/2024\\\/08\\\/Set-21c.jpg\",\"contentUrl\":\"https:\\\/\\\/shop.lamifix.ch\\\/wp-content\\\/uploads\\\/2024\\\/08\\\/Set-21c.jpg\",\"width\":800,\"height\":800},{\"@type\":\"BreadcrumbList\",\"@id\":\"https:\\\/\\\/shop.lamifix.ch\\\/fr\\\/produkt\\\/set-21c-stufenhalter-mit-innengewinde-m10-fuer-6-9mm-metallwangen\\\/#breadcrumb\",\"itemListElement\":[{\"@type\":\"ListItem\",\"position\":1,\"name\":\"Home\",\"item\":\"https:\\\/\\\/shop.lamifix.ch\\\/fr\\\/\"},{\"@type\":\"ListItem\",\"position\":2,\"name\":\"Boutique\",\"item\":\"https:\\\/\\\/shop.lamifix.ch\\\/fr\\\/boutique\\\/\"},{\"@type\":\"ListItem\",\"position\":3,\"name\":\"Set 21C, Stufenhalter mit Innengewinde M10 f\u00fcr 6-9mm Metallwangen\"}]},{\"@type\":\"WebSite\",\"@id\":\"https:\\\/\\\/shop.lamifix.ch\\\/fr\\\/#website\",\"url\":\"https:\\\/\\\/shop.lamifix.ch\\\/fr\\\/\",\"name\":\"Lamifix Shop\",\"description\":\"Treppen und Stiegen-Elemente f\u00fcr den modernen Treppenbau\",\"publisher\":{\"@id\":\"https:\\\/\\\/shop.lamifix.ch\\\/fr\\\/#organization\"},\"potentialAction\":[{\"@type\":\"SearchAction\",\"target\":{\"@type\":\"EntryPoint\",\"urlTemplate\":\"https:\\\/\\\/shop.lamifix.ch\\\/fr\\\/?s={search_term_string}\"},\"query-input\":{\"@type\":\"PropertyValueSpecification\",\"valueRequired\":true,\"valueName\":\"search_term_string\"}}],\"inLanguage\":\"fr-FR\"},{\"@type\":\"Organization\",\"@id\":\"https:\\\/\\\/shop.lamifix.ch\\\/fr\\\/#organization\",\"name\":\"Lamifix Shop\",\"url\":\"https:\\\/\\\/shop.lamifix.ch\\\/fr\\\/\",\"logo\":{\"@type\":\"ImageObject\",\"inLanguage\":\"fr-FR\",\"@id\":\"https:\\\/\\\/shop.lamifix.ch\\\/fr\\\/#\\\/schema\\\/logo\\\/image\\\/\",\"url\":\"https:\\\/\\\/shop.lamifix.ch\\\/wp-content\\\/uploads\\\/2022\\\/09\\\/LF-Logo-ohne-Kreuz-scaled.jpg\",\"contentUrl\":\"https:\\\/\\\/shop.lamifix.ch\\\/wp-content\\\/uploads\\\/2022\\\/09\\\/LF-Logo-ohne-Kreuz-scaled.jpg\",\"width\":2560,\"height\":2084,\"caption\":\"Lamifix Shop\"},\"image\":{\"@id\":\"https:\\\/\\\/shop.lamifix.ch\\\/fr\\\/#\\\/schema\\\/logo\\\/image\\\/\"}}]}<\/script>\n<!-- \/ Yoast SEO plugin. -->","yoast_head_json":{"title":"Set 21C, Stufenhalter mit Innengewinde M10 f\u00fcr 6-9mm Metallwangen - Lamifix Shop","robots":{"index":"index","follow":"follow","max-snippet":"max-snippet:-1","max-image-preview":"max-image-preview:large","max-video-preview":"max-video-preview:-1"},"canonical":"https:\/\/shop.lamifix.ch\/fr\/produkt\/set-21c-stufenhalter-mit-innengewinde-m10-fuer-6-9mm-metallwangen\/","og_locale":"fr_FR","og_type":"article","og_title":"Set 21C, Stufenhalter mit Innengewinde M10 f\u00fcr 6-9mm Metallwangen - Lamifix Shop","og_description":"Set 21C, Stufenhalter mit Innengewinde M10 f\u00fcr 6-9mm Metallwangen, Edelstahl A2 Der Treppenbolzen wird durch die Wange mit einer M10 Senkschraube an die Wange festgezogen und mit Schraubensicherung gesichert. Die Stufen haben 22mm Luft zur Metallwange. Die Stufen werden direkt auf den Treppen-Verbinder gelegt und verschraubt. Befestigung ohne Schallschutz, f\u00fcr EFH. Treppenlager inkl. Senkkopfschraube, Schraubensicherung und TX- Stufen-Befestigungsschraube. Richtpreis f\u00fcr Stahlwangen: 4.1mx280x10mm inkl. RAL Pulverbeschichtung, 1 Stk. \u00e0 550.- CHF \/ 2 Stk. \u00e0 500.- CHF z.B: Bei der Firma www.lastech.ch \/ technik@lastech.ch LF 3625.521.6 ab 100 Stk.","og_url":"https:\/\/shop.lamifix.ch\/fr\/produkt\/set-21c-stufenhalter-mit-innengewinde-m10-fuer-6-9mm-metallwangen\/","og_site_name":"Lamifix Shop","article_modified_time":"2024-08-08T17:53:35+00:00","og_image":[{"width":800,"height":800,"url":"https:\/\/shop.lamifix.ch\/wp-content\/uploads\/2024\/08\/Set-21c.jpg","type":"image\/jpeg"}],"twitter_card":"summary_large_image","twitter_misc":{"Dur\u00e9e de lecture estim\u00e9e":"1 minute"},"schema":{"@context":"https:\/\/schema.org","@graph":[{"@type":"WebPage","@id":"https:\/\/shop.lamifix.ch\/fr\/produkt\/set-21c-stufenhalter-mit-innengewinde-m10-fuer-6-9mm-metallwangen\/","url":"https:\/\/shop.lamifix.ch\/fr\/produkt\/set-21c-stufenhalter-mit-innengewinde-m10-fuer-6-9mm-metallwangen\/","name":"Set 21C, Stufenhalter mit Innengewinde M10 f\u00fcr 6-9mm Metallwangen - Lamifix Shop","isPartOf":{"@id":"https:\/\/shop.lamifix.ch\/fr\/#website"},"primaryImageOfPage":{"@id":"https:\/\/shop.lamifix.ch\/fr\/produkt\/set-21c-stufenhalter-mit-innengewinde-m10-fuer-6-9mm-metallwangen\/#primaryimage"},"image":{"@id":"https:\/\/shop.lamifix.ch\/fr\/produkt\/set-21c-stufenhalter-mit-innengewinde-m10-fuer-6-9mm-metallwangen\/#primaryimage"},"thumbnailUrl":"https:\/\/shop.lamifix.ch\/wp-content\/uploads\/2024\/08\/Set-21c.jpg","datePublished":"2024-08-08T16:00:13+00:00","dateModified":"2024-08-08T17:53:35+00:00","breadcrumb":{"@id":"https:\/\/shop.lamifix.ch\/fr\/produkt\/set-21c-stufenhalter-mit-innengewinde-m10-fuer-6-9mm-metallwangen\/#breadcrumb"},"inLanguage":"fr-FR","potentialAction":[{"@type":"ReadAction","target":["https:\/\/shop.lamifix.ch\/fr\/produkt\/set-21c-stufenhalter-mit-innengewinde-m10-fuer-6-9mm-metallwangen\/"]}]},{"@type":"ImageObject","inLanguage":"fr-FR","@id":"https:\/\/shop.lamifix.ch\/fr\/produkt\/set-21c-stufenhalter-mit-innengewinde-m10-fuer-6-9mm-metallwangen\/#primaryimage","url":"https:\/\/shop.lamifix.ch\/wp-content\/uploads\/2024\/08\/Set-21c.jpg","contentUrl":"https:\/\/shop.lamifix.ch\/wp-content\/uploads\/2024\/08\/Set-21c.jpg","width":800,"height":800},{"@type":"BreadcrumbList","@id":"https:\/\/shop.lamifix.ch\/fr\/produkt\/set-21c-stufenhalter-mit-innengewinde-m10-fuer-6-9mm-metallwangen\/#breadcrumb","itemListElement":[{"@type":"ListItem","position":1,"name":"Home","item":"https:\/\/shop.lamifix.ch\/fr\/"},{"@type":"ListItem","position":2,"name":"Boutique","item":"https:\/\/shop.lamifix.ch\/fr\/boutique\/"},{"@type":"ListItem","position":3,"name":"Set 21C, Stufenhalter mit Innengewinde M10 f\u00fcr 6-9mm Metallwangen"}]},{"@type":"WebSite","@id":"https:\/\/shop.lamifix.ch\/fr\/#website","url":"https:\/\/shop.lamifix.ch\/fr\/","name":"Lamifix Shop","description":"Treppen und Stiegen-Elemente f\u00fcr den modernen Treppenbau","publisher":{"@id":"https:\/\/shop.lamifix.ch\/fr\/#organization"},"potentialAction":[{"@type":"SearchAction","target":{"@type":"EntryPoint","urlTemplate":"https:\/\/shop.lamifix.ch\/fr\/?s={search_term_string}"},"query-input":{"@type":"PropertyValueSpecification","valueRequired":true,"valueName":"search_term_string"}}],"inLanguage":"fr-FR"},{"@type":"Organization","@id":"https:\/\/shop.lamifix.ch\/fr\/#organization","name":"Lamifix Shop","url":"https:\/\/shop.lamifix.ch\/fr\/","logo":{"@type":"ImageObject","inLanguage":"fr-FR","@id":"https:\/\/shop.lamifix.ch\/fr\/#\/schema\/logo\/image\/","url":"https:\/\/shop.lamifix.ch\/wp-content\/uploads\/2022\/09\/LF-Logo-ohne-Kreuz-scaled.jpg","contentUrl":"https:\/\/shop.lamifix.ch\/wp-content\/uploads\/2022\/09\/LF-Logo-ohne-Kreuz-scaled.jpg","width":2560,"height":2084,"caption":"Lamifix Shop"},"image":{"@id":"https:\/\/shop.lamifix.ch\/fr\/#\/schema\/logo\/image\/"}}]}},"tiered_pricing_type":"fixed","tiered_pricing_fixed_rules":[],"tiered_pricing_product_settings":{"layout":"default","base_unit_name":{"singular":null,"plural":null},"default_variation":null},"tiered_pricing_minimum_quantity":null,"tiered_pricing_roles_data":[],"tiered_pricing_percentage_rules":[],"_links":{"self":[{"href":"https:\/\/shop.lamifix.ch\/fr\/wp-json\/wp\/v2\/product\/4398","targetHints":{"allow":["GET"]}}],"collection":[{"href":"https:\/\/shop.lamifix.ch\/fr\/wp-json\/wp\/v2\/product"}],"about":[{"href":"https:\/\/shop.lamifix.ch\/fr\/wp-json\/wp\/v2\/types\/product"}],"wp:featuredmedia":[{"embeddable":true,"href":"https:\/\/shop.lamifix.ch\/fr\/wp-json\/wp\/v2\/media\/4268"}],"wp:attachment":[{"href":"https:\/\/shop.lamifix.ch\/fr\/wp-json\/wp\/v2\/media?parent=4398"}],"wp:term":[{"taxonomy":"product_brand","embeddable":true,"href":"https:\/\/shop.lamifix.ch\/fr\/wp-json\/wp\/v2\/product_brand?post=4398"},{"taxonomy":"product_cat","embeddable":true,"href":"https:\/\/shop.lamifix.ch\/fr\/wp-json\/wp\/v2\/product_cat?post=4398"},{"taxonomy":"product_tag","embeddable":true,"href":"https:\/\/shop.lamifix.ch\/fr\/wp-json\/wp\/v2\/product_tag?post=4398"}],"curies":[{"name":"wp","href":"https:\/\/api.w.org\/{rel}","templated":true}]}}