{"id":4410,"date":"2024-08-08T20:01:03","date_gmt":"2024-08-08T18:01:03","guid":{"rendered":"https:\/\/shop.lamifix.ch\/?post_type=product&#038;p=4410"},"modified":"2024-08-08T20:14:10","modified_gmt":"2024-08-08T18:14:10","slug":"set-50c-stufenbefestigun-an-vsg-glas","status":"publish","type":"product","link":"https:\/\/shop.lamifix.ch\/fr\/produkt\/set-50c-stufenbefestigun-an-vsg-glas\/","title":{"rendered":"Set 50C, Stufenbefestigung an VSG Glas"},"content":{"rendered":"<p>Set 50C, Treppenbolzen f\u00fcr VSG Glas 21-4,\u00a0 INOX A2<br \/>\nDie Befestigung der Stufen an das VSG 21-4 Glas, erfolgt mit einem Glaspunkthalter und einem Stufenauflager mit Innengewinde M10. Der Treppenbolzen wird mit dem Glaspunkthalter verschraubt und mit Schraubensicherung gesichert. Die Stufen haben 34mm Luft zum Glas. Die Stufen werden direkt auf den Treppen-Verbinder gelegt und verschraubt. Befestigung ohne Schallschutz, f\u00fcr EFH. Treppenlager inkl. Glaspunkthalter, Schraubensicherung und TX- Stufen-Befestigungsschraube. VSG Gl\u00e4ser z.B: Bei der Firma Glas Tr\u00f6sch AG, isobuetzberg@glastroesch.ch<br \/>\nLF 4150.550.6 ab 100 Stk.<\/p>\n","protected":false},"excerpt":{"rendered":"<p>Set 50C, Treppenbolzen f\u00fcr VSG Glas 21-4,\u00a0 Edelstahl A2<br \/>\nDie Befestigung der Stufen an das VSG 21-4 Glas, erfolgt mit einem Glaspunkthalter und einem Stufenauflager mit Innengewinde M10. Der Treppenbolzen wird mit dem Glaspunkthalter verschraubt und mit Schraubensicherung gesichert. Die Stufen haben 34mm Luft zum Glas. Die Stufen werden direkt auf den Treppen-Verbinder gelegt und verschraubt. Befestigung ohne Schallschutz, f\u00fcr EFH. Treppenlager inkl. Glaspunkthalter, Schraubensicherung und TX- Stufen-Befestigungsschraube. VSG Gl\u00e4ser z.B: Bei der Firma Glas Tr\u00f6sch AG, isobuetzberg@glastroesch.ch<br \/>\nLF 4150.550.6 ab 100 Stk.<\/p>\n","protected":false},"featured_media":4274,"template":"","meta":{"_et_pb_use_builder":"","_et_pb_old_content":"","_et_gb_content_width":""},"product_brand":[],"product_cat":[194,193,196],"product_tag":[],"class_list":{"0":"post-4410","1":"product","2":"type-product","3":"status-publish","4":"has-post-thumbnail","6":"product_cat-seitst","7":"product_cat-treppentechnik","8":"product_cat-zh","9":"product_shipping_class-standard","10":"pa_einbau-glas","11":"pa_stufenauflage-variantec","12":"pa_ve-1stk","13":"pa_ve-100stk","15":"first","16":"instock","17":"taxable","18":"shipping-taxable","19":"purchasable","20":"product-type-bundle"},"bundled_by":[],"bundle_stock_status":"instock","bundle_stock_quantity":"","bundle_virtual":false,"bundle_layout":"default","bundle_add_to_cart_form_location":"default","bundle_editable_in_cart":false,"bundle_sold_individually_context":"product","bundle_item_grouping":"parent","bundle_min_size":"","bundle_max_size":"","bundled_items":[{"bundled_item_id":131,"product_id":4402,"menu_order":0,"quantity_min":1,"quantity_max":1,"quantity_default":1,"priced_individually":true,"shipped_individually":false,"override_title":false,"title":"Stufenauflager Typ C, mit Innengewinde M10, INOX A2","override_description":false,"description":"","optional":false,"hide_thumbnail":false,"discount":"","override_variations":false,"allowed_variations":[],"override_default_variation_attributes":false,"default_variation_attributes":[],"single_product_visibility":"visible","cart_visibility":"visible","order_visibility":"visible","single_product_price_visibility":"visible","cart_price_visibility":"visible","order_price_visibility":"visible","stock_status":"in_stock"},{"bundled_item_id":135,"product_id":3873,"menu_order":1,"quantity_min":1,"quantity_max":1,"quantity_default":1,"priced_individually":true,"shipped_individually":false,"override_title":false,"title":"Glaspunkthalter 45mm, INOX A2","override_description":false,"description":"","optional":false,"hide_thumbnail":false,"discount":"","override_variations":false,"allowed_variations":[],"override_default_variation_attributes":false,"default_variation_attributes":[],"single_product_visibility":"visible","cart_visibility":"visible","order_visibility":"visible","single_product_price_visibility":"visible","cart_price_visibility":"visible","order_price_visibility":"visible","stock_status":"in_stock"},{"bundled_item_id":133,"product_id":3646,"menu_order":2,"quantity_min":1,"quantity_max":1,"quantity_default":1,"priced_individually":true,"shipped_individually":false,"override_title":false,"title":"Linsensenkkopfschraube 5.5x38mm, INOX A2, TX25","override_description":false,"description":"","optional":false,"hide_thumbnail":false,"discount":"","override_variations":false,"allowed_variations":[],"override_default_variation_attributes":false,"default_variation_attributes":[],"single_product_visibility":"visible","cart_visibility":"visible","order_visibility":"visible","single_product_price_visibility":"visible","cart_price_visibility":"visible","order_price_visibility":"visible","stock_status":"in_stock"},{"bundled_item_id":134,"product_id":4401,"menu_order":3,"quantity_min":1,"quantity_max":1,"quantity_default":1,"priced_individually":true,"shipped_individually":false,"override_title":false,"title":"Schraubensicherung mittelfest f\u00fcr Set (1\/100 pro Set)","override_description":false,"description":"","optional":false,"hide_thumbnail":false,"discount":"","override_variations":false,"allowed_variations":[],"override_default_variation_attributes":false,"default_variation_attributes":[],"single_product_visibility":"visible","cart_visibility":"visible","order_visibility":"visible","single_product_price_visibility":"visible","cart_price_visibility":"visible","order_price_visibility":"visible","stock_status":"in_stock"}],"bundle_sell_ids":[],"yoast_head":"<!-- This site is optimized with the Yoast SEO plugin v27.3 - https:\/\/yoast.com\/product\/yoast-seo-wordpress\/ -->\n<title>Set 50C, Stufenbefestigung an VSG Glas - Lamifix Shop<\/title>\n<meta name=\"robots\" content=\"index, follow, max-snippet:-1, max-image-preview:large, max-video-preview:-1\" \/>\n<link rel=\"canonical\" href=\"https:\/\/shop.lamifix.ch\/fr\/produkt\/set-50c-stufenbefestigun-an-vsg-glas\/\" \/>\n<meta property=\"og:locale\" content=\"fr_FR\" \/>\n<meta property=\"og:type\" content=\"article\" \/>\n<meta property=\"og:title\" content=\"Set 50C, Stufenbefestigung an VSG Glas - Lamifix Shop\" \/>\n<meta property=\"og:description\" content=\"Set 50C, Treppenbolzen f\u00fcr VSG Glas 21-4,\u00a0 Edelstahl A2 Die Befestigung der Stufen an das VSG 21-4 Glas, erfolgt mit einem Glaspunkthalter und einem Stufenauflager mit Innengewinde M10. Der Treppenbolzen wird mit dem Glaspunkthalter verschraubt und mit Schraubensicherung gesichert. Die Stufen haben 34mm Luft zum Glas. Die Stufen werden direkt auf den Treppen-Verbinder gelegt und verschraubt. Befestigung ohne Schallschutz, f\u00fcr EFH. Treppenlager inkl. Glaspunkthalter, Schraubensicherung und TX- Stufen-Befestigungsschraube. VSG Gl\u00e4ser z.B: Bei der Firma Glas Tr\u00f6sch AG, isobuetzberg@glastroesch.ch LF 4150.550.6 ab 100 Stk.\" \/>\n<meta property=\"og:url\" content=\"https:\/\/shop.lamifix.ch\/fr\/produkt\/set-50c-stufenbefestigun-an-vsg-glas\/\" \/>\n<meta property=\"og:site_name\" content=\"Lamifix Shop\" \/>\n<meta property=\"article:modified_time\" content=\"2024-08-08T18:14:10+00:00\" \/>\n<meta property=\"og:image\" content=\"https:\/\/shop.lamifix.ch\/wp-content\/uploads\/2024\/08\/Set-50C.jpg\" \/>\n\t<meta property=\"og:image:width\" content=\"800\" \/>\n\t<meta property=\"og:image:height\" content=\"800\" \/>\n\t<meta property=\"og:image:type\" content=\"image\/jpeg\" \/>\n<meta name=\"twitter:card\" content=\"summary_large_image\" \/>\n<meta name=\"twitter:label1\" content=\"Dur\u00e9e de lecture estim\u00e9e\" \/>\n\t<meta name=\"twitter:data1\" content=\"1 minute\" \/>\n<script type=\"application\/ld+json\" class=\"yoast-schema-graph\">{\"@context\":\"https:\\\/\\\/schema.org\",\"@graph\":[{\"@type\":\"WebPage\",\"@id\":\"https:\\\/\\\/shop.lamifix.ch\\\/fr\\\/produkt\\\/set-50c-stufenbefestigun-an-vsg-glas\\\/\",\"url\":\"https:\\\/\\\/shop.lamifix.ch\\\/fr\\\/produkt\\\/set-50c-stufenbefestigun-an-vsg-glas\\\/\",\"name\":\"Set 50C, Stufenbefestigung an VSG Glas - Lamifix Shop\",\"isPartOf\":{\"@id\":\"https:\\\/\\\/shop.lamifix.ch\\\/fr\\\/#website\"},\"primaryImageOfPage\":{\"@id\":\"https:\\\/\\\/shop.lamifix.ch\\\/fr\\\/produkt\\\/set-50c-stufenbefestigun-an-vsg-glas\\\/#primaryimage\"},\"image\":{\"@id\":\"https:\\\/\\\/shop.lamifix.ch\\\/fr\\\/produkt\\\/set-50c-stufenbefestigun-an-vsg-glas\\\/#primaryimage\"},\"thumbnailUrl\":\"https:\\\/\\\/shop.lamifix.ch\\\/wp-content\\\/uploads\\\/2024\\\/08\\\/Set-50C.jpg\",\"datePublished\":\"2024-08-08T18:01:03+00:00\",\"dateModified\":\"2024-08-08T18:14:10+00:00\",\"breadcrumb\":{\"@id\":\"https:\\\/\\\/shop.lamifix.ch\\\/fr\\\/produkt\\\/set-50c-stufenbefestigun-an-vsg-glas\\\/#breadcrumb\"},\"inLanguage\":\"fr-FR\",\"potentialAction\":[{\"@type\":\"ReadAction\",\"target\":[\"https:\\\/\\\/shop.lamifix.ch\\\/fr\\\/produkt\\\/set-50c-stufenbefestigun-an-vsg-glas\\\/\"]}]},{\"@type\":\"ImageObject\",\"inLanguage\":\"fr-FR\",\"@id\":\"https:\\\/\\\/shop.lamifix.ch\\\/fr\\\/produkt\\\/set-50c-stufenbefestigun-an-vsg-glas\\\/#primaryimage\",\"url\":\"https:\\\/\\\/shop.lamifix.ch\\\/wp-content\\\/uploads\\\/2024\\\/08\\\/Set-50C.jpg\",\"contentUrl\":\"https:\\\/\\\/shop.lamifix.ch\\\/wp-content\\\/uploads\\\/2024\\\/08\\\/Set-50C.jpg\",\"width\":800,\"height\":800},{\"@type\":\"BreadcrumbList\",\"@id\":\"https:\\\/\\\/shop.lamifix.ch\\\/fr\\\/produkt\\\/set-50c-stufenbefestigun-an-vsg-glas\\\/#breadcrumb\",\"itemListElement\":[{\"@type\":\"ListItem\",\"position\":1,\"name\":\"Home\",\"item\":\"https:\\\/\\\/shop.lamifix.ch\\\/fr\\\/\"},{\"@type\":\"ListItem\",\"position\":2,\"name\":\"Boutique\",\"item\":\"https:\\\/\\\/shop.lamifix.ch\\\/fr\\\/boutique\\\/\"},{\"@type\":\"ListItem\",\"position\":3,\"name\":\"Set 50C, Stufenbefestigung an VSG Glas\"}]},{\"@type\":\"WebSite\",\"@id\":\"https:\\\/\\\/shop.lamifix.ch\\\/fr\\\/#website\",\"url\":\"https:\\\/\\\/shop.lamifix.ch\\\/fr\\\/\",\"name\":\"Lamifix Shop\",\"description\":\"Treppen und Stiegen-Elemente f\u00fcr den modernen Treppenbau\",\"publisher\":{\"@id\":\"https:\\\/\\\/shop.lamifix.ch\\\/fr\\\/#organization\"},\"potentialAction\":[{\"@type\":\"SearchAction\",\"target\":{\"@type\":\"EntryPoint\",\"urlTemplate\":\"https:\\\/\\\/shop.lamifix.ch\\\/fr\\\/?s={search_term_string}\"},\"query-input\":{\"@type\":\"PropertyValueSpecification\",\"valueRequired\":true,\"valueName\":\"search_term_string\"}}],\"inLanguage\":\"fr-FR\"},{\"@type\":\"Organization\",\"@id\":\"https:\\\/\\\/shop.lamifix.ch\\\/fr\\\/#organization\",\"name\":\"Lamifix Shop\",\"url\":\"https:\\\/\\\/shop.lamifix.ch\\\/fr\\\/\",\"logo\":{\"@type\":\"ImageObject\",\"inLanguage\":\"fr-FR\",\"@id\":\"https:\\\/\\\/shop.lamifix.ch\\\/fr\\\/#\\\/schema\\\/logo\\\/image\\\/\",\"url\":\"https:\\\/\\\/shop.lamifix.ch\\\/wp-content\\\/uploads\\\/2022\\\/09\\\/LF-Logo-ohne-Kreuz-scaled.jpg\",\"contentUrl\":\"https:\\\/\\\/shop.lamifix.ch\\\/wp-content\\\/uploads\\\/2022\\\/09\\\/LF-Logo-ohne-Kreuz-scaled.jpg\",\"width\":2560,\"height\":2084,\"caption\":\"Lamifix Shop\"},\"image\":{\"@id\":\"https:\\\/\\\/shop.lamifix.ch\\\/fr\\\/#\\\/schema\\\/logo\\\/image\\\/\"}}]}<\/script>\n<!-- \/ Yoast SEO plugin. -->","yoast_head_json":{"title":"Set 50C, Stufenbefestigung an VSG Glas - Lamifix Shop","robots":{"index":"index","follow":"follow","max-snippet":"max-snippet:-1","max-image-preview":"max-image-preview:large","max-video-preview":"max-video-preview:-1"},"canonical":"https:\/\/shop.lamifix.ch\/fr\/produkt\/set-50c-stufenbefestigun-an-vsg-glas\/","og_locale":"fr_FR","og_type":"article","og_title":"Set 50C, Stufenbefestigung an VSG Glas - Lamifix Shop","og_description":"Set 50C, Treppenbolzen f\u00fcr VSG Glas 21-4,\u00a0 Edelstahl A2 Die Befestigung der Stufen an das VSG 21-4 Glas, erfolgt mit einem Glaspunkthalter und einem Stufenauflager mit Innengewinde M10. Der Treppenbolzen wird mit dem Glaspunkthalter verschraubt und mit Schraubensicherung gesichert. Die Stufen haben 34mm Luft zum Glas. Die Stufen werden direkt auf den Treppen-Verbinder gelegt und verschraubt. Befestigung ohne Schallschutz, f\u00fcr EFH. Treppenlager inkl. Glaspunkthalter, Schraubensicherung und TX- Stufen-Befestigungsschraube. VSG Gl\u00e4ser z.B: Bei der Firma Glas Tr\u00f6sch AG, isobuetzberg@glastroesch.ch LF 4150.550.6 ab 100 Stk.","og_url":"https:\/\/shop.lamifix.ch\/fr\/produkt\/set-50c-stufenbefestigun-an-vsg-glas\/","og_site_name":"Lamifix Shop","article_modified_time":"2024-08-08T18:14:10+00:00","og_image":[{"width":800,"height":800,"url":"https:\/\/shop.lamifix.ch\/wp-content\/uploads\/2024\/08\/Set-50C.jpg","type":"image\/jpeg"}],"twitter_card":"summary_large_image","twitter_misc":{"Dur\u00e9e de lecture estim\u00e9e":"1 minute"},"schema":{"@context":"https:\/\/schema.org","@graph":[{"@type":"WebPage","@id":"https:\/\/shop.lamifix.ch\/fr\/produkt\/set-50c-stufenbefestigun-an-vsg-glas\/","url":"https:\/\/shop.lamifix.ch\/fr\/produkt\/set-50c-stufenbefestigun-an-vsg-glas\/","name":"Set 50C, Stufenbefestigung an VSG Glas - Lamifix Shop","isPartOf":{"@id":"https:\/\/shop.lamifix.ch\/fr\/#website"},"primaryImageOfPage":{"@id":"https:\/\/shop.lamifix.ch\/fr\/produkt\/set-50c-stufenbefestigun-an-vsg-glas\/#primaryimage"},"image":{"@id":"https:\/\/shop.lamifix.ch\/fr\/produkt\/set-50c-stufenbefestigun-an-vsg-glas\/#primaryimage"},"thumbnailUrl":"https:\/\/shop.lamifix.ch\/wp-content\/uploads\/2024\/08\/Set-50C.jpg","datePublished":"2024-08-08T18:01:03+00:00","dateModified":"2024-08-08T18:14:10+00:00","breadcrumb":{"@id":"https:\/\/shop.lamifix.ch\/fr\/produkt\/set-50c-stufenbefestigun-an-vsg-glas\/#breadcrumb"},"inLanguage":"fr-FR","potentialAction":[{"@type":"ReadAction","target":["https:\/\/shop.lamifix.ch\/fr\/produkt\/set-50c-stufenbefestigun-an-vsg-glas\/"]}]},{"@type":"ImageObject","inLanguage":"fr-FR","@id":"https:\/\/shop.lamifix.ch\/fr\/produkt\/set-50c-stufenbefestigun-an-vsg-glas\/#primaryimage","url":"https:\/\/shop.lamifix.ch\/wp-content\/uploads\/2024\/08\/Set-50C.jpg","contentUrl":"https:\/\/shop.lamifix.ch\/wp-content\/uploads\/2024\/08\/Set-50C.jpg","width":800,"height":800},{"@type":"BreadcrumbList","@id":"https:\/\/shop.lamifix.ch\/fr\/produkt\/set-50c-stufenbefestigun-an-vsg-glas\/#breadcrumb","itemListElement":[{"@type":"ListItem","position":1,"name":"Home","item":"https:\/\/shop.lamifix.ch\/fr\/"},{"@type":"ListItem","position":2,"name":"Boutique","item":"https:\/\/shop.lamifix.ch\/fr\/boutique\/"},{"@type":"ListItem","position":3,"name":"Set 50C, Stufenbefestigung an VSG Glas"}]},{"@type":"WebSite","@id":"https:\/\/shop.lamifix.ch\/fr\/#website","url":"https:\/\/shop.lamifix.ch\/fr\/","name":"Lamifix Shop","description":"Treppen und Stiegen-Elemente f\u00fcr den modernen Treppenbau","publisher":{"@id":"https:\/\/shop.lamifix.ch\/fr\/#organization"},"potentialAction":[{"@type":"SearchAction","target":{"@type":"EntryPoint","urlTemplate":"https:\/\/shop.lamifix.ch\/fr\/?s={search_term_string}"},"query-input":{"@type":"PropertyValueSpecification","valueRequired":true,"valueName":"search_term_string"}}],"inLanguage":"fr-FR"},{"@type":"Organization","@id":"https:\/\/shop.lamifix.ch\/fr\/#organization","name":"Lamifix Shop","url":"https:\/\/shop.lamifix.ch\/fr\/","logo":{"@type":"ImageObject","inLanguage":"fr-FR","@id":"https:\/\/shop.lamifix.ch\/fr\/#\/schema\/logo\/image\/","url":"https:\/\/shop.lamifix.ch\/wp-content\/uploads\/2022\/09\/LF-Logo-ohne-Kreuz-scaled.jpg","contentUrl":"https:\/\/shop.lamifix.ch\/wp-content\/uploads\/2022\/09\/LF-Logo-ohne-Kreuz-scaled.jpg","width":2560,"height":2084,"caption":"Lamifix Shop"},"image":{"@id":"https:\/\/shop.lamifix.ch\/fr\/#\/schema\/logo\/image\/"}}]}},"tiered_pricing_type":"fixed","tiered_pricing_fixed_rules":[],"tiered_pricing_product_settings":{"layout":"default","base_unit_name":{"singular":null,"plural":null},"default_variation":null},"tiered_pricing_minimum_quantity":null,"tiered_pricing_roles_data":[],"tiered_pricing_percentage_rules":[],"_links":{"self":[{"href":"https:\/\/shop.lamifix.ch\/fr\/wp-json\/wp\/v2\/product\/4410","targetHints":{"allow":["GET"]}}],"collection":[{"href":"https:\/\/shop.lamifix.ch\/fr\/wp-json\/wp\/v2\/product"}],"about":[{"href":"https:\/\/shop.lamifix.ch\/fr\/wp-json\/wp\/v2\/types\/product"}],"wp:featuredmedia":[{"embeddable":true,"href":"https:\/\/shop.lamifix.ch\/fr\/wp-json\/wp\/v2\/media\/4274"}],"wp:attachment":[{"href":"https:\/\/shop.lamifix.ch\/fr\/wp-json\/wp\/v2\/media?parent=4410"}],"wp:term":[{"taxonomy":"product_brand","embeddable":true,"href":"https:\/\/shop.lamifix.ch\/fr\/wp-json\/wp\/v2\/product_brand?post=4410"},{"taxonomy":"product_cat","embeddable":true,"href":"https:\/\/shop.lamifix.ch\/fr\/wp-json\/wp\/v2\/product_cat?post=4410"},{"taxonomy":"product_tag","embeddable":true,"href":"https:\/\/shop.lamifix.ch\/fr\/wp-json\/wp\/v2\/product_tag?post=4410"}],"curies":[{"name":"wp","href":"https:\/\/api.w.org\/{rel}","templated":true}]}}