{"id":5632,"date":"2025-12-08T17:14:20","date_gmt":"2025-12-08T16:14:20","guid":{"rendered":"https:\/\/shop.lamifix.ch\/?post_type=product&#038;p=5632"},"modified":"2025-12-16T15:49:21","modified_gmt":"2025-12-16T14:49:21","slug":"10mm-stufenaufhaengung","status":"publish","type":"product","link":"https:\/\/shop.lamifix.ch\/fr\/produkt\/10mm-stufenaufhaengung\/","title":{"rendered":"\u00d810mm Stufenaufh\u00e4ngung"},"content":{"rendered":"<h2 data-start=\"281\" data-end=\"359\"><strong data-start=\"284\" data-end=\"359\">\u00d810 mm Treppenstufenaufh\u00e4ngung \u2013 Edelstahl, filigran &amp; extrem belastbar<\/strong><\/h2>\n<p data-start=\"361\" data-end=\"733\">Die <strong data-start=\"365\" data-end=\"413\">\u00d810 mm Treppenstufenaufh\u00e4ngung aus Edelstahl<\/strong> eignet sich sowohl f\u00fcr die <strong data-start=\"441\" data-end=\"490\">Befestigung am Handlauf als auch an der Decke<\/strong>.<br data-start=\"491\" data-end=\"494\" \/>Sie \u00fcberzeugt durch ihre <strong data-start=\"519\" data-end=\"538\">filigrane Optik<\/strong>, eine <strong data-start=\"545\" data-end=\"578\">einfache und schnelle Montage<\/strong> sowie <strong data-start=\"585\" data-end=\"611\">sehr hohe Festigkeiten<\/strong>. Das System ist besonders <strong data-start=\"638\" data-end=\"676\">montage- und renovationsfreundlich<\/strong> und eignet sich ideal f\u00fcr <strong data-start=\"703\" data-end=\"732\">Neubauten und Sanierungen<\/strong>.<\/p>\n<hr data-start=\"735\" data-end=\"738\" \/>\n<h3 data-start=\"740\" data-end=\"763\"><strong data-start=\"744\" data-end=\"763\">Preis + Angebot + <span style=\"color: #3366ff;\"><a style=\"color: #3366ff;\" href=\"https:\/\/shop.lamifix.ch\/wp-content\/uploads\/2025\/12\/10mm-System-fuer-Homepage.xlsx\">AVOR-Formular<\/a><\/span><\/strong><\/h3>\n<p data-start=\"764\" data-end=\"1000\"><strong data-start=\"767\" data-end=\"827\">Der Preis ist abh\u00e4ngig von den Stangenl\u00e4ngen.<\/strong><br data-start=\"827\" data-end=\"830\" \/>Bitte senden Sie uns f\u00fcr eine Offerte das <span style=\"color: #3366ff;\"><a style=\"color: #3366ff;\" href=\"https:\/\/shop.lamifix.ch\/wp-content\/uploads\/2025\/12\/10mm-System-fuer-Homepage.xlsx\"><strong data-start=\"872\" data-end=\"889\">AVOR-Formular<\/strong><\/a><\/span> oder eine <strong data-start=\"900\" data-end=\"926\">Plan-\/Skizzenunterlage<\/strong>.<br data-start=\"927\" data-end=\"930\" \/>Gerne erstellen wir Ihnen anschliessend eine <strong data-start=\"975\" data-end=\"999\">individuelle Offerte<\/strong>.<\/p>\n<hr data-start=\"1002\" data-end=\"1005\" \/>\n<h3 data-start=\"1007\" data-end=\"1042\"><strong data-start=\"1011\" data-end=\"1042\">Massanfertigung + Lieferung + <a href=\"https:\/\/shop.lamifix.ch\/wp-content\/uploads\/2025\/12\/10mm-System-Montageanleitung.pdf\"><span style=\"color: #3366ff;\">Montageanleitung (PDF)<\/span><\/a><\/strong><\/h3>\n<ul data-start=\"1043\" data-end=\"1109\">\n<li data-start=\"1043\" data-end=\"1083\">\n<p data-start=\"1045\" data-end=\"1083\"><strong data-start=\"1045\" data-end=\"1057\">Schweiz:<\/strong> ca. <strong data-start=\"1062\" data-end=\"1081\">2\u20133 Arbeitstage<\/strong><\/p>\n<\/li>\n<li data-start=\"1084\" data-end=\"1109\">\n<p data-start=\"1086\" data-end=\"1109\"><strong data-start=\"1086\" data-end=\"1093\">EU:<\/strong> ca. <strong data-start=\"1098\" data-end=\"1109\">1 Woche<\/strong><\/p>\n<\/li>\n<\/ul>\n<p data-start=\"1111\" data-end=\"1443\">Die <strong data-start=\"1115\" data-end=\"1143\">10-mm-Aufh\u00e4ngungsstangen<\/strong> werden <strong data-start=\"1151\" data-end=\"1222\">individuell auf Ihr Mass zugeschnitten, bearbeitet und verschweisst<\/strong>.<br data-start=\"1223\" data-end=\"1226\" \/>Dank der durchdachten Konstruktion haben Sie bei der Montage <strong data-start=\"1287\" data-end=\"1329\">nur noch drei lose Rosetten pro Stange<\/strong>, mit denen die Treppenstufen sicher fixiert werden. Das reduziert die <strong data-start=\"1400\" data-end=\"1442\">Montagezeit auf der Baustelle deutlich<\/strong>.<\/p>\n<hr data-start=\"1445\" data-end=\"1448\" \/>\n<h3 data-start=\"1450\" data-end=\"1481\"><strong data-start=\"1454\" data-end=\"1481\">Technik &amp; Belastbarkeit<\/strong><\/h3>\n<p data-start=\"1482\" data-end=\"1684\">Die \u00d810-mm-Treppenstufenaufh\u00e4ngung wirkt optisch filigran, bietet jedoch <strong data-start=\"1555\" data-end=\"1591\">aussergew\u00f6hnliche Leistungswerte<\/strong>.<br data-start=\"1592\" data-end=\"1595\" \/>Getestete <strong data-start=\"1605\" data-end=\"1637\">Ausrissfestigkeiten in Buche<\/strong> liegen bei <strong data-start=\"1649\" data-end=\"1683\">\u00fcber 1 Tonne pro Verschraubung<\/strong>.<\/p>\n<hr data-start=\"1686\" data-end=\"1689\" \/>\n<h3 data-start=\"1691\" data-end=\"1722\"><strong data-start=\"1695\" data-end=\"1722\">Justierung &amp; Toleranzen<\/strong><\/h3>\n<ul data-start=\"1723\" data-end=\"1796\">\n<li data-start=\"1723\" data-end=\"1752\">\n<p data-start=\"1725\" data-end=\"1752\"><strong data-start=\"1725\" data-end=\"1744\">H\u00f6henausgleich:<\/strong> \u00b15 mm<\/p>\n<\/li>\n<li data-start=\"1753\" data-end=\"1796\">\n<p data-start=\"1755\" data-end=\"1796\"><strong data-start=\"1755\" data-end=\"1788\">Seitlicher Toleranzausgleich:<\/strong> \u00b14 mm<\/p>\n<\/li>\n<\/ul>\n<p data-start=\"1798\" data-end=\"1902\">Bautoleranzen lassen sich damit <strong data-start=\"1830\" data-end=\"1853\">pr\u00e4zise ausgleichen<\/strong> \u2013 ideal f\u00fcr <strong data-start=\"1866\" data-end=\"1879\">Neubauten<\/strong> und <strong data-start=\"1884\" data-end=\"1901\">Nachr\u00fcstungen<\/strong>.<\/p>\n<hr data-start=\"1904\" data-end=\"1907\" \/>\n<h3 data-start=\"1909\" data-end=\"1954\"><strong data-start=\"1913\" data-end=\"1954\">Demontierbarkeit &amp; Renovationsvorteil<\/strong><\/h3>\n<p data-start=\"1955\" data-end=\"2009\">Jede Treppenstufe bleibt <strong data-start=\"1980\" data-end=\"2008\">vollst\u00e4ndig demontierbar<\/strong>.<\/p>\n<p data-start=\"2011\" data-end=\"2178\"><strong data-start=\"2011\" data-end=\"2024\">Beispiel:<\/strong><br data-start=\"2024\" data-end=\"2027\" \/>Soll <strong data-start=\"2032\" data-end=\"2043\">Stufe 5<\/strong> demontiert werden, wird <strong data-start=\"2068\" data-end=\"2086\">Stufe 4 gel\u00f6st<\/strong> und auf <strong data-start=\"2095\" data-end=\"2115\">Stufe 3 abgelegt<\/strong>.<br data-start=\"2116\" data-end=\"2119\" \/>Anschliessend kann <strong data-start=\"2138\" data-end=\"2177\">Stufe 5 problemlos ausgebaut werden<\/strong>.<\/p>\n<p data-start=\"2180\" data-end=\"2286\">Ideal f\u00fcr <strong data-start=\"2190\" data-end=\"2244\">Nachbearbeitungen, Reparaturen oder Auffrischungen<\/strong> \u2013 ohne <strong data-start=\"2252\" data-end=\"2270\">L\u00e4rm und Staub<\/strong> im Wohnbereich.<\/p>\n<hr data-start=\"2288\" data-end=\"2291\" \/>\n<h3 data-start=\"2293\" data-end=\"2344\"><strong data-start=\"2297\" data-end=\"2344\">\u00d810 mm Edelstahlstaketen &amp; R\u00fccklaufgel\u00e4nder<\/strong><\/h3>\n<p data-start=\"2345\" data-end=\"2610\">Die <strong data-start=\"2349\" data-end=\"2368\">\u00d810-mm-Staketen<\/strong> eignen sich nicht nur als <strong data-start=\"2395\" data-end=\"2424\">Treppenstufenaufh\u00e4ngungen<\/strong>, sondern auch hervorragend als <strong data-start=\"2456\" data-end=\"2476\">R\u00fccklaufgel\u00e4nder<\/strong>.<br data-start=\"2477\" data-end=\"2480\" \/>Durch ihre <strong data-start=\"2491\" data-end=\"2513\">schlanke Geometrie<\/strong> f\u00fcgen sie sich <strong data-start=\"2529\" data-end=\"2558\">zur\u00fcckhaltend und elegant<\/strong> in Wohnr\u00e4ume ein \u2013 technisch stark, visuell leicht.<\/p>\n<hr data-start=\"2612\" data-end=\"2615\" \/>\n<h3 data-start=\"2617\" data-end=\"2656\"><strong data-start=\"2621\" data-end=\"2656\">Ein Werkzeugsatz \u2013 zwei Systeme<\/strong><\/h3>\n<p data-start=\"2657\" data-end=\"2727\">\ud83d\udc49 Die verwendeten <strong data-start=\"2676\" data-end=\"2726\">Werkzeuge sind f\u00fcr \u00d810 mm und \u00d816 mm identisch<\/strong>.<\/p>\n<ul data-start=\"2729\" data-end=\"2846\">\n<li data-start=\"2729\" data-end=\"2770\">\n<p data-start=\"2731\" data-end=\"2770\">keine Bindung an ein einzelnes System<\/p>\n<\/li>\n<li data-start=\"2771\" data-end=\"2808\">\n<p data-start=\"2773\" data-end=\"2808\">maximale Flexibilit\u00e4t pro Auftrag<\/p>\n<\/li>\n<li data-start=\"2809\" data-end=\"2846\">\n<p data-start=\"2811\" data-end=\"2846\">keine zus\u00e4tzlichen Werkzeugkosten<\/p>\n<\/li>\n<\/ul>\n<p data-start=\"2848\" data-end=\"2971\">Je nach Projektanforderung kann jederzeit zwischen <strong data-start=\"2899\" data-end=\"2920\">\u00d810 mm (filigran)<\/strong> und <strong data-start=\"2925\" data-end=\"2955\">\u00d816 mm (f\u00fcr grosse L\u00e4ngen)<\/strong> gew\u00e4hlt werden.<\/p>\n<hr data-start=\"2973\" data-end=\"2976\" \/>\n<h3 data-start=\"2978\" data-end=\"3015\"><strong data-start=\"2982\" data-end=\"3015\">Ihre Vorteile auf einen Blick<\/strong><\/h3>\n<ul data-start=\"3016\" data-end=\"3465\">\n<li data-start=\"3016\" data-end=\"3069\">\n<p data-start=\"3018\" data-end=\"3069\">Edelstahl-Treppenstufenaufh\u00e4ngung \u00d810 mm &amp; \u00d816 mm<\/p>\n<\/li>\n<li data-start=\"3070\" data-end=\"3134\">\n<p data-start=\"3072\" data-end=\"3134\">\u00d810 mm auch als <strong data-start=\"3088\" data-end=\"3121\">Staketen und R\u00fccklaufgel\u00e4nder<\/strong> einsetzbar<\/p>\n<\/li>\n<li data-start=\"3135\" data-end=\"3184\">\n<p data-start=\"3137\" data-end=\"3184\">Montage am Handlauf oder an der Decke m\u00f6glich<\/p>\n<\/li>\n<li data-start=\"3185\" data-end=\"3254\">\n<p data-start=\"3187\" data-end=\"3254\"><strong data-start=\"3187\" data-end=\"3206\">Massanfertigung<\/strong> inkl. Gewindeschnitt &amp; verschweisster Rosette<\/p>\n<\/li>\n<li data-start=\"3255\" data-end=\"3311\">\n<p data-start=\"3257\" data-end=\"3311\">Sehr hohe Ausrissfestigkeit (&gt;1 t pro Verschraubung)<\/p>\n<\/li>\n<li data-start=\"3312\" data-end=\"3361\">\n<p data-start=\"3314\" data-end=\"3361\">H\u00f6henausgleich &amp; seitlicher Toleranzausgleich<\/p>\n<\/li>\n<li data-start=\"3362\" data-end=\"3389\">\n<p data-start=\"3364\" data-end=\"3389\">Jede Stufe demontierbar<\/p>\n<\/li>\n<li data-start=\"3390\" data-end=\"3429\">\n<p data-start=\"3392\" data-end=\"3429\">Gleiches Werkzeug f\u00fcr beide Systeme<\/p>\n<\/li>\n<li data-start=\"3430\" data-end=\"3465\">\n<p data-start=\"3432\" data-end=\"3465\">Ideal f\u00fcr <strong data-start=\"3442\" data-end=\"3465\">Neubau &amp; Renovation<\/strong><\/p>\n<\/li>\n<\/ul>\n","protected":false},"excerpt":{"rendered":"<p><strong>\u00d810 mm Treppenstufenaufh\u00e4ngung<br \/>\n<\/strong>Stufenaufh\u00e4ngung \/ Staketen \/ R\u00fccklaufgel\u00e4nder<\/p>\n","protected":false},"featured_media":2214,"template":"","meta":{"_et_pb_use_builder":"","_et_pb_old_content":"","_et_gb_content_width":""},"product_brand":[274],"product_cat":[195,193],"product_tag":[315,314,311,316],"class_list":{"0":"post-5632","1":"product","2":"type-product","3":"status-publish","4":"has-post-thumbnail","6":"product_brand-lamifix","7":"product_cat-staufh","8":"product_cat-treppentechnik","9":"product_tag-10mm-edelstahlstaketen","10":"product_tag-ruecklaufgelaender-edelstahl","11":"product_tag-stufenaufhaengung-oe10-mm","12":"product_tag-treppenstufenaufhaengung","13":"product_shipping_class-standard","14":"pa_gw-mg","15":"pa_stufenaufhaengung-213","17":"first","18":"instock","19":"featured","20":"taxable","21":"shipping-taxable","22":"product-type-simple"},"bundled_by":[],"bundle_stock_status":"instock","bundle_stock_quantity":null,"bundle_virtual":false,"bundle_layout":"","bundle_add_to_cart_form_location":"","bundle_editable_in_cart":false,"bundle_sold_individually_context":"","bundle_item_grouping":"","bundle_min_size":"","bundle_max_size":"","bundled_items":[],"bundle_sell_ids":[],"yoast_head":"<!-- This site is optimized with the Yoast SEO plugin v27.5 - https:\/\/yoast.com\/product\/yoast-seo-wordpress\/ -->\n<title>\u00d810mm Stufenaufh\u00e4ngung - Lamifix Shop<\/title>\n<meta name=\"description\" content=\"\u00d810 mm Treppenstufenaufh\u00e4ngung aus Edelstahl \u2013 filigran, extrem belastbar und massgefertigt. Ideal f\u00fcr Neubau und Renovation, auch als Gel\u00e4nder einsetzbar.\" \/>\n<meta name=\"robots\" content=\"index, follow, max-snippet:-1, max-image-preview:large, max-video-preview:-1\" \/>\n<link rel=\"canonical\" href=\"https:\/\/shop.lamifix.ch\/fr\/produkt\/10mm-stufenaufhaengung\/\" \/>\n<meta property=\"og:locale\" content=\"fr_FR\" \/>\n<meta property=\"og:type\" content=\"article\" \/>\n<meta property=\"og:title\" content=\"\u00d810mm Stufenaufh\u00e4ngung - Lamifix Shop\" \/>\n<meta property=\"og:description\" content=\"\u00d810 mm Treppenstufenaufh\u00e4ngung aus Edelstahl \u2013 filigran, extrem belastbar und massgefertigt. Ideal f\u00fcr Neubau und Renovation, auch als Gel\u00e4nder einsetzbar.\" \/>\n<meta property=\"og:url\" content=\"https:\/\/shop.lamifix.ch\/fr\/produkt\/10mm-stufenaufhaengung\/\" \/>\n<meta property=\"og:site_name\" content=\"Lamifix Shop\" \/>\n<meta property=\"article:modified_time\" content=\"2025-12-16T14:49:21+00:00\" \/>\n<meta property=\"og:image\" content=\"https:\/\/shop.lamifix.ch\/wp-content\/uploads\/2022\/09\/10mm-scaled.jpg\" \/>\n\t<meta property=\"og:image:width\" content=\"827\" \/>\n\t<meta property=\"og:image:height\" content=\"827\" \/>\n\t<meta property=\"og:image:type\" content=\"image\/jpeg\" \/>\n<meta name=\"twitter:card\" content=\"summary_large_image\" \/>\n<meta name=\"twitter:label1\" content=\"Dur\u00e9e de lecture estim\u00e9e\" \/>\n\t<meta name=\"twitter:data1\" content=\"3 minutes\" \/>\n<script type=\"application\/ld+json\" class=\"yoast-schema-graph\">{\"@context\":\"https:\\\/\\\/schema.org\",\"@graph\":[{\"@type\":\"WebPage\",\"@id\":\"https:\\\/\\\/shop.lamifix.ch\\\/fr\\\/produkt\\\/10mm-stufenaufhaengung\\\/\",\"url\":\"https:\\\/\\\/shop.lamifix.ch\\\/fr\\\/produkt\\\/10mm-stufenaufhaengung\\\/\",\"name\":\"\u00d810mm Stufenaufh\u00e4ngung - Lamifix Shop\",\"isPartOf\":{\"@id\":\"https:\\\/\\\/shop.lamifix.ch\\\/fr\\\/#website\"},\"primaryImageOfPage\":{\"@id\":\"https:\\\/\\\/shop.lamifix.ch\\\/fr\\\/produkt\\\/10mm-stufenaufhaengung\\\/#primaryimage\"},\"image\":{\"@id\":\"https:\\\/\\\/shop.lamifix.ch\\\/fr\\\/produkt\\\/10mm-stufenaufhaengung\\\/#primaryimage\"},\"thumbnailUrl\":\"https:\\\/\\\/shop.lamifix.ch\\\/wp-content\\\/uploads\\\/2022\\\/09\\\/10mm-scaled.jpg\",\"datePublished\":\"2025-12-08T16:14:20+00:00\",\"dateModified\":\"2025-12-16T14:49:21+00:00\",\"description\":\"\u00d810 mm Treppenstufenaufh\u00e4ngung aus Edelstahl \u2013 filigran, extrem belastbar und massgefertigt. Ideal f\u00fcr Neubau und Renovation, auch als Gel\u00e4nder einsetzbar.\",\"breadcrumb\":{\"@id\":\"https:\\\/\\\/shop.lamifix.ch\\\/fr\\\/produkt\\\/10mm-stufenaufhaengung\\\/#breadcrumb\"},\"inLanguage\":\"fr-FR\",\"potentialAction\":[{\"@type\":\"ReadAction\",\"target\":[\"https:\\\/\\\/shop.lamifix.ch\\\/fr\\\/produkt\\\/10mm-stufenaufhaengung\\\/\"]}]},{\"@type\":\"ImageObject\",\"inLanguage\":\"fr-FR\",\"@id\":\"https:\\\/\\\/shop.lamifix.ch\\\/fr\\\/produkt\\\/10mm-stufenaufhaengung\\\/#primaryimage\",\"url\":\"https:\\\/\\\/shop.lamifix.ch\\\/wp-content\\\/uploads\\\/2022\\\/09\\\/10mm-scaled.jpg\",\"contentUrl\":\"https:\\\/\\\/shop.lamifix.ch\\\/wp-content\\\/uploads\\\/2022\\\/09\\\/10mm-scaled.jpg\",\"width\":827,\"height\":827},{\"@type\":\"BreadcrumbList\",\"@id\":\"https:\\\/\\\/shop.lamifix.ch\\\/fr\\\/produkt\\\/10mm-stufenaufhaengung\\\/#breadcrumb\",\"itemListElement\":[{\"@type\":\"ListItem\",\"position\":1,\"name\":\"Home\",\"item\":\"https:\\\/\\\/shop.lamifix.ch\\\/fr\\\/\"},{\"@type\":\"ListItem\",\"position\":2,\"name\":\"Boutique\",\"item\":\"https:\\\/\\\/shop.lamifix.ch\\\/fr\\\/boutique\\\/\"},{\"@type\":\"ListItem\",\"position\":3,\"name\":\"\u00d810mm Stufenaufh\u00e4ngung\"}]},{\"@type\":\"WebSite\",\"@id\":\"https:\\\/\\\/shop.lamifix.ch\\\/fr\\\/#website\",\"url\":\"https:\\\/\\\/shop.lamifix.ch\\\/fr\\\/\",\"name\":\"Lamifix Shop\",\"description\":\"Treppen und Stiegen-Elemente f\u00fcr den modernen Treppenbau\",\"publisher\":{\"@id\":\"https:\\\/\\\/shop.lamifix.ch\\\/fr\\\/#organization\"},\"potentialAction\":[{\"@type\":\"SearchAction\",\"target\":{\"@type\":\"EntryPoint\",\"urlTemplate\":\"https:\\\/\\\/shop.lamifix.ch\\\/fr\\\/?s={search_term_string}\"},\"query-input\":{\"@type\":\"PropertyValueSpecification\",\"valueRequired\":true,\"valueName\":\"search_term_string\"}}],\"inLanguage\":\"fr-FR\"},{\"@type\":\"Organization\",\"@id\":\"https:\\\/\\\/shop.lamifix.ch\\\/fr\\\/#organization\",\"name\":\"Lamifix Shop\",\"url\":\"https:\\\/\\\/shop.lamifix.ch\\\/fr\\\/\",\"logo\":{\"@type\":\"ImageObject\",\"inLanguage\":\"fr-FR\",\"@id\":\"https:\\\/\\\/shop.lamifix.ch\\\/fr\\\/#\\\/schema\\\/logo\\\/image\\\/\",\"url\":\"https:\\\/\\\/shop.lamifix.ch\\\/wp-content\\\/uploads\\\/2022\\\/09\\\/LF-Logo-ohne-Kreuz-scaled.jpg\",\"contentUrl\":\"https:\\\/\\\/shop.lamifix.ch\\\/wp-content\\\/uploads\\\/2022\\\/09\\\/LF-Logo-ohne-Kreuz-scaled.jpg\",\"width\":2560,\"height\":2084,\"caption\":\"Lamifix Shop\"},\"image\":{\"@id\":\"https:\\\/\\\/shop.lamifix.ch\\\/fr\\\/#\\\/schema\\\/logo\\\/image\\\/\"}}]}<\/script>\n<!-- \/ Yoast SEO plugin. -->","yoast_head_json":{"title":"\u00d810mm Stufenaufh\u00e4ngung - Lamifix Shop","description":"\u00d810 mm Treppenstufenaufh\u00e4ngung aus Edelstahl \u2013 filigran, extrem belastbar und massgefertigt. Ideal f\u00fcr Neubau und Renovation, auch als Gel\u00e4nder einsetzbar.","robots":{"index":"index","follow":"follow","max-snippet":"max-snippet:-1","max-image-preview":"max-image-preview:large","max-video-preview":"max-video-preview:-1"},"canonical":"https:\/\/shop.lamifix.ch\/fr\/produkt\/10mm-stufenaufhaengung\/","og_locale":"fr_FR","og_type":"article","og_title":"\u00d810mm Stufenaufh\u00e4ngung - Lamifix Shop","og_description":"\u00d810 mm Treppenstufenaufh\u00e4ngung aus Edelstahl \u2013 filigran, extrem belastbar und massgefertigt. Ideal f\u00fcr Neubau und Renovation, auch als Gel\u00e4nder einsetzbar.","og_url":"https:\/\/shop.lamifix.ch\/fr\/produkt\/10mm-stufenaufhaengung\/","og_site_name":"Lamifix Shop","article_modified_time":"2025-12-16T14:49:21+00:00","og_image":[{"width":827,"height":827,"url":"https:\/\/shop.lamifix.ch\/wp-content\/uploads\/2022\/09\/10mm-scaled.jpg","type":"image\/jpeg"}],"twitter_card":"summary_large_image","twitter_misc":{"Dur\u00e9e de lecture estim\u00e9e":"3 minutes"},"schema":{"@context":"https:\/\/schema.org","@graph":[{"@type":"WebPage","@id":"https:\/\/shop.lamifix.ch\/fr\/produkt\/10mm-stufenaufhaengung\/","url":"https:\/\/shop.lamifix.ch\/fr\/produkt\/10mm-stufenaufhaengung\/","name":"\u00d810mm Stufenaufh\u00e4ngung - Lamifix Shop","isPartOf":{"@id":"https:\/\/shop.lamifix.ch\/fr\/#website"},"primaryImageOfPage":{"@id":"https:\/\/shop.lamifix.ch\/fr\/produkt\/10mm-stufenaufhaengung\/#primaryimage"},"image":{"@id":"https:\/\/shop.lamifix.ch\/fr\/produkt\/10mm-stufenaufhaengung\/#primaryimage"},"thumbnailUrl":"https:\/\/shop.lamifix.ch\/wp-content\/uploads\/2022\/09\/10mm-scaled.jpg","datePublished":"2025-12-08T16:14:20+00:00","dateModified":"2025-12-16T14:49:21+00:00","description":"\u00d810 mm Treppenstufenaufh\u00e4ngung aus Edelstahl \u2013 filigran, extrem belastbar und massgefertigt. Ideal f\u00fcr Neubau und Renovation, auch als Gel\u00e4nder einsetzbar.","breadcrumb":{"@id":"https:\/\/shop.lamifix.ch\/fr\/produkt\/10mm-stufenaufhaengung\/#breadcrumb"},"inLanguage":"fr-FR","potentialAction":[{"@type":"ReadAction","target":["https:\/\/shop.lamifix.ch\/fr\/produkt\/10mm-stufenaufhaengung\/"]}]},{"@type":"ImageObject","inLanguage":"fr-FR","@id":"https:\/\/shop.lamifix.ch\/fr\/produkt\/10mm-stufenaufhaengung\/#primaryimage","url":"https:\/\/shop.lamifix.ch\/wp-content\/uploads\/2022\/09\/10mm-scaled.jpg","contentUrl":"https:\/\/shop.lamifix.ch\/wp-content\/uploads\/2022\/09\/10mm-scaled.jpg","width":827,"height":827},{"@type":"BreadcrumbList","@id":"https:\/\/shop.lamifix.ch\/fr\/produkt\/10mm-stufenaufhaengung\/#breadcrumb","itemListElement":[{"@type":"ListItem","position":1,"name":"Home","item":"https:\/\/shop.lamifix.ch\/fr\/"},{"@type":"ListItem","position":2,"name":"Boutique","item":"https:\/\/shop.lamifix.ch\/fr\/boutique\/"},{"@type":"ListItem","position":3,"name":"\u00d810mm Stufenaufh\u00e4ngung"}]},{"@type":"WebSite","@id":"https:\/\/shop.lamifix.ch\/fr\/#website","url":"https:\/\/shop.lamifix.ch\/fr\/","name":"Lamifix Shop","description":"Treppen und Stiegen-Elemente f\u00fcr den modernen Treppenbau","publisher":{"@id":"https:\/\/shop.lamifix.ch\/fr\/#organization"},"potentialAction":[{"@type":"SearchAction","target":{"@type":"EntryPoint","urlTemplate":"https:\/\/shop.lamifix.ch\/fr\/?s={search_term_string}"},"query-input":{"@type":"PropertyValueSpecification","valueRequired":true,"valueName":"search_term_string"}}],"inLanguage":"fr-FR"},{"@type":"Organization","@id":"https:\/\/shop.lamifix.ch\/fr\/#organization","name":"Lamifix Shop","url":"https:\/\/shop.lamifix.ch\/fr\/","logo":{"@type":"ImageObject","inLanguage":"fr-FR","@id":"https:\/\/shop.lamifix.ch\/fr\/#\/schema\/logo\/image\/","url":"https:\/\/shop.lamifix.ch\/wp-content\/uploads\/2022\/09\/LF-Logo-ohne-Kreuz-scaled.jpg","contentUrl":"https:\/\/shop.lamifix.ch\/wp-content\/uploads\/2022\/09\/LF-Logo-ohne-Kreuz-scaled.jpg","width":2560,"height":2084,"caption":"Lamifix Shop"},"image":{"@id":"https:\/\/shop.lamifix.ch\/fr\/#\/schema\/logo\/image\/"}}]}},"tiered_pricing_type":"fixed","tiered_pricing_fixed_rules":[],"tiered_pricing_product_settings":{"layout":"default","base_unit_name":{"singular":null,"plural":null},"default_variation":null},"tiered_pricing_minimum_quantity":null,"tiered_pricing_roles_data":[],"tiered_pricing_percentage_rules":[],"_links":{"self":[{"href":"https:\/\/shop.lamifix.ch\/fr\/wp-json\/wp\/v2\/product\/5632","targetHints":{"allow":["GET"]}}],"collection":[{"href":"https:\/\/shop.lamifix.ch\/fr\/wp-json\/wp\/v2\/product"}],"about":[{"href":"https:\/\/shop.lamifix.ch\/fr\/wp-json\/wp\/v2\/types\/product"}],"wp:featuredmedia":[{"embeddable":true,"href":"https:\/\/shop.lamifix.ch\/fr\/wp-json\/wp\/v2\/media\/2214"}],"wp:attachment":[{"href":"https:\/\/shop.lamifix.ch\/fr\/wp-json\/wp\/v2\/media?parent=5632"}],"wp:term":[{"taxonomy":"product_brand","embeddable":true,"href":"https:\/\/shop.lamifix.ch\/fr\/wp-json\/wp\/v2\/product_brand?post=5632"},{"taxonomy":"product_cat","embeddable":true,"href":"https:\/\/shop.lamifix.ch\/fr\/wp-json\/wp\/v2\/product_cat?post=5632"},{"taxonomy":"product_tag","embeddable":true,"href":"https:\/\/shop.lamifix.ch\/fr\/wp-json\/wp\/v2\/product_tag?post=5632"}],"curies":[{"name":"wp","href":"https:\/\/api.w.org\/{rel}","templated":true}]}}