{"id":5705,"date":"2025-12-17T08:24:53","date_gmt":"2025-12-17T07:24:53","guid":{"rendered":"https:\/\/shop.lamifix.ch\/?post_type=product&#038;p=5705"},"modified":"2026-02-12T17:22:36","modified_gmt":"2026-02-12T16:22:36","slug":"16mm-edelstahlstaketen-auf-mass-ruecklaufgelaender-lamifix","status":"publish","type":"product","link":"https:\/\/shop.lamifix.ch\/fr\/produkt\/16mm-edelstahlstaketen-auf-mass-ruecklaufgelaender-lamifix\/","title":{"rendered":"\u00d816mm Edelstahlrohre, Staketen f\u00fcr R\u00fccklaufgel\u00e4nder auf Mass bestellen"},"content":{"rendered":"<h2 data-start=\"281\" data-end=\"359\"><strong data-start=\"284\" data-end=\"359\">\u00d816mm Edelstahlrohre, <a href=\"https:\/\/shop.lamifix.ch\/wp-content\/uploads\/2025\/12\/16mm-System-fuer-Homepage.xlsx\"><span style=\"color: #3366ff;\">Staketen f\u00fcr R\u00fccklaufgel\u00e4nder auf Mass bestellen<\/span><\/a><\/strong><\/h2>\n<p data-start=\"322\" data-end=\"636\">Die <strong data-start=\"326\" data-end=\"356\">\u00d816mm Edelstahlrohre<\/strong> eignen sich ideal f\u00fcr den Einsatz als<strong data-start=\"395\" data-end=\"431\">\u00a0Staketen,\u00a0<\/strong><strong data-start=\"395\" data-end=\"431\">Zwischenst\u00e4be, <\/strong><strong data-start=\"395\" data-end=\"431\">Stabellen<\/strong>, f\u00fcr <strong data-start=\"437\" data-end=\"459\">Absturzsicherungen<\/strong> sowie <strong data-start=\"466\" data-end=\"486\">R\u00fccklaufgel\u00e4nder<\/strong>.<\/p>\n<p data-start=\"322\" data-end=\"636\">Trotz ihrer schlanken, zur\u00fcckhaltenden Optik sind sie konstruktiv auf <strong data-start=\"471\" data-end=\"508\">h\u00f6chste Stabilit\u00e4t und Sicherheit<\/strong> ausgelegt.<\/p>\n<p data-start=\"638\" data-end=\"811\">Gefertigt aus hochwertigem Edelstahl, sind die Edelstahlrohre sowohl f\u00fcr <strong data-start=\"587\" data-end=\"600\">Neubauten<\/strong> als auch f\u00fcr <strong data-start=\"614\" data-end=\"648\">Renovationen und Nachr\u00fcstungen<\/strong> im <strong data-start=\"652\" data-end=\"680\">Innen- und Aussenbereich<\/strong> bestens geeignet.<\/p>\n<hr data-start=\"813\" data-end=\"816\" \/>\n<h2 data-start=\"818\" data-end=\"836\">Einsatzbereiche<\/h2>\n<ul data-start=\"838\" data-end=\"977\">\n<li data-start=\"838\" data-end=\"874\">Staketen \/ Stabellen<\/li>\n<li data-start=\"838\" data-end=\"874\">\n<p data-start=\"840\" data-end=\"874\">Zwischenst\u00e4be \/ Zwischenstaketen<\/p>\n<\/li>\n<li data-start=\"875\" data-end=\"895\">\n<p data-start=\"877\" data-end=\"895\">Absturzsicherung<\/p>\n<\/li>\n<li data-start=\"896\" data-end=\"916\">\n<p data-start=\"898\" data-end=\"916\">R\u00fccklaufgel\u00e4nder<\/p>\n<\/li>\n<li data-start=\"942\" data-end=\"977\">\n<p data-start=\"944\" data-end=\"977\">Gel\u00e4nder- und Sicherungssysteme<\/p>\n<\/li>\n<\/ul>\n<hr data-start=\"979\" data-end=\"982\" \/>\n<h2 data-start=\"984\" data-end=\"1032\"><a href=\"https:\/\/shop.lamifix.ch\/wp-content\/uploads\/2025\/12\/16mm-System-fuer-Homepage.xlsx\"><span style=\"color: #3366ff;\">Zuschnitt auf Mass<\/span><\/a> &amp; montagefertige Lieferung<\/h2>\n<p data-start=\"1034\" data-end=\"1142\">Auf Wunsch bieten wir einen <a href=\"https:\/\/shop.lamifix.ch\/wp-content\/uploads\/2025\/12\/16mm-System-fuer-Homepage.xlsx\"><span style=\"color: #3366ff;\"><strong data-start=\"1062\" data-end=\"1102\">exakten Zuschnitt auf Ihr Wunschmass<\/strong><\/span><\/a> an.<br data-start=\"1106\" data-end=\"1109\" \/>Jedes \u00d816mm Edelstahlrohr wird:<\/p>\n<ul data-start=\"1144\" data-end=\"1271\">\n<li data-start=\"1144\" data-end=\"1180\">\n<p data-start=\"1146\" data-end=\"1180\">pr\u00e4zise <strong data-start=\"1154\" data-end=\"1180\">auf Mass zugeschnitten<\/strong><\/p>\n<\/li>\n<li data-start=\"1181\" data-end=\"1203\">\n<p data-start=\"1183\" data-end=\"1203\"><strong data-start=\"1183\" data-end=\"1203\">sauber entgratet<\/strong><\/p>\n<\/li>\n<li data-start=\"1204\" data-end=\"1242\">\n<p data-start=\"1206\" data-end=\"1242\"><strong data-start=\"1206\" data-end=\"1242\">mit der Rohr<\/strong><strong data-start=\"1206\" data-end=\"1242\">l\u00e4nge beschriftet<\/strong><\/p>\n<\/li>\n<li data-start=\"1243\" data-end=\"1271\">\n<p data-start=\"1245\" data-end=\"1271\"><strong data-start=\"1245\" data-end=\"1271\">montagefertig verpackt<\/strong><\/p>\n<\/li>\n<\/ul>\n<p data-start=\"1273\" data-end=\"1382\">So erhalten Sie ein sofort einsetzbares Produkt und reduzieren den Montageaufwand auf der Baustelle deutlich.<\/p>\n<p data-start=\"1384\" data-end=\"1406\"><strong data-start=\"1384\" data-end=\"1404\">Zuschnittkosten:<\/strong><\/p>\n<ul data-start=\"1407\" data-end=\"1480\">\n<li data-start=\"1407\" data-end=\"1435\">\n<p data-start=\"1409\" data-end=\"1435\">CHF 2.40 pro Schnitt, Entgraten und Beschriften<\/p>\n<\/li>\n<\/ul>\n<hr data-start=\"1482\" data-end=\"1485\" \/>\n<h2 data-start=\"1487\" data-end=\"1516\">Lieferzeit inkl. <a href=\"https:\/\/shop.lamifix.ch\/wp-content\/uploads\/2025\/12\/16mm-System-fuer-Homepage.xlsx\"><span style=\"color: #3366ff;\">Zuschnitt<\/span><\/a><\/h2>\n<ul data-start=\"1518\" data-end=\"1584\">\n<li data-start=\"1518\" data-end=\"1558\">\n<p data-start=\"1520\" data-end=\"1558\"><strong data-start=\"1520\" data-end=\"1532\">Schweiz:<\/strong> ca. <strong data-start=\"1537\" data-end=\"1556\">1\u20132 Arbeitstage<\/strong><\/p>\n<\/li>\n<li data-start=\"1559\" data-end=\"1584\">\n<p data-start=\"1561\" data-end=\"1584\"><strong data-start=\"1561\" data-end=\"1568\">EU:<\/strong> ca. <strong data-start=\"1573\" data-end=\"1584\">10 Tage<\/strong><\/p>\n<\/li>\n<\/ul>\n<hr data-start=\"1631\" data-end=\"1634\" \/>\n<h2 data-start=\"1636\" data-end=\"1663\">Standardl\u00e4ngen &amp; Versand<\/h2>\n<ul data-start=\"1665\" data-end=\"1781\">\n<li data-start=\"1665\" data-end=\"1694\">\n<p data-start=\"1667\" data-end=\"1694\"><strong data-start=\"1667\" data-end=\"1674\">1 m<\/strong> \u2013 Standardversand<\/p>\n<\/li>\n<li data-start=\"1695\" data-end=\"1721\">\n<p data-start=\"1697\" data-end=\"1721\"><strong data-start=\"1697\" data-end=\"1704\">2 m<\/strong> \u2013 DHL Sperrgut<\/p>\n<\/li>\n<li data-start=\"1722\" data-end=\"1748\">\n<p data-start=\"1724\" data-end=\"1748\"><strong data-start=\"1724\" data-end=\"1731\">3 m<\/strong> \u2013 DHL Sperrgut<\/p>\n<\/li>\n<li data-start=\"1749\" data-end=\"1781\">\n<p data-start=\"1751\" data-end=\"1781\"><strong data-start=\"1751\" data-end=\"1758\">6 m<\/strong> \u2013 Camion \/ Spedition<\/p>\n<\/li>\n<\/ul>\n","protected":false},"excerpt":{"rendered":"<p>\u00d816 mm Edelstahlrohre \u2013 f\u00fcr Staketen, Zwischenst\u00e4be und Gel\u00e4nder, auf Wunsch massgenau zugeschnitten.<\/p>\n","protected":false},"featured_media":5667,"template":"","meta":{"_et_pb_use_builder":"","_et_pb_old_content":"","_et_gb_content_width":""},"product_brand":[274],"product_cat":[195,193,196],"product_tag":[331,328,327,329,330],"class_list":{"0":"post-5705","1":"product","2":"type-product","3":"status-publish","4":"has-post-thumbnail","6":"product_brand-lamifix","7":"product_cat-staufh","8":"product_cat-treppentechnik","9":"product_cat-zh","10":"product_tag-absturzsicherung-edelstahl","11":"product_tag-edelstahlrohre-16mm","12":"product_tag-edelstahlstaketen-16mm","13":"product_tag-staketen-fuer-ruecklaufgelaender","14":"product_tag-zwischenstaebe-edelstahl","15":"pa_mm-1m","16":"pa_mm-2m","17":"pa_mm-3m","18":"pa_mm-6m","20":"first","21":"instock","22":"taxable","23":"shipping-taxable","24":"purchasable","25":"product-type-variable"},"bundled_by":[],"bundle_stock_status":"instock","bundle_stock_quantity":null,"bundle_virtual":false,"bundle_layout":"","bundle_add_to_cart_form_location":"","bundle_editable_in_cart":false,"bundle_sold_individually_context":"","bundle_item_grouping":"","bundle_min_size":"","bundle_max_size":"","bundled_items":[],"bundle_sell_ids":[],"yoast_head":"<!-- This site is optimized with the Yoast SEO plugin v27.3 - https:\/\/yoast.com\/product\/yoast-seo-wordpress\/ -->\n<title>\u00d816mm Edelstahlrohre, Staketen f\u00fcr R\u00fccklaufgel\u00e4nder auf Mass bestellen - Lamifix Shop %<\/title>\n<meta name=\"description\" content=\"\u00d816 mm Edelstahlstaketen auf Mass f\u00fcr R\u00fccklaufgel\u00e4nder &amp; Absturzsicherung. Pr\u00e4zise zugeschnitten, entgratet, beschriftet und montagefertig geliefert.\" \/>\n<meta name=\"robots\" content=\"index, follow, max-snippet:-1, max-image-preview:large, max-video-preview:-1\" \/>\n<link rel=\"canonical\" href=\"https:\/\/shop.lamifix.ch\/fr\/produkt\/16mm-edelstahlstaketen-auf-mass-ruecklaufgelaender-lamifix\/\" \/>\n<meta property=\"og:locale\" content=\"fr_FR\" \/>\n<meta property=\"og:type\" content=\"article\" \/>\n<meta property=\"og:title\" content=\"\u00d816mm Edelstahlrohre, Staketen f\u00fcr R\u00fccklaufgel\u00e4nder auf Mass bestellen - Lamifix Shop %\" \/>\n<meta property=\"og:description\" content=\"\u00d816 mm Edelstahlstaketen auf Mass f\u00fcr R\u00fccklaufgel\u00e4nder &amp; Absturzsicherung. Pr\u00e4zise zugeschnitten, entgratet, beschriftet und montagefertig geliefert.\" \/>\n<meta property=\"og:url\" content=\"https:\/\/shop.lamifix.ch\/fr\/produkt\/16mm-edelstahlstaketen-auf-mass-ruecklaufgelaender-lamifix\/\" \/>\n<meta property=\"og:site_name\" content=\"Lamifix Shop\" \/>\n<meta property=\"article:modified_time\" content=\"2026-02-12T16:22:36+00:00\" \/>\n<meta property=\"og:image\" content=\"https:\/\/shop.lamifix.ch\/wp-content\/uploads\/2025\/12\/LF-3805.jpg\" \/>\n\t<meta property=\"og:image:width\" content=\"827\" \/>\n\t<meta property=\"og:image:height\" content=\"827\" \/>\n\t<meta property=\"og:image:type\" content=\"image\/jpeg\" \/>\n<meta name=\"twitter:card\" content=\"summary_large_image\" \/>\n<meta name=\"twitter:label1\" content=\"Dur\u00e9e de lecture estim\u00e9e\" \/>\n\t<meta name=\"twitter:data1\" content=\"2 minutes\" \/>\n<script type=\"application\/ld+json\" class=\"yoast-schema-graph\">{\"@context\":\"https:\\\/\\\/schema.org\",\"@graph\":[{\"@type\":\"WebPage\",\"@id\":\"https:\\\/\\\/shop.lamifix.ch\\\/fr\\\/produkt\\\/16mm-edelstahlstaketen-auf-mass-ruecklaufgelaender-lamifix\\\/\",\"url\":\"https:\\\/\\\/shop.lamifix.ch\\\/fr\\\/produkt\\\/16mm-edelstahlstaketen-auf-mass-ruecklaufgelaender-lamifix\\\/\",\"name\":\"\u00d816mm Edelstahlrohre, Staketen f\u00fcr R\u00fccklaufgel\u00e4nder auf Mass bestellen - Lamifix Shop %\",\"isPartOf\":{\"@id\":\"https:\\\/\\\/shop.lamifix.ch\\\/fr\\\/#website\"},\"primaryImageOfPage\":{\"@id\":\"https:\\\/\\\/shop.lamifix.ch\\\/fr\\\/produkt\\\/16mm-edelstahlstaketen-auf-mass-ruecklaufgelaender-lamifix\\\/#primaryimage\"},\"image\":{\"@id\":\"https:\\\/\\\/shop.lamifix.ch\\\/fr\\\/produkt\\\/16mm-edelstahlstaketen-auf-mass-ruecklaufgelaender-lamifix\\\/#primaryimage\"},\"thumbnailUrl\":\"https:\\\/\\\/shop.lamifix.ch\\\/wp-content\\\/uploads\\\/2025\\\/12\\\/LF-3805.jpg\",\"datePublished\":\"2025-12-17T07:24:53+00:00\",\"dateModified\":\"2026-02-12T16:22:36+00:00\",\"description\":\"\u00d816 mm Edelstahlstaketen auf Mass f\u00fcr R\u00fccklaufgel\u00e4nder & Absturzsicherung. Pr\u00e4zise zugeschnitten, entgratet, beschriftet und montagefertig geliefert.\",\"breadcrumb\":{\"@id\":\"https:\\\/\\\/shop.lamifix.ch\\\/fr\\\/produkt\\\/16mm-edelstahlstaketen-auf-mass-ruecklaufgelaender-lamifix\\\/#breadcrumb\"},\"inLanguage\":\"fr-FR\",\"potentialAction\":[{\"@type\":\"ReadAction\",\"target\":[\"https:\\\/\\\/shop.lamifix.ch\\\/fr\\\/produkt\\\/16mm-edelstahlstaketen-auf-mass-ruecklaufgelaender-lamifix\\\/\"]}]},{\"@type\":\"ImageObject\",\"inLanguage\":\"fr-FR\",\"@id\":\"https:\\\/\\\/shop.lamifix.ch\\\/fr\\\/produkt\\\/16mm-edelstahlstaketen-auf-mass-ruecklaufgelaender-lamifix\\\/#primaryimage\",\"url\":\"https:\\\/\\\/shop.lamifix.ch\\\/wp-content\\\/uploads\\\/2025\\\/12\\\/LF-3805.jpg\",\"contentUrl\":\"https:\\\/\\\/shop.lamifix.ch\\\/wp-content\\\/uploads\\\/2025\\\/12\\\/LF-3805.jpg\",\"width\":827,\"height\":827},{\"@type\":\"BreadcrumbList\",\"@id\":\"https:\\\/\\\/shop.lamifix.ch\\\/fr\\\/produkt\\\/16mm-edelstahlstaketen-auf-mass-ruecklaufgelaender-lamifix\\\/#breadcrumb\",\"itemListElement\":[{\"@type\":\"ListItem\",\"position\":1,\"name\":\"Home\",\"item\":\"https:\\\/\\\/shop.lamifix.ch\\\/fr\\\/\"},{\"@type\":\"ListItem\",\"position\":2,\"name\":\"Boutique\",\"item\":\"https:\\\/\\\/shop.lamifix.ch\\\/fr\\\/boutique\\\/\"},{\"@type\":\"ListItem\",\"position\":3,\"name\":\"\u00d816mm Edelstahlrohre, Staketen f\u00fcr R\u00fccklaufgel\u00e4nder auf Mass bestellen\"}]},{\"@type\":\"WebSite\",\"@id\":\"https:\\\/\\\/shop.lamifix.ch\\\/fr\\\/#website\",\"url\":\"https:\\\/\\\/shop.lamifix.ch\\\/fr\\\/\",\"name\":\"Lamifix Shop\",\"description\":\"Treppen und Stiegen-Elemente f\u00fcr den modernen Treppenbau\",\"publisher\":{\"@id\":\"https:\\\/\\\/shop.lamifix.ch\\\/fr\\\/#organization\"},\"potentialAction\":[{\"@type\":\"SearchAction\",\"target\":{\"@type\":\"EntryPoint\",\"urlTemplate\":\"https:\\\/\\\/shop.lamifix.ch\\\/fr\\\/?s={search_term_string}\"},\"query-input\":{\"@type\":\"PropertyValueSpecification\",\"valueRequired\":true,\"valueName\":\"search_term_string\"}}],\"inLanguage\":\"fr-FR\"},{\"@type\":\"Organization\",\"@id\":\"https:\\\/\\\/shop.lamifix.ch\\\/fr\\\/#organization\",\"name\":\"Lamifix Shop\",\"url\":\"https:\\\/\\\/shop.lamifix.ch\\\/fr\\\/\",\"logo\":{\"@type\":\"ImageObject\",\"inLanguage\":\"fr-FR\",\"@id\":\"https:\\\/\\\/shop.lamifix.ch\\\/fr\\\/#\\\/schema\\\/logo\\\/image\\\/\",\"url\":\"https:\\\/\\\/shop.lamifix.ch\\\/wp-content\\\/uploads\\\/2022\\\/09\\\/LF-Logo-ohne-Kreuz-scaled.jpg\",\"contentUrl\":\"https:\\\/\\\/shop.lamifix.ch\\\/wp-content\\\/uploads\\\/2022\\\/09\\\/LF-Logo-ohne-Kreuz-scaled.jpg\",\"width\":2560,\"height\":2084,\"caption\":\"Lamifix Shop\"},\"image\":{\"@id\":\"https:\\\/\\\/shop.lamifix.ch\\\/fr\\\/#\\\/schema\\\/logo\\\/image\\\/\"}}]}<\/script>\n<!-- \/ Yoast SEO plugin. -->","yoast_head_json":{"title":"\u00d816mm Edelstahlrohre, Staketen f\u00fcr R\u00fccklaufgel\u00e4nder auf Mass bestellen - Lamifix Shop %","description":"\u00d816 mm Edelstahlstaketen auf Mass f\u00fcr R\u00fccklaufgel\u00e4nder & Absturzsicherung. Pr\u00e4zise zugeschnitten, entgratet, beschriftet und montagefertig geliefert.","robots":{"index":"index","follow":"follow","max-snippet":"max-snippet:-1","max-image-preview":"max-image-preview:large","max-video-preview":"max-video-preview:-1"},"canonical":"https:\/\/shop.lamifix.ch\/fr\/produkt\/16mm-edelstahlstaketen-auf-mass-ruecklaufgelaender-lamifix\/","og_locale":"fr_FR","og_type":"article","og_title":"\u00d816mm Edelstahlrohre, Staketen f\u00fcr R\u00fccklaufgel\u00e4nder auf Mass bestellen - Lamifix Shop %","og_description":"\u00d816 mm Edelstahlstaketen auf Mass f\u00fcr R\u00fccklaufgel\u00e4nder & Absturzsicherung. Pr\u00e4zise zugeschnitten, entgratet, beschriftet und montagefertig geliefert.","og_url":"https:\/\/shop.lamifix.ch\/fr\/produkt\/16mm-edelstahlstaketen-auf-mass-ruecklaufgelaender-lamifix\/","og_site_name":"Lamifix Shop","article_modified_time":"2026-02-12T16:22:36+00:00","og_image":[{"width":827,"height":827,"url":"https:\/\/shop.lamifix.ch\/wp-content\/uploads\/2025\/12\/LF-3805.jpg","type":"image\/jpeg"}],"twitter_card":"summary_large_image","twitter_misc":{"Dur\u00e9e de lecture estim\u00e9e":"2 minutes"},"schema":{"@context":"https:\/\/schema.org","@graph":[{"@type":"WebPage","@id":"https:\/\/shop.lamifix.ch\/fr\/produkt\/16mm-edelstahlstaketen-auf-mass-ruecklaufgelaender-lamifix\/","url":"https:\/\/shop.lamifix.ch\/fr\/produkt\/16mm-edelstahlstaketen-auf-mass-ruecklaufgelaender-lamifix\/","name":"\u00d816mm Edelstahlrohre, Staketen f\u00fcr R\u00fccklaufgel\u00e4nder auf Mass bestellen - Lamifix Shop %","isPartOf":{"@id":"https:\/\/shop.lamifix.ch\/fr\/#website"},"primaryImageOfPage":{"@id":"https:\/\/shop.lamifix.ch\/fr\/produkt\/16mm-edelstahlstaketen-auf-mass-ruecklaufgelaender-lamifix\/#primaryimage"},"image":{"@id":"https:\/\/shop.lamifix.ch\/fr\/produkt\/16mm-edelstahlstaketen-auf-mass-ruecklaufgelaender-lamifix\/#primaryimage"},"thumbnailUrl":"https:\/\/shop.lamifix.ch\/wp-content\/uploads\/2025\/12\/LF-3805.jpg","datePublished":"2025-12-17T07:24:53+00:00","dateModified":"2026-02-12T16:22:36+00:00","description":"\u00d816 mm Edelstahlstaketen auf Mass f\u00fcr R\u00fccklaufgel\u00e4nder & Absturzsicherung. Pr\u00e4zise zugeschnitten, entgratet, beschriftet und montagefertig geliefert.","breadcrumb":{"@id":"https:\/\/shop.lamifix.ch\/fr\/produkt\/16mm-edelstahlstaketen-auf-mass-ruecklaufgelaender-lamifix\/#breadcrumb"},"inLanguage":"fr-FR","potentialAction":[{"@type":"ReadAction","target":["https:\/\/shop.lamifix.ch\/fr\/produkt\/16mm-edelstahlstaketen-auf-mass-ruecklaufgelaender-lamifix\/"]}]},{"@type":"ImageObject","inLanguage":"fr-FR","@id":"https:\/\/shop.lamifix.ch\/fr\/produkt\/16mm-edelstahlstaketen-auf-mass-ruecklaufgelaender-lamifix\/#primaryimage","url":"https:\/\/shop.lamifix.ch\/wp-content\/uploads\/2025\/12\/LF-3805.jpg","contentUrl":"https:\/\/shop.lamifix.ch\/wp-content\/uploads\/2025\/12\/LF-3805.jpg","width":827,"height":827},{"@type":"BreadcrumbList","@id":"https:\/\/shop.lamifix.ch\/fr\/produkt\/16mm-edelstahlstaketen-auf-mass-ruecklaufgelaender-lamifix\/#breadcrumb","itemListElement":[{"@type":"ListItem","position":1,"name":"Home","item":"https:\/\/shop.lamifix.ch\/fr\/"},{"@type":"ListItem","position":2,"name":"Boutique","item":"https:\/\/shop.lamifix.ch\/fr\/boutique\/"},{"@type":"ListItem","position":3,"name":"\u00d816mm Edelstahlrohre, Staketen f\u00fcr R\u00fccklaufgel\u00e4nder auf Mass bestellen"}]},{"@type":"WebSite","@id":"https:\/\/shop.lamifix.ch\/fr\/#website","url":"https:\/\/shop.lamifix.ch\/fr\/","name":"Lamifix Shop","description":"Treppen und Stiegen-Elemente f\u00fcr den modernen Treppenbau","publisher":{"@id":"https:\/\/shop.lamifix.ch\/fr\/#organization"},"potentialAction":[{"@type":"SearchAction","target":{"@type":"EntryPoint","urlTemplate":"https:\/\/shop.lamifix.ch\/fr\/?s={search_term_string}"},"query-input":{"@type":"PropertyValueSpecification","valueRequired":true,"valueName":"search_term_string"}}],"inLanguage":"fr-FR"},{"@type":"Organization","@id":"https:\/\/shop.lamifix.ch\/fr\/#organization","name":"Lamifix Shop","url":"https:\/\/shop.lamifix.ch\/fr\/","logo":{"@type":"ImageObject","inLanguage":"fr-FR","@id":"https:\/\/shop.lamifix.ch\/fr\/#\/schema\/logo\/image\/","url":"https:\/\/shop.lamifix.ch\/wp-content\/uploads\/2022\/09\/LF-Logo-ohne-Kreuz-scaled.jpg","contentUrl":"https:\/\/shop.lamifix.ch\/wp-content\/uploads\/2022\/09\/LF-Logo-ohne-Kreuz-scaled.jpg","width":2560,"height":2084,"caption":"Lamifix Shop"},"image":{"@id":"https:\/\/shop.lamifix.ch\/fr\/#\/schema\/logo\/image\/"}}]}},"tiered_pricing_type":"fixed","tiered_pricing_fixed_rules":[],"tiered_pricing_product_settings":{"layout":"default","base_unit_name":{"singular":null,"plural":null},"default_variation":null},"tiered_pricing_minimum_quantity":null,"tiered_pricing_roles_data":[],"tiered_pricing_percentage_rules":[],"_links":{"self":[{"href":"https:\/\/shop.lamifix.ch\/fr\/wp-json\/wp\/v2\/product\/5705","targetHints":{"allow":["GET"]}}],"collection":[{"href":"https:\/\/shop.lamifix.ch\/fr\/wp-json\/wp\/v2\/product"}],"about":[{"href":"https:\/\/shop.lamifix.ch\/fr\/wp-json\/wp\/v2\/types\/product"}],"wp:featuredmedia":[{"embeddable":true,"href":"https:\/\/shop.lamifix.ch\/fr\/wp-json\/wp\/v2\/media\/5667"}],"wp:attachment":[{"href":"https:\/\/shop.lamifix.ch\/fr\/wp-json\/wp\/v2\/media?parent=5705"}],"wp:term":[{"taxonomy":"product_brand","embeddable":true,"href":"https:\/\/shop.lamifix.ch\/fr\/wp-json\/wp\/v2\/product_brand?post=5705"},{"taxonomy":"product_cat","embeddable":true,"href":"https:\/\/shop.lamifix.ch\/fr\/wp-json\/wp\/v2\/product_cat?post=5705"},{"taxonomy":"product_tag","embeddable":true,"href":"https:\/\/shop.lamifix.ch\/fr\/wp-json\/wp\/v2\/product_tag?post=5705"}],"curies":[{"name":"wp","href":"https:\/\/api.w.org\/{rel}","templated":true}]}}